{"id":80769,"date":"2023-07-16T13:13:48","date_gmt":"2023-07-16T11:13:48","guid":{"rendered":"https:\/\/fysiolab.dk\/product\/aircast-actytoe-lift\/"},"modified":"2025-12-18T09:22:14","modified_gmt":"2025-12-18T08:22:14","slug":"aircast-actytoe-lift","status":"publish","type":"product","link":"https:\/\/fysiolab.dk\/no\/product\/aircast-actytoe-lift\/","title":{"rendered":"AirCast ActyToe Lift"},"content":{"rendered":"<h4><strong>Optimal anvendelse<\/strong><\/h4>\n<p>Polstret midtfotskinne med pute p\u00e5 undersiden som l\u00f8fter og stabiliserer mellomfotsknoklene og st\u00f8tter tverrbuen for \u00e5 gi smertelindring ved tilstander som f.eks:<\/p>\n<ul>\n<li>Hallux Valgus (mild tilstand)<\/li>\n<li>Flatfot<\/li>\n<li>Metatarsalgi (nedsunket forfot)<\/li>\n<li>Betennelse ved mellomfotsbeina<\/li>\n<\/ul>\n<p><strong>Funksjoner<\/strong><\/p>\n<ul>\n<li>Ergonomisk design<\/li>\n<li>Justerbar stropp i tynt og mykt materiale<\/li>\n<li>Pute for \u00e5 st\u00f8tte armbr\u00f8stet<\/li>\n<li>Kan brukes med eller uten sko<\/li>\n<li>Passer b\u00e5de h\u00f8yre og venstre fot<\/li>\n<li>Universell st\u00f8rrelse<\/li>\n<\/ul>\n<p><strong>St\u00f8rrelsesguide<\/strong><\/p>\n<p><strong>Universell st\u00f8rrelse som tilpasser seg den enkelte<\/strong><\/p>\n","protected":false},"excerpt":{"rendered":"<p><strong>Polstret midtfotskinne med pute p\u00e5 undersiden som l\u00f8fter og stabiliserer mellomfotsknoklene og st\u00f8tter tverrbuen for \u00e5 gi smertelindring ved tilstander som f.eks: <\/strong><strong>Hallux Valgus (mild tilstand), p<\/strong><strong>lat fot, m<\/strong><strong>etatarsalgi (nedsunket forfot) og i<\/strong><strong>nflammasjon ved mellomfotsknoklene<\/strong><\/p>\n","protected":false},"featured_media":80773,"comment_status":"closed","ping_status":"closed","template":"","meta":{"_acf_changed":false},"product_brand":[3092],"product_cat":[2129,2481,1992,2031,2516,2057,2054,2056,1948,1937,2003,2033,1933,1994,2055],"product_tag":[2614],"class_list":{"0":"post-80769","1":"product","2":"type-product","3":"status-publish","4":"has-post-thumbnail","6":"product_brand-aircast","7":"product_cat-aircast-no","8":"product_cat-aircast-taaskinner","9":"product_cat-ankelskinne","10":"product_cat-bunion-paa-fot-og-ankel","11":"product_cat-flatfot-no","12":"product_cat-flatfot","13":"product_cat-innsunket-forfot","14":"product_cat-innsunket-forfot-no","15":"product_cat-klinikk","16":"product_cat-merkevarer","17":"product_cat-saaler-og-fotpleie","18":"product_cat-skinne-for-liktorn","19":"product_cat-skinner-og-stoetteskinner","20":"product_cat-sko-og-saaler-no","21":"product_cat-smerter-i-fotbuen","22":"product_tag-aircast-no","24":"first","25":"instock","26":"taxable","27":"shipping-taxable","28":"purchasable","29":"product-type-simple"},"acf":[],"_links":{"self":[{"href":"https:\/\/fysiolab.dk\/no\/wp-json\/wp\/v2\/product\/80769","targetHints":{"allow":["GET"]}}],"collection":[{"href":"https:\/\/fysiolab.dk\/no\/wp-json\/wp\/v2\/product"}],"about":[{"href":"https:\/\/fysiolab.dk\/no\/wp-json\/wp\/v2\/types\/product"}],"replies":[{"embeddable":true,"href":"https:\/\/fysiolab.dk\/no\/wp-json\/wp\/v2\/comments?post=80769"}],"wp:featuredmedia":[{"embeddable":true,"href":"https:\/\/fysiolab.dk\/no\/wp-json\/wp\/v2\/media\/80773"}],"wp:attachment":[{"href":"https:\/\/fysiolab.dk\/no\/wp-json\/wp\/v2\/media?parent=80769"}],"wp:term":[{"taxonomy":"product_brand","embeddable":true,"href":"https:\/\/fysiolab.dk\/no\/wp-json\/wp\/v2\/product_brand?post=80769"},{"taxonomy":"product_cat","embeddable":true,"href":"https:\/\/fysiolab.dk\/no\/wp-json\/wp\/v2\/product_cat?post=80769"},{"taxonomy":"product_tag","embeddable":true,"href":"https:\/\/fysiolab.dk\/no\/wp-json\/wp\/v2\/product_tag?post=80769"}],"curies":[{"name":"wp","href":"https:\/\/api.w.org\/{rel}","templated":true}]}}