{"id":80772,"date":"2023-07-16T13:14:11","date_gmt":"2023-07-16T11:14:11","guid":{"rendered":"https:\/\/fysiolab.dk\/product\/energy-gel-cola-24-stk\/"},"modified":"2025-12-18T09:22:13","modified_gmt":"2025-12-18T08:22:13","slug":"energy-gel-cola-24-stk","status":"publish","type":"product","link":"https:\/\/fysiolab.dk\/no\/product\/energy-gel-cola-24-stk\/","title":{"rendered":"Energy Gel Cola 12 x 40 g"},"content":{"rendered":"<div id=\"tabs-pane1\" class=\"pane m-product-additional-info description clearfix\">\n<div class=\"emp_addtocartevent\" data-controller=\"description\">\n<p>ENERGY GEL med colasmak gir deg ekstra kraft til kroppens muskler n\u00e5r du trenger det. Med hele 69 % raske karbohydrater f\u00e5r du en st\u00f8rre energiboost enn fra andre energiprodukter. <\/p>\n<p>PurePowers ENERGY GEL er utviklet i tett samarbeid med danske idrettsut\u00f8vere. Dette gir deg et produkt som er enda enklere \u00e5 bruke under trening og konkurranse. Bare \u00e5pne posen, nyt den gode smaken av cola og kjenn energien som holder deg i gang hele veien til m\u00e5lstreken.  <\/p>\n<p>Med hele 69 % raske karbohydrater fra lettford\u00f8yelig fruktose og maltodekstrin gir ENERGY GEL deg et betydelig mer konsentrert karbohydratinntak enn du kan f\u00e5 fra energidrikker og energibarer.<\/p>\n<h4>Du trenger ikke \u00e5 stoppe<\/h4>\n<p>Samtidig er produktet litt mer flytende enn lignende gelprodukter. Dette gj\u00f8r det mye enklere \u00e5 innta uten \u00e5 m\u00e5tte stoppe opp. Samtidig slipper du \u00e5 skylle etter med vann fra vannflasken.  <\/p>\n<p>Det betyr at du ikke mister like mye fokus og kan komme raskere inn i flyten igjen. I tillegg er det tryggere \u00e5 innta hvis du for eksempel sykler eller l\u00f8per. <\/p>\n<h4>Skal tas minst 30 minutter f\u00f8r<\/h4>\n<p>Forvent \u00e5 innta ENERGY GEL omtrent en halv til en hel time f\u00f8r du trenger den \u00f8nskede energiboosten.<\/p>\n<p>Det er imidlertid stoffskiftet ditt som avgj\u00f8r hvor raskt du vil kjenne effekten av ENERGY GEL colasmak. Derfor er det lurt \u00e5 teste det ut under en trenings\u00f8kt eller to f\u00f8r du trenger det til en viktig konkurranse. Da kan du bedre planlegge n\u00f8yaktig n\u00e5r du trenger \u00e5 innta produktet for \u00e5 f\u00e5 maksimal effekt - for eksempel til spurten p\u00e5 et langt l\u00f8p eller en lang sykkeltur.  <\/p>\n<p>Det betyr ogs\u00e5 at du b\u00f8r innta ENERGY GEL f\u00f8r du starter hvis du trenger energitilskuddet til en kortere trenings\u00f8kt eller som en boost til en kortere konkurranse.<\/p>\n<h4>Bestill ENERGY GEL med colasmak hos FysioLab<\/h4>\n<p>N\u00e5r du kj\u00f8per PurePower kosttilskudd, f\u00e5r du produkter som er danske hele veien fra produktutvikling til testing og produksjon.<\/p>\n<p>Alle produktene v\u00e5re er utviklet og testet av danske idrettsut\u00f8vere. De produseres ogs\u00e5 i Danmark under kontrollerte forhold. <\/p>\n<p>Dette gir deg st\u00f8rst mulig sikkerhet for at du kj\u00f8per et produkt som gir optimal effekt i den aktuelle situasjonen. Og som du kan v\u00e6re sikker p\u00e5 at overholder alle forskrifter for sportstilskudd. <\/p>\n<p>Bestill ENERGY GEL med colasmak i dag og motta den i l\u00f8pet av 1-3 virkedager. Slik at du kan ha nok energi til \u00e5 komme deg hele veien til m\u00e5lstreken! <\/p>\n<\/div>\n<\/div>\n<p>&nbsp;<\/p>\n<p>&nbsp;<\/p>\n<p>&nbsp;<\/p>\n<p>F\u00f8lgende informasjon gjelder for alle kosttilskuddsprodukter:<\/p>\n<ul type=\"disc\">\n<li><span lang=\"DA\">Produktet m\u00e5 ikke brukes av eller selges til personer under 18 \u00e5r.<u><\/u><u><\/u><\/span><\/li>\n<li><span lang=\"DA\">Hvis du har en alvorlig sykdom eller bruker reseptbelagte medisiner, b\u00f8r du r\u00e5df\u00f8re deg med lege f\u00f8r bruk.<u><\/u><u><\/u><\/span><\/li>\n<li><span lang=\"DA\">Uttalelsene p\u00e5 nettstedet er ikke gjennomg\u00e5tt av den danske L\u00e6gemiddel- og F\u00f8devarestyrelsen.<u><\/u><u><\/u><\/span><\/li>\n<li><span lang=\"DA\">Produktet er ikke ment \u00e5 diagnostisere, behandle, kurere eller forebygge noen sykdom.<u><\/u><u><\/u><\/span><\/li>\n<li><span lang=\"DA\">Resultatene kan variere og vil ikke v\u00e6re de samme for alle<\/span><\/li>\n<\/ul>\n","protected":false},"excerpt":{"rendered":"<p><strong>PurePowers Energy Gels inneholder karbohydrater som absorberes raskt og enkelt av kroppen. Under hardt arbeid kan det v\u00e6re n\u00f8dvendig \u00e5 fylle p\u00e5 energilagrene p\u00e5 kort sikt for \u00e5 unng\u00e5 plutselige blodsukkerfall. <\/strong><\/p>\n","protected":false},"featured_media":80776,"comment_status":"closed","ping_status":"closed","template":"","meta":{"_acf_changed":false},"product_brand":[],"product_cat":[2468,2478,2232,1937,2471],"product_tag":[2469],"class_list":{"0":"post-80772","1":"product","2":"type-product","3":"status-publish","4":"has-post-thumbnail","6":"product_cat-gel-og-tyggegummi","7":"product_cat-geler","8":"product_cat-kosttilskudd","9":"product_cat-merkevarer","10":"product_cat-ren-kraft","11":"product_tag-ren-kraft","13":"first","14":"instock","15":"taxable","16":"shipping-taxable","17":"purchasable","18":"product-type-simple"},"acf":[],"_links":{"self":[{"href":"https:\/\/fysiolab.dk\/no\/wp-json\/wp\/v2\/product\/80772","targetHints":{"allow":["GET"]}}],"collection":[{"href":"https:\/\/fysiolab.dk\/no\/wp-json\/wp\/v2\/product"}],"about":[{"href":"https:\/\/fysiolab.dk\/no\/wp-json\/wp\/v2\/types\/product"}],"replies":[{"embeddable":true,"href":"https:\/\/fysiolab.dk\/no\/wp-json\/wp\/v2\/comments?post=80772"}],"wp:featuredmedia":[{"embeddable":true,"href":"https:\/\/fysiolab.dk\/no\/wp-json\/wp\/v2\/media\/80776"}],"wp:attachment":[{"href":"https:\/\/fysiolab.dk\/no\/wp-json\/wp\/v2\/media?parent=80772"}],"wp:term":[{"taxonomy":"product_brand","embeddable":true,"href":"https:\/\/fysiolab.dk\/no\/wp-json\/wp\/v2\/product_brand?post=80772"},{"taxonomy":"product_cat","embeddable":true,"href":"https:\/\/fysiolab.dk\/no\/wp-json\/wp\/v2\/product_cat?post=80772"},{"taxonomy":"product_tag","embeddable":true,"href":"https:\/\/fysiolab.dk\/no\/wp-json\/wp\/v2\/product_tag?post=80772"}],"curies":[{"name":"wp","href":"https:\/\/api.w.org\/{rel}","templated":true}]}}