{"id":80780,"date":"2023-07-16T13:13:47","date_gmt":"2023-07-16T11:13:47","guid":{"rendered":"https:\/\/fysiolab.dk\/product\/energy-snack-tranebaer-12-stk\/"},"modified":"2025-12-18T09:22:14","modified_gmt":"2025-12-18T08:22:14","slug":"energy-snack-tranebaer-12-stk","status":"publish","type":"product","link":"https:\/\/fysiolab.dk\/no\/product\/energy-snack-tranebaer-12-stk\/","title":{"rendered":"Energy Snack Traneb\u00e6r - 12 stk."},"content":{"rendered":"<p>Pure Power`s Energy Snack med traneb\u00e6r og fr\u00f8 er en innovativ energibar som kombinerer s\u00f8dme med syrlige b\u00e6r. Kombinasjonen av s\u00f8dme og t\u00f8rkede traneb\u00e6r gir en syrlig smak, toppet med knasende gresskarkjerner og solsikkefr\u00f8. <\/p>\n<p>Denne energibarren fyller energidepotet ditt med b\u00e5de komplekse og enkle karbohydrater som kan brukes b\u00e5de f\u00f8r og under trening\/konkurranse.<\/p>\n<div>\n<p>Pure Power`s Energy Snack har et relativt h\u00f8yt innhold av vegetabilsk fett, da ekstreme langdistanseut\u00f8vere ofte forbrenner fett i kombinasjon med karbohydrater og fett.<\/p>\n<p>Se mer om innholdet i disse deilige energisnacksene under <strong>spesifikasjoner<\/strong>.<\/p>\n<\/div>\n<p>&nbsp;<\/p>\n<p>&nbsp;<\/p>\n<p>F\u00f8lgende informasjon gjelder for alle kosttilskuddsprodukter:<\/p>\n<ul type=\"disc\">\n<li><span lang=\"DA\">Produktet m\u00e5 ikke brukes av eller selges til personer under 18 \u00e5r.<u><\/u><u><\/u><\/span><\/li>\n<li><span lang=\"DA\">Hvis du har en alvorlig sykdom eller bruker reseptbelagte medisiner, b\u00f8r du r\u00e5df\u00f8re deg med lege f\u00f8r bruk.<u><\/u><u><\/u><\/span><\/li>\n<li><span lang=\"DA\">Uttalelsene p\u00e5 nettstedet er ikke gjennomg\u00e5tt av den danske L\u00e6gemiddel- og F\u00f8devarestyrelsen.<u><\/u><u><\/u><\/span><\/li>\n<li><span lang=\"DA\">Produktet er ikke ment \u00e5 diagnostisere, behandle, kurere eller forebygge noen sykdom.<u><\/u><u><\/u><\/span><\/li>\n<li><span lang=\"DA\">Resultatene kan variere og vil ikke v\u00e6re de samme for alle<\/span><\/li>\n<\/ul>\n<div class=\"row\">\n<div class=\"col-s-4 col-m-6 col-l-6 col-xl-12\" data-mh=\"text-item\">\n<div><\/div>\n<\/div>\n<\/div>\n","protected":false},"excerpt":{"rendered":"<div><strong><em>Hvorfor Energy Snack med traneb\u00e6r og fr\u00f8?  <\/em><\/strong><\/div>\n<ul>\n<li>\n<div><strong>Lett \u00e5 spise uten \u00e5 innta mye v\u00e6ske<\/strong><\/div>\n<\/li>\n<li>\n<div><strong>S\u00f8dme kombinert med syrlige treb\u00e6r og knasende spr\u00f8het fra gresskarkjerner og solsikkefr\u00f8<\/strong><\/div>\n<\/li>\n<li>\n<div><strong>Perfekt for triatleter, syklister, sv\u00f8mmere eller andre idretter som krever ekstra energi<\/strong><\/div>\n<\/li>\n<\/ul>\n","protected":false},"featured_media":80782,"comment_status":"closed","ping_status":"closed","template":"","meta":{"_acf_changed":false},"product_brand":[],"product_cat":[2473,2474,2232,1937,2471],"product_tag":[2469],"class_list":{"0":"post-80780","1":"product","2":"type-product","3":"status-publish","4":"has-post-thumbnail","6":"product_cat-energibar-no","7":"product_cat-energibar-no-2","8":"product_cat-kosttilskudd","9":"product_cat-merkevarer","10":"product_cat-ren-kraft","11":"product_tag-ren-kraft","13":"first","14":"instock","15":"taxable","16":"shipping-taxable","17":"purchasable","18":"product-type-simple"},"acf":[],"_links":{"self":[{"href":"https:\/\/fysiolab.dk\/no\/wp-json\/wp\/v2\/product\/80780","targetHints":{"allow":["GET"]}}],"collection":[{"href":"https:\/\/fysiolab.dk\/no\/wp-json\/wp\/v2\/product"}],"about":[{"href":"https:\/\/fysiolab.dk\/no\/wp-json\/wp\/v2\/types\/product"}],"replies":[{"embeddable":true,"href":"https:\/\/fysiolab.dk\/no\/wp-json\/wp\/v2\/comments?post=80780"}],"wp:featuredmedia":[{"embeddable":true,"href":"https:\/\/fysiolab.dk\/no\/wp-json\/wp\/v2\/media\/80782"}],"wp:attachment":[{"href":"https:\/\/fysiolab.dk\/no\/wp-json\/wp\/v2\/media?parent=80780"}],"wp:term":[{"taxonomy":"product_brand","embeddable":true,"href":"https:\/\/fysiolab.dk\/no\/wp-json\/wp\/v2\/product_brand?post=80780"},{"taxonomy":"product_cat","embeddable":true,"href":"https:\/\/fysiolab.dk\/no\/wp-json\/wp\/v2\/product_cat?post=80780"},{"taxonomy":"product_tag","embeddable":true,"href":"https:\/\/fysiolab.dk\/no\/wp-json\/wp\/v2\/product_tag?post=80780"}],"curies":[{"name":"wp","href":"https:\/\/api.w.org\/{rel}","templated":true}]}}