{"id":80781,"date":"2023-07-16T13:14:11","date_gmt":"2023-07-16T11:14:11","guid":{"rendered":"https:\/\/fysiolab.dk\/product\/energy-gel-citrus-tea-24-stk\/"},"modified":"2025-12-18T09:22:13","modified_gmt":"2025-12-18T08:22:13","slug":"energy-gel-citrus-tea-24-stk","status":"publish","type":"product","link":"https:\/\/fysiolab.dk\/no\/product\/energy-gel-citrus-tea-24-stk\/","title":{"rendered":"Energy Gel Citrus\/Gr\u00f8nn te 12&#215;40 g"},"content":{"rendered":"<p>Med ENERGY GEL med smak av sitruste f\u00e5r du et enkelt inntak av raske karbohydrater som gir ny energi til kroppens muskler. Perfekt for \u00e5 gi deg ekstra kraft til \u00e5 holde deg i gang hele veien til m\u00e5lstreken. <\/p>\n<p>Energy Gel gir deg raske karbohydrater p\u00e5 en enkel og velsmakende m\u00e5te. Bare \u00e5pne den og nyt smaken av den forfriskende sitrusteen. <\/p>\n<p>Dette gir deg en ekstra energiboost i en mer konsentrert form enn en energidrikk eller energibar. Perfekt n\u00e5r energilagrene er tomme under langvarig trening eller konkurranse. Eller hvis du trenger ekstra energi til en kortere prestasjon. Konsistensen er flytende og kan inntas uten v\u00e6ske.   <\/p>\n<h4>Lett \u00e5 konsumere uten \u00e5 stoppe<\/h4>\n<p>ENERGY GEL med smak av sitruste er utviklet i samarbeid med danske idrettsut\u00f8vere. Derfor er den litt mer flytende enn lignende produkter. Det gj\u00f8r den enklere og raskere \u00e5 innta p\u00e5 farten uten \u00e5 m\u00e5tte stoppe opp. Og du slipper \u00e5 skylle den ned med en slurk vann fra vannflasken.   <\/p>\n<p>Det h\u00f8ye innholdet av 69 % hurtigvirkende karbohydrater fra maltodextrin og fruktose gj\u00f8r det enkelt for kroppen \u00e5 omdanne karbohydrater til energi raskt.<\/p>\n<h4>Ta minst 30 minutter f\u00f8r n\u00f8dvendig<\/h4>\n<p>Hvor raskt du kjenner effekten av ENERGY GEL, avhenger imidlertid helt og holdent av hvor raskt stoffskiftet ditt klarer \u00e5 bearbeide karbohydratene. Derfor anbefaler vi at du inntar en ENERGY GEL minst 30 minutter f\u00f8r du trenger effekten. <\/p>\n<p>S\u00e5 hvis du trenger en energiboost til en kortere trenings\u00f8kt eller en kortere distanse, b\u00f8r du innta ENERGY GEL f\u00f8r du starter trenings\u00f8kten eller konkurransen.<\/p>\n<p>Hvis du bruker ENERGY GEL til en lang trenings\u00f8kt eller utholdenhetsidrett, b\u00f8r du planlegge inntaket slik at du tar det ca. 30 minutter f\u00f8r du trenger det.<\/p>\n<p>Test bruk av ENERGY GEL i en trenings\u00f8kt f\u00f8r en viktig konkurranse, for eksempel. Da vet du n\u00f8yaktig n\u00e5r du kjenner effekten, og du kan planlegge inntaket av ENERGY GEL bedre under selve konkurransen. <\/p>\n<h4>Bestill ENERGY GEL med smak av sitruste<\/h4>\n<p>N\u00e5r du kj\u00f8per PurePowers ENERGY GEL, f\u00e5r du et produkt som er utviklet i samarbeid med danske idrettsut\u00f8vere. Det gir deg en gel som b\u00e5de er enklere \u00e5 bruke under trening og konkurranse og som har en mye bedre effekt. <\/p>\n<p>Samtidig f\u00e5r du et produkt som er produsert under kontrollerte forhold i Danmark. Derfor kan du v\u00e6re sikker p\u00e5 at det er i samsvar med Sundhedsstyrelsens strenge regler for kosttilskudd og mat til idrettsut\u00f8vere. <\/p>\n<p>Dette gj\u00f8r det ekstra trygt \u00e5 velge ENERGY GEL fra PurePower!<\/p>\n<p>Bestill ENERGY GEL med smak av sitruste i dag, og se frem til \u00e5 innta en konsentrert energiboost i l\u00f8pet av 1-3 virkedager.<\/p>\n<p>&nbsp;<\/p>\n<p>&nbsp;<\/p>\n<p>F\u00f8lgende informasjon gjelder for alle kosttilskuddsprodukter:<\/p>\n<ul type=\"disc\">\n<li><span lang=\"DA\">Produktet m\u00e5 ikke brukes av eller selges til personer under 18 \u00e5r.<u><\/u><u><\/u><\/span><\/li>\n<li><span lang=\"DA\">Hvis du har en alvorlig sykdom eller bruker reseptbelagte medisiner, b\u00f8r du r\u00e5df\u00f8re deg med lege f\u00f8r bruk.<u><\/u><u><\/u><\/span><\/li>\n<li><span lang=\"DA\">Uttalelsene p\u00e5 nettstedet er ikke gjennomg\u00e5tt av den danske L\u00e6gemiddel- og F\u00f8devarestyrelsen.<u><\/u><u><\/u><\/span><\/li>\n<li><span lang=\"DA\">Produktet er ikke ment \u00e5 diagnostisere, behandle, kurere eller forebygge noen sykdom.<u><\/u><u><\/u><\/span><\/li>\n<li><span lang=\"DA\">Resultatene kan variere og vil ikke v\u00e6re de samme for alle<\/span><\/li>\n<\/ul>\n<div class=\"row\">\n<div class=\"col-s-4 col-m-6 col-l-6 col-xl-12\" data-mh=\"text-item\">\n<p><strong> <\/strong><\/p>\n<\/div>\n<\/div>\n","protected":false},"excerpt":{"rendered":"<p><strong>PurePowers Energy Gels inneholder karbohydrater som absorberes raskt og enkelt av kroppen. Under hardt arbeid kan det v\u00e6re n\u00f8dvendig \u00e5 fylle p\u00e5 energilagrene p\u00e5 kort sikt for \u00e5 unng\u00e5 plutselige blodsukkerfall. <\/strong><\/p>\n","protected":false},"featured_media":80784,"comment_status":"closed","ping_status":"closed","template":"","meta":{"_acf_changed":false},"product_brand":[],"product_cat":[2468,2478,2232,1937,2471],"product_tag":[2469],"class_list":{"0":"post-80781","1":"product","2":"type-product","3":"status-publish","4":"has-post-thumbnail","6":"product_cat-gel-og-tyggegummi","7":"product_cat-geler","8":"product_cat-kosttilskudd","9":"product_cat-merkevarer","10":"product_cat-ren-kraft","11":"product_tag-ren-kraft","13":"first","14":"instock","15":"taxable","16":"shipping-taxable","17":"purchasable","18":"product-type-simple"},"acf":[],"_links":{"self":[{"href":"https:\/\/fysiolab.dk\/no\/wp-json\/wp\/v2\/product\/80781","targetHints":{"allow":["GET"]}}],"collection":[{"href":"https:\/\/fysiolab.dk\/no\/wp-json\/wp\/v2\/product"}],"about":[{"href":"https:\/\/fysiolab.dk\/no\/wp-json\/wp\/v2\/types\/product"}],"replies":[{"embeddable":true,"href":"https:\/\/fysiolab.dk\/no\/wp-json\/wp\/v2\/comments?post=80781"}],"wp:featuredmedia":[{"embeddable":true,"href":"https:\/\/fysiolab.dk\/no\/wp-json\/wp\/v2\/media\/80784"}],"wp:attachment":[{"href":"https:\/\/fysiolab.dk\/no\/wp-json\/wp\/v2\/media?parent=80781"}],"wp:term":[{"taxonomy":"product_brand","embeddable":true,"href":"https:\/\/fysiolab.dk\/no\/wp-json\/wp\/v2\/product_brand?post=80781"},{"taxonomy":"product_cat","embeddable":true,"href":"https:\/\/fysiolab.dk\/no\/wp-json\/wp\/v2\/product_cat?post=80781"},{"taxonomy":"product_tag","embeddable":true,"href":"https:\/\/fysiolab.dk\/no\/wp-json\/wp\/v2\/product_tag?post=80781"}],"curies":[{"name":"wp","href":"https:\/\/api.w.org\/{rel}","templated":true}]}}