{"id":80786,"date":"2023-07-16T13:12:33","date_gmt":"2023-07-16T11:12:33","guid":{"rendered":"https:\/\/fysiolab.dk\/product\/sissel-sitfit-pute\/"},"modified":"2025-12-18T09:22:15","modified_gmt":"2025-12-18T08:22:15","slug":"sissel-sitfit-pute","status":"publish","type":"product","link":"https:\/\/fysiolab.dk\/no\/product\/sissel-sitfit-pute\/","title":{"rendered":"SISSEL SitFit-pute"},"content":{"rendered":"<p>SISSEL SitFit er en dynamisk pute som gir deg en god og riktig sittestilling samtidig som du aktiverer rygg- og bekkenmuskulaturen. Puten gir ogs\u00e5 avlastning for korsryggen. Ventilen p\u00e5 undersiden gj\u00f8r at du selv kan justere h\u00f8yden p\u00e5 puten.  <\/p>\n<p><strong>St\u00f8rrelse: 36 cm i diameter<\/strong><\/p>\n<p><strong>Farge: Svart<\/strong><\/p>\n<p>Fri for ftalater<\/p>\n","protected":false},"excerpt":{"rendered":"<p><strong>SISSEL SitFit er en dynamisk pute som gir deg en god og riktig sittestilling samtidig som du aktiverer rygg- og bekkenmuskulaturen. Puten gir ogs\u00e5 avlastning for korsryggen. Ventilen p\u00e5 undersiden gj\u00f8r at du selv kan justere h\u00f8yden p\u00e5 puten.  <\/strong><\/p>\n","protected":false},"featured_media":80791,"comment_status":"closed","ping_status":"closed","template":"","meta":{"_acf_changed":false},"product_brand":[],"product_cat":[2020,1948,1937,2517,2520,1941,2518,2519],"product_tag":[2521],"class_list":{"0":"post-80786","1":"product","2":"type-product","3":"status-publish","4":"has-post-thumbnail","6":"product_cat-julegaveideer-no","7":"product_cat-klinikk","8":"product_cat-merkevarer","9":"product_cat-pulver","10":"product_cat-puter-og-ergonomi","11":"product_cat-rekonvalesens-og-sportspleie","12":"product_cat-sissel-no","13":"product_cat-sissel-puter","14":"product_tag-sissel-no","16":"first","17":"instock","18":"taxable","19":"shipping-taxable","20":"purchasable","21":"product-type-simple"},"acf":[],"_links":{"self":[{"href":"https:\/\/fysiolab.dk\/no\/wp-json\/wp\/v2\/product\/80786","targetHints":{"allow":["GET"]}}],"collection":[{"href":"https:\/\/fysiolab.dk\/no\/wp-json\/wp\/v2\/product"}],"about":[{"href":"https:\/\/fysiolab.dk\/no\/wp-json\/wp\/v2\/types\/product"}],"replies":[{"embeddable":true,"href":"https:\/\/fysiolab.dk\/no\/wp-json\/wp\/v2\/comments?post=80786"}],"wp:featuredmedia":[{"embeddable":true,"href":"https:\/\/fysiolab.dk\/no\/wp-json\/wp\/v2\/media\/80791"}],"wp:attachment":[{"href":"https:\/\/fysiolab.dk\/no\/wp-json\/wp\/v2\/media?parent=80786"}],"wp:term":[{"taxonomy":"product_brand","embeddable":true,"href":"https:\/\/fysiolab.dk\/no\/wp-json\/wp\/v2\/product_brand?post=80786"},{"taxonomy":"product_cat","embeddable":true,"href":"https:\/\/fysiolab.dk\/no\/wp-json\/wp\/v2\/product_cat?post=80786"},{"taxonomy":"product_tag","embeddable":true,"href":"https:\/\/fysiolab.dk\/no\/wp-json\/wp\/v2\/product_tag?post=80786"}],"curies":[{"name":"wp","href":"https:\/\/api.w.org\/{rel}","templated":true}]}}