{"id":80787,"date":"2023-07-16T13:13:47","date_gmt":"2023-07-16T11:13:47","guid":{"rendered":"https:\/\/fysiolab.dk\/product\/aircast-actytoe-nattskinne-for-fotledd\/"},"modified":"2025-12-18T09:22:14","modified_gmt":"2025-12-18T08:22:14","slug":"aircast-actytoe-nattskinne-for-fotledd","status":"publish","type":"product","link":"https:\/\/fysiolab.dk\/no\/product\/aircast-actytoe-nattskinne-for-fotledd\/","title":{"rendered":"AirCast ActyToe nattskinne for fotledd"},"content":{"rendered":"<p><strong>Optimal anvendelse<\/strong><\/p>\n<p>Smertelindring for personer med mild til moderat feilstilling av storet\u00e5en (hallux valgus). Skinnen kan ogs\u00e5 brukes etter en operasjon for \u00e5 sikre riktig posisjon i storet\u00e5ens grunnledd.   <strong>Denne skinnen er beregnet for bruk i hvile og om natten<\/strong><\/p>\n<p><strong>Indikasjoner for bruk<\/strong><\/p>\n<ul>\n<li>Smertelindring for de som opplever smerter p\u00e5 grunn av symptomatisk hallux valgus<\/li>\n<li>Mild til moderat feilstilling av storet\u00e5en<\/li>\n<li>Opprettholdelse av riktig holdning og posisjon i storet\u00e5ens grunnledd etter hallux valgus-operasjon<\/li>\n<\/ul>\n<p><strong>Funksjoner<\/strong><\/p>\n<ul>\n<li>Smal, anatomisk formet skinne for immobilisering og st\u00f8tte om natten og i hvileperioder<\/li>\n<li>Myk skumpute p\u00e5 innsiden av skinnen for \u00e5 beskytte omr\u00e5det samtidig som leddet avlastes<\/li>\n<li>Justerbar, tynn og myk stropp som st\u00f8tter tverrbuen og stabiliserer midtfoten<\/li>\n<li>Materialer med god pusteevne og lav vekt<\/li>\n<li>Passer b\u00e5de h\u00f8yre og venstre fot<\/li>\n<li>Sen-fri<\/li>\n<li>Tilgjengelig i 3 st\u00f8rrelser (small, medium og large)<\/li>\n<\/ul>\n<p><strong>St\u00f8rrelsesguide<\/strong><\/p>\n<p><strong>Skinnen bestilles i henhold til skost\u00f8rrelsen din<\/strong><\/p>\n<p><strong>Skost\u00f8rrelse. St\u00f8rrelse. <\/strong><\/p>\n<p><strong>&lt;36 S<\/strong><\/p>\n<p><strong>36-42 M<\/strong><\/p>\n<p><strong>42-46 L<\/strong><\/p>\n","protected":false},"excerpt":{"rendered":"<p><strong>Smertelindring for personer med mild til moderat feilstilling av storet\u00e5en (hallux valgus). Skinnen kan ogs\u00e5 brukes etter en operasjon for \u00e5 sikre riktig posisjon i storet\u00e5ens grunnledd. Denne skinnen er til bruk i hvile og om natten.   Skinnen passer til b\u00e5de h\u00f8yre og venstre fot<\/p>\n<p><\/strong><\/p>\n","protected":false},"featured_media":80792,"comment_status":"closed","ping_status":"closed","template":"","meta":{"_acf_changed":false},"product_brand":[3092],"product_cat":[2129,2481,1992,2031,1948,1937,2003,2033,1933,1994],"product_tag":[2614],"class_list":{"0":"post-80787","1":"product","2":"type-product","3":"status-publish","4":"has-post-thumbnail","6":"product_brand-aircast","7":"product_cat-aircast-no","8":"product_cat-aircast-taaskinner","9":"product_cat-ankelskinne","10":"product_cat-bunion-paa-fot-og-ankel","11":"product_cat-klinikk","12":"product_cat-merkevarer","13":"product_cat-saaler-og-fotpleie","14":"product_cat-skinne-for-liktorn","15":"product_cat-skinner-og-stoetteskinner","16":"product_cat-sko-og-saaler-no","17":"product_tag-aircast-no","19":"first","20":"instock","21":"taxable","22":"shipping-taxable","23":"purchasable","24":"product-type-variable"},"acf":[],"_links":{"self":[{"href":"https:\/\/fysiolab.dk\/no\/wp-json\/wp\/v2\/product\/80787","targetHints":{"allow":["GET"]}}],"collection":[{"href":"https:\/\/fysiolab.dk\/no\/wp-json\/wp\/v2\/product"}],"about":[{"href":"https:\/\/fysiolab.dk\/no\/wp-json\/wp\/v2\/types\/product"}],"replies":[{"embeddable":true,"href":"https:\/\/fysiolab.dk\/no\/wp-json\/wp\/v2\/comments?post=80787"}],"wp:featuredmedia":[{"embeddable":true,"href":"https:\/\/fysiolab.dk\/no\/wp-json\/wp\/v2\/media\/80792"}],"wp:attachment":[{"href":"https:\/\/fysiolab.dk\/no\/wp-json\/wp\/v2\/media?parent=80787"}],"wp:term":[{"taxonomy":"product_brand","embeddable":true,"href":"https:\/\/fysiolab.dk\/no\/wp-json\/wp\/v2\/product_brand?post=80787"},{"taxonomy":"product_cat","embeddable":true,"href":"https:\/\/fysiolab.dk\/no\/wp-json\/wp\/v2\/product_cat?post=80787"},{"taxonomy":"product_tag","embeddable":true,"href":"https:\/\/fysiolab.dk\/no\/wp-json\/wp\/v2\/product_tag?post=80787"}],"curies":[{"name":"wp","href":"https:\/\/api.w.org\/{rel}","templated":true}]}}