{"id":80796,"date":"2023-07-16T13:13:23","date_gmt":"2023-07-16T11:13:23","guid":{"rendered":"https:\/\/fysiolab.dk\/product\/aircast-actytoe-skinne-for-fotledd\/"},"modified":"2025-12-18T09:22:15","modified_gmt":"2025-12-18T08:22:15","slug":"aircast-actytoe-skinne-for-fotledd","status":"publish","type":"product","link":"https:\/\/fysiolab.dk\/no\/product\/aircast-actytoe-skinne-for-fotledd\/","title":{"rendered":"AirCast ActyToe skinne for fotledd"},"content":{"rendered":"<p><strong>Optimal anvendelse<\/strong><\/p>\n<p>Skinnen brukes til smertelindring for personer med mild til moderat feilstilling av storet\u00e5en (hallux valgus). Skinnen kan brukes etter en operasjon for \u00e5 opprettholde storet\u00e5ens korrekte stilling. Skinnen kan brukes under daglige aktiviteter og i hvile om natten.  <\/p>\n<p><strong>Indikasjoner:<\/strong><\/p>\n<ul>\n<li>Smertelindring hos pasienter med symptomatisk hallux valgus<\/li>\n<li>Mild til moderat feilstilling av storet\u00e5en<\/li>\n<li>Opprettholdelse av riktig posisjon for stort\u00e5en etter hallux valgus-operasjon<\/li>\n<\/ul>\n<p><strong>Funksjoner:<\/strong><\/p>\n<ul>\n<li>Smal, anatomisk formet skinne i lette og pustende materialer<\/li>\n<li>Skinnen kan l\u00e5ses i hvile og om natten for optimal avlastning<\/li>\n<li>L\u00e5s skinnen med den lille klemmen i 0 grader eller 30 grader ekstensjon eller fleksjon av stort\u00e5en - avhengig av hvor du opplever smertelindring<\/li>\n<li>Justerbar korreksjonsvinkel (0-10 grader) p\u00e5 stort\u00e5en for en personlig tilpasset passform i henhold til graden av feilstilling i leddet<\/li>\n<li>Myk skumpute p\u00e5 innsiden av skinnen for \u00e5 beskytte omr\u00e5det samtidig som leddet avlastes<\/li>\n<li>Justerbar, tynn og myk stropp rundt foten som st\u00f8tter fotbuen og stabiliserer midtfoten<\/li>\n<li>Skinnen kan brukes b\u00e5de om dagen og om natten<\/li>\n<li>Skinnen passer inn i en sko og er egnet for turg\u00e5ing<\/li>\n<li>Skinnen passer til b\u00e5de h\u00f8yre og venstre fot<\/li>\n<li>Lateksfri<\/li>\n<li>Tilgjengelig i 3 st\u00f8rrelser S, M og L<\/li>\n<\/ul>\n<p><strong>St\u00f8rrelsesguide<\/strong><\/p>\n<p><strong>Skinnen bestilles i henhold til skost\u00f8rrelsen din<\/strong><\/p>\n<p><strong>Skost\u00f8rrelse. St\u00f8rrelse.   <\/strong><\/p>\n<p><strong>&lt;36 S<\/strong><\/p>\n<p><strong>36-42 M<\/strong><\/p>\n<p><strong>42-46 L<\/strong><\/p>\n<p><iframe title=\"Aircast ActyToe\u2122\" width=\"800\" height=\"450\" src=\"https:\/\/www.youtube.com\/embed\/yaMH8nIMVvs?feature=oembed\" frameborder=\"0\" allow=\"accelerometer; autoplay; clipboard-write; encrypted-media; gyroscope; picture-in-picture; web-share\" referrerpolicy=\"strict-origin-when-cross-origin\" allowfullscreen><\/iframe><\/p>\n<p>&nbsp;<\/p>\n<p>https:\/\/www.youtube.com\/watch?v=Ilau3AQ44YI<\/p>\n<p>&nbsp;<\/p>\n","protected":false},"excerpt":{"rendered":"<p><strong>Skinnen brukes til smertelindring for personer med mild til moderat feilstilling av storet\u00e5en (hallux valgus). Skinnen kan brukes etter en operasjon for \u00e5 opprettholde storet\u00e5ens korrekte stilling. Skinnen kan brukes under daglige aktiviteter og i hvile om natten.   Passer b\u00e5de h\u00f8yre og venstre fot<\/strong><\/p>\n","protected":false},"featured_media":80808,"comment_status":"closed","ping_status":"closed","template":"","meta":{"_acf_changed":false},"product_brand":[3092],"product_cat":[2129,2481,1992,2031,2516,2057,2054,1948,1937,2003,2033,1933,1994],"product_tag":[2614],"class_list":{"0":"post-80796","1":"product","2":"type-product","3":"status-publish","4":"has-post-thumbnail","6":"product_brand-aircast","7":"product_cat-aircast-no","8":"product_cat-aircast-taaskinner","9":"product_cat-ankelskinne","10":"product_cat-bunion-paa-fot-og-ankel","11":"product_cat-flatfot-no","12":"product_cat-flatfot","13":"product_cat-innsunket-forfot","14":"product_cat-klinikk","15":"product_cat-merkevarer","16":"product_cat-saaler-og-fotpleie","17":"product_cat-skinne-for-liktorn","18":"product_cat-skinner-og-stoetteskinner","19":"product_cat-sko-og-saaler-no","20":"product_tag-aircast-no","22":"first","23":"instock","24":"taxable","25":"shipping-taxable","26":"purchasable","27":"product-type-variable"},"acf":[],"_links":{"self":[{"href":"https:\/\/fysiolab.dk\/no\/wp-json\/wp\/v2\/product\/80796","targetHints":{"allow":["GET"]}}],"collection":[{"href":"https:\/\/fysiolab.dk\/no\/wp-json\/wp\/v2\/product"}],"about":[{"href":"https:\/\/fysiolab.dk\/no\/wp-json\/wp\/v2\/types\/product"}],"replies":[{"embeddable":true,"href":"https:\/\/fysiolab.dk\/no\/wp-json\/wp\/v2\/comments?post=80796"}],"wp:featuredmedia":[{"embeddable":true,"href":"https:\/\/fysiolab.dk\/no\/wp-json\/wp\/v2\/media\/80808"}],"wp:attachment":[{"href":"https:\/\/fysiolab.dk\/no\/wp-json\/wp\/v2\/media?parent=80796"}],"wp:term":[{"taxonomy":"product_brand","embeddable":true,"href":"https:\/\/fysiolab.dk\/no\/wp-json\/wp\/v2\/product_brand?post=80796"},{"taxonomy":"product_cat","embeddable":true,"href":"https:\/\/fysiolab.dk\/no\/wp-json\/wp\/v2\/product_cat?post=80796"},{"taxonomy":"product_tag","embeddable":true,"href":"https:\/\/fysiolab.dk\/no\/wp-json\/wp\/v2\/product_tag?post=80796"}],"curies":[{"name":"wp","href":"https:\/\/api.w.org\/{rel}","templated":true}]}}