{"id":80813,"date":"2023-07-16T13:12:09","date_gmt":"2023-07-16T11:12:09","guid":{"rendered":"https:\/\/fysiolab.dk\/product\/sissel-comfort-pute\/"},"modified":"2026-02-18T21:09:27","modified_gmt":"2026-02-18T20:09:27","slug":"sissel-comfort-pute","status":"publish","type":"product","link":"https:\/\/fysiolab.dk\/no\/product\/sissel-comfort-pute\/","title":{"rendered":"SISSEL Comfort-pute"},"content":{"rendered":"<p>SISSEL Comfort-puten gir optimal st\u00f8tte og avlastning for armer og skuldre. Puten er perfekt for amming og for st\u00f8tte og hjelp n\u00e5r du ligger i sengen. Den ergonomiske formen p\u00e5 puten gj\u00f8r at du kan avlaste kroppen og hvile bekkenet under graviditeten. Puten er ogs\u00e5 god hvis du \u00f8nsker \u00e5 ligge p\u00e5 siden og trenger st\u00f8tte mellom kn\u00e6r og hofter ved bekkenl\u00f8sning.   <\/p>\n<p>Puten er laget av kryssfiner og har mikroperler som former seg etter kroppen din for en behagelig passform. Puten veier ca. 1,2 kg og kan vaskes p\u00e5 60 grader. <\/p>\n<p><strong>St\u00f8rrelse: 195x35cm<\/strong><\/p>\n<p><strong>Merk: Putetrekk er ikke inkludert og m\u00e5 bestilles separat her: <a href=\"https:\/\/fysiolab.dk\/no\/product\/sissel-comfort-putevar\/\">Sissel Comfort Putetrekk<\/a><\/strong><\/p>\n<p>&nbsp;<\/p>\n<p>&nbsp;<\/p>\n","protected":false},"excerpt":{"rendered":"<p><strong>SISSEL Comfort-puten gir optimal st\u00f8tte og avlastning for armer og skuldre. Puten er perfekt for amming og for st\u00f8tte og hjelp n\u00e5r du ligger i sengen. Den ergonomiske formen p\u00e5 puten gj\u00f8r at du kan avlaste kroppen og hvile bekkenet under graviditeten. Puten er ogs\u00e5 god hvis du \u00f8nsker \u00e5 ligge p\u00e5 siden og trenger st\u00f8tte mellom kn\u00e6r og hofter ved bekkenl\u00f8sning.   <\/strong><\/p>\n","protected":false},"featured_media":80815,"comment_status":"closed","ping_status":"closed","template":"","meta":{"_acf_changed":false},"product_brand":[3126],"product_cat":[2020,1948,1937,2517,2520,1941,2518,2519],"product_tag":[2521],"class_list":{"0":"post-80813","1":"product","2":"type-product","3":"status-publish","4":"has-post-thumbnail","6":"product_brand-sissel","7":"product_cat-julegaveideer-no","8":"product_cat-klinikk","9":"product_cat-merkevarer","10":"product_cat-pulver","11":"product_cat-puter-og-ergonomi","12":"product_cat-rekonvalesens-og-sportspleie","13":"product_cat-sissel-no","14":"product_cat-sissel-puter","15":"product_tag-sissel-no","17":"first","18":"instock","19":"taxable","20":"shipping-taxable","21":"purchasable","22":"product-type-simple"},"acf":[],"_links":{"self":[{"href":"https:\/\/fysiolab.dk\/no\/wp-json\/wp\/v2\/product\/80813","targetHints":{"allow":["GET"]}}],"collection":[{"href":"https:\/\/fysiolab.dk\/no\/wp-json\/wp\/v2\/product"}],"about":[{"href":"https:\/\/fysiolab.dk\/no\/wp-json\/wp\/v2\/types\/product"}],"replies":[{"embeddable":true,"href":"https:\/\/fysiolab.dk\/no\/wp-json\/wp\/v2\/comments?post=80813"}],"wp:featuredmedia":[{"embeddable":true,"href":"https:\/\/fysiolab.dk\/no\/wp-json\/wp\/v2\/media\/80815"}],"wp:attachment":[{"href":"https:\/\/fysiolab.dk\/no\/wp-json\/wp\/v2\/media?parent=80813"}],"wp:term":[{"taxonomy":"product_brand","embeddable":true,"href":"https:\/\/fysiolab.dk\/no\/wp-json\/wp\/v2\/product_brand?post=80813"},{"taxonomy":"product_cat","embeddable":true,"href":"https:\/\/fysiolab.dk\/no\/wp-json\/wp\/v2\/product_cat?post=80813"},{"taxonomy":"product_tag","embeddable":true,"href":"https:\/\/fysiolab.dk\/no\/wp-json\/wp\/v2\/product_tag?post=80813"}],"curies":[{"name":"wp","href":"https:\/\/api.w.org\/{rel}","templated":true}]}}