{"id":80814,"date":"2023-07-16T13:13:23","date_gmt":"2023-07-16T11:13:23","guid":{"rendered":"https:\/\/fysiolab.dk\/product\/procare-nextep-contour-ii-walker-stoevel\/"},"modified":"2025-12-18T09:22:14","modified_gmt":"2025-12-18T08:22:14","slug":"procare-nextep-contour-ii-walker-stoevel","status":"publish","type":"product","link":"https:\/\/fysiolab.dk\/no\/product\/procare-nextep-contour-ii-walker-stoevel\/","title":{"rendered":"PROCARE Nextep Contour II Walker-st\u00f8vel"},"content":{"rendered":"<p><strong>Optimal anvendelse<\/strong><\/p>\n<p>Lett og slitesterkt skall i ett stykke for maksimal st\u00f8tte og immobilisering. Skallet er sterkest bak, og fronten er laget av b\u00f8rstet nylon\/skum for \u00f8kt komfort mot leggen. St\u00f8velen har en sklisikker ytters\u00e5le som gir maksimalt grep p\u00e5 underlaget n\u00e5r du bruker st\u00f8velen. St\u00f8velens unike design gj\u00f8r at den ogs\u00e5 kan brukes av personer med st\u00f8rre leggmuskulatur og er enkel \u00e5 tilpasse. Den faste bakkanten gir \u00f8kt st\u00f8tte for pasienten.      <strong>Kan brukes til begge ben\/f\u00f8tter<\/strong><\/p>\n<p><strong>St\u00f8rrelsesguide:<\/strong><\/p>\n<p><strong>St\u00f8velen bestilles i henhold til din skost\u00f8rrelse:<\/strong><\/p>\n<p><strong>Skost\u00f8rrelse Str.<\/strong><\/p>\n<p><strong>&lt;37 S<\/strong><\/p>\n<p><strong>37-42 M<\/strong><\/p>\n<p><strong>+42 L<\/strong><\/p>\n<p><iframe title=\"Skost\u00f8rrelsesvejledning sko FysioLab\" width=\"800\" height=\"450\" src=\"https:\/\/www.youtube.com\/embed\/uG9ZtXDPSMM?feature=oembed\" frameborder=\"0\" allow=\"accelerometer; autoplay; clipboard-write; encrypted-media; gyroscope; picture-in-picture; web-share\" referrerpolicy=\"strict-origin-when-cross-origin\" allowfullscreen><\/iframe><\/p>\n<p>&nbsp;<\/p>\n","protected":false},"excerpt":{"rendered":"<p><strong>PROCARE Nextep Contour II Walker-st\u00f8vel er en innovativ og unik g\u00e5st\u00f8vel som beskytter foten og underbenet etter et brudd. G\u00e5st\u00f8velen har \u00f8kt komfort og er designet for \u00e5 tilpasses den enkeltes leggmuskulatur og leggst\u00f8rrelse. <\/strong><\/p>\n","protected":false},"featured_media":80823,"comment_status":"closed","ping_status":"closed","template":"","meta":{"_acf_changed":false},"product_brand":[3139],"product_cat":[2079,2080,2039,1937,2000,2038,1933,2035],"product_tag":[2264],"class_list":{"0":"post-80814","1":"product","2":"type-product","3":"status-publish","4":"has-post-thumbnail","6":"product_brand-procare","7":"product_cat-akillesseneruptur-ruptur-av-akillessenen","8":"product_cat-brudd-i-underbenet-brudd-i-tibia","9":"product_cat-brudd-og-smerter-i-foten-benbrudd-i-foten","10":"product_cat-merkevarer","11":"product_cat-procare-no","12":"product_cat-procare-rullatorstoevler","13":"product_cat-skinner-og-stoetteskinner","14":"product_cat-walkerstoevler-og-tilbehoer","15":"product_tag-procare-no","17":"first","18":"instock","19":"taxable","20":"shipping-taxable","21":"purchasable","22":"product-type-variable"},"acf":[],"_links":{"self":[{"href":"https:\/\/fysiolab.dk\/no\/wp-json\/wp\/v2\/product\/80814","targetHints":{"allow":["GET"]}}],"collection":[{"href":"https:\/\/fysiolab.dk\/no\/wp-json\/wp\/v2\/product"}],"about":[{"href":"https:\/\/fysiolab.dk\/no\/wp-json\/wp\/v2\/types\/product"}],"replies":[{"embeddable":true,"href":"https:\/\/fysiolab.dk\/no\/wp-json\/wp\/v2\/comments?post=80814"}],"wp:featuredmedia":[{"embeddable":true,"href":"https:\/\/fysiolab.dk\/no\/wp-json\/wp\/v2\/media\/80823"}],"wp:attachment":[{"href":"https:\/\/fysiolab.dk\/no\/wp-json\/wp\/v2\/media?parent=80814"}],"wp:term":[{"taxonomy":"product_brand","embeddable":true,"href":"https:\/\/fysiolab.dk\/no\/wp-json\/wp\/v2\/product_brand?post=80814"},{"taxonomy":"product_cat","embeddable":true,"href":"https:\/\/fysiolab.dk\/no\/wp-json\/wp\/v2\/product_cat?post=80814"},{"taxonomy":"product_tag","embeddable":true,"href":"https:\/\/fysiolab.dk\/no\/wp-json\/wp\/v2\/product_tag?post=80814"}],"curies":[{"name":"wp","href":"https:\/\/api.w.org\/{rel}","templated":true}]}}