{"id":80819,"date":"2023-07-16T13:12:09","date_gmt":"2023-07-16T11:12:09","guid":{"rendered":"https:\/\/fysiolab.dk\/product\/sissel-medi-support-pute\/"},"modified":"2025-12-18T09:22:16","modified_gmt":"2025-12-18T08:22:16","slug":"sissel-medi-support-pute","status":"publish","type":"product","link":"https:\/\/fysiolab.dk\/no\/product\/sissel-medi-support-pute\/","title":{"rendered":"SISSEL Medi-Support-pute"},"content":{"rendered":"<p>SISSEL Medi-Supporter er en pute for deg som opplever ubehag n\u00e5r du ligger p\u00e5 siden med kn\u00e6rne inntil hverandre. Anbefales ogs\u00e5 til postoperativ pleie etter kne- og hofteoperasjoner. <\/p>\n<p><strong>Funksjoner:<\/strong><\/p>\n<p>- For optimal stilling n\u00e5r du ligger ned, er bekkenet mindre vridd.<\/p>\n<p>- Brukes ved hofte- og kneproblemer, til og med som posisjoneringshjelpemiddel etter hofteoperasjoner.<\/p>\n<p>- Enkel \u00e5 tilpasse, festes til benet med to praktiske borrel\u00e5sstropper.<\/p>\n<p>- Reduserer trykket p\u00e5 kneleddene.<\/p>\n<p>- Motvirker u\u00f8nsket svetting.<\/p>\n<p>- St\u00f8rrelse 17&#215;20 cm, 10 cm p\u00e5 det smaleste stedet.<\/p>\n<p>- Putetrekk i bomull (85 %) og polyester.<\/p>\n","protected":false},"excerpt":{"rendered":"<p><strong>SISSEL Medi-Supporter er en pute for deg som opplever ubehag n\u00e5r du ligger p\u00e5 siden med kn\u00e6rne inntil hverandre. Anbefales ogs\u00e5 til postoperativ behandling etter kne- og hofteoperasjoner og ved bekkensmerter under graviditet. <\/p>\n<p><\/strong><\/p>\n","protected":false},"featured_media":80827,"comment_status":"closed","ping_status":"closed","template":"","meta":{"_acf_changed":false},"product_brand":[],"product_cat":[2020,1948,1937,2517,2520,1941,2518,2519],"product_tag":[2521],"class_list":{"0":"post-80819","1":"product","2":"type-product","3":"status-publish","4":"has-post-thumbnail","6":"product_cat-julegaveideer-no","7":"product_cat-klinikk","8":"product_cat-merkevarer","9":"product_cat-pulver","10":"product_cat-puter-og-ergonomi","11":"product_cat-rekonvalesens-og-sportspleie","12":"product_cat-sissel-no","13":"product_cat-sissel-puter","14":"product_tag-sissel-no","16":"first","17":"instock","18":"taxable","19":"shipping-taxable","20":"purchasable","21":"product-type-simple"},"acf":[],"_links":{"self":[{"href":"https:\/\/fysiolab.dk\/no\/wp-json\/wp\/v2\/product\/80819","targetHints":{"allow":["GET"]}}],"collection":[{"href":"https:\/\/fysiolab.dk\/no\/wp-json\/wp\/v2\/product"}],"about":[{"href":"https:\/\/fysiolab.dk\/no\/wp-json\/wp\/v2\/types\/product"}],"replies":[{"embeddable":true,"href":"https:\/\/fysiolab.dk\/no\/wp-json\/wp\/v2\/comments?post=80819"}],"wp:featuredmedia":[{"embeddable":true,"href":"https:\/\/fysiolab.dk\/no\/wp-json\/wp\/v2\/media\/80827"}],"wp:attachment":[{"href":"https:\/\/fysiolab.dk\/no\/wp-json\/wp\/v2\/media?parent=80819"}],"wp:term":[{"taxonomy":"product_brand","embeddable":true,"href":"https:\/\/fysiolab.dk\/no\/wp-json\/wp\/v2\/product_brand?post=80819"},{"taxonomy":"product_cat","embeddable":true,"href":"https:\/\/fysiolab.dk\/no\/wp-json\/wp\/v2\/product_cat?post=80819"},{"taxonomy":"product_tag","embeddable":true,"href":"https:\/\/fysiolab.dk\/no\/wp-json\/wp\/v2\/product_tag?post=80819"}],"curies":[{"name":"wp","href":"https:\/\/api.w.org\/{rel}","templated":true}]}}