{"id":80826,"date":"2023-07-16T13:12:59","date_gmt":"2023-07-16T11:12:59","guid":{"rendered":"https:\/\/fysiolab.dk\/product\/donjoy-playmaker-xpert-knestoette\/"},"modified":"2025-12-18T09:22:15","modified_gmt":"2025-12-18T08:22:15","slug":"donjoy-playmaker-xpert-knestoette","status":"publish","type":"product","link":"https:\/\/fysiolab.dk\/no\/product\/donjoy-playmaker-xpert-knestoette\/","title":{"rendered":"DonJoy Playmaker Xpert knest\u00f8tte"},"content":{"rendered":"<h4><strong>Optimal bruk av DonJoy Playmaker Expert knest\u00f8tte<\/strong><\/h4>\n<p>To nye funksjonelle knest\u00f8tter, tilgjengelig i to designalternativer: Wrap og Sleeve. Wrap kan brukes til b\u00e5de venstre og h\u00f8yre kne og er laget av h\u00f8yteknologisk pustende nettingstoff for konstant friskhet og optimal komfort under bruk.<\/p>\n<p>Bandasjen anbefales for beskyttelse, kompresjon og st\u00f8tte ved milde korsb\u00e5ndskader, milde til moderate skader p\u00e5 indre og ytre leddb\u00e5nd, kronisk instabilitet og som en hjelp til \u00e5 komme tilbake til aktiviteter og idrett. Hylseversjonen brukes ogs\u00e5 ved meniskskader eller mild instabilitet i knesk\u00e5len. <\/p>\n<p><strong>Fordeler og funksjoner:<\/strong><\/p>\n<ul>\n<li>Det innebygde innlegget i bandasjen bidrar til \u00e5 holde knesk\u00e5len (patella) i riktig posisjon og forbedrer stabiliteten og sportsligheten n\u00e5r du b\u00f8yer og strekker kneet<\/li>\n<li>De to stroppene \u00f8verst og nederst s\u00f8rger for at bandasjen holder seg p\u00e5 plass og \u00f8ker kompresjonen. Stroppene kan justeres etter behov for optimal tilpasning <\/li>\n<li>Redusert h\u00f8yde p\u00e5 bandasjen (33 cm) sammenlignet med de klassiske playmaker-bandasjene. Den reduserte h\u00f8yden gir et mer profilert utseende. <\/li>\n<li>Avtakbare, polysentriske aluminiumshengsler for stabilitet p\u00e5 innsiden og utsiden<\/li>\n<li>Bilateral avstivning p\u00e5 begge sider av bandasjen gir st\u00f8tte til ustabile leddb\u00e5nd<\/li>\n<li>Avstiveren er formbar og kan derfor tilpasses individuelle behov<\/li>\n<li>Hengslene er polstret for \u00f8kt beskyttelse mot ytre st\u00f8t under sport, for eksempel<\/li>\n<\/ul>\n<p><strong>Wrap-versjon<\/strong><\/p>\n<ul>\n<li>Wrap-versjonen kan \u00e5pnes helt, noe som gj\u00f8r det lettere for pasienter med nedsatt fingerferdighet eller bevegelighet i hofte og kne \u00e5 ta p\u00e5 bandasjen<\/li>\n<li>Lav vekt - gjennomsnittlig under 300 gram<\/li>\n<li>Bandasjen er laget av samme kvalitetsmateriale som Playmaker II<\/li>\n<li>Skinnen er enkel \u00e5 bruke og ta p\u00e5, siden den kan t\u00f8yes i fire retninger. Mykt og formtilpasset bakpanel p\u00e5 baksiden av kneet <\/li>\n<\/ul>\n<p><strong>Bandasjen er tilgjengelig i st\u00f8rrelsene XS-XXXL<\/strong><\/p>\n<p><strong>St\u00f8rrelsesguide<\/strong><\/p>\n<p><strong>M\u00e5l omkretsen av l\u00e5ret 15 cm over toppen av knesk\u00e5len<\/strong><\/p>\n<p><a href=\"https:\/\/dev.fysiolab.dk\/wp-content\/uploads\/2025\/05\/Knae-15cm-over-laar-.png\"><img fetchpriority=\"high\" decoding=\"async\" class=\"alignnone size-medium wp-image-202392936\" src=\"https:\/\/dev.fysiolab.dk\/wp-content\/uploads\/2025\/05\/Knae-15cm-over-laar--267x300.png\" alt=\"\" width=\"267\" height=\"300\" title=\"\"><\/a><\/p>\n<p><strong>Omkrets Str.<\/strong><\/p>\n<p><strong>33-39 cm XS<\/strong><\/p>\n<p><strong>39-47 cm S<\/strong><\/p>\n<p><strong>47-53 cm M<\/strong><\/p>\n<p><strong>53-60 cm L<\/strong><\/p>\n<p><strong>60-67 cm XL<\/strong><\/p>\n<p><strong>67-75 cm XXL<\/strong><\/p>\n<p><strong>75-81 cm XXXL<\/strong><\/p>\n<p><iframe title=\"DonJoy Playmaker Xpert - Functional Knee Supports\" width=\"800\" height=\"450\" src=\"https:\/\/www.youtube.com\/embed\/0ryB1uEU_LY?feature=oembed\" frameborder=\"0\" allow=\"accelerometer; autoplay; clipboard-write; encrypted-media; gyroscope; picture-in-picture; web-share\" referrerpolicy=\"strict-origin-when-cross-origin\" allowfullscreen><\/iframe><\/p>\n<p>&nbsp;<\/p>\n","protected":false},"excerpt":{"rendered":"<p><strong>Playmaker Xpert er en ny og funksjonell knest\u00f8tte som er tilgjengelig i 2 designalternativer: Wrap og Sleeve.  <\/strong><strong>Skinnen kan brukes til b\u00e5de venstre og h\u00f8yre kne. Skinnen er laget av h\u00f8yteknologisk, pustende nettingstoff for konstant friskhet og optimal komfort under bruk. Lavt profilert 33 cm design for \u00f8kt komfort og brukervennlighet under idrett  <\/strong><\/p>\n<p>https:\/\/www.youtube.com\/watch?v=gHZnfVzfG_k<\/p>\n","protected":false},"featured_media":80846,"comment_status":"closed","ping_status":"closed","template":"","meta":{"_acf_changed":false},"product_brand":[3091],"product_cat":[1981,1938,1977,1974,2489,1978,1980,1975,2199,1979,1937,1976,1970,1933],"product_tag":[2173],"class_list":{"0":"post-80826","1":"product","2":"type-product","3":"status-publish","4":"has-post-thumbnail","6":"product_brand-donjoy","7":"product_cat-artrose-menisk-bruskskade","8":"product_cat-donjoy-no","9":"product_cat-donjoy-knestoette","10":"product_cat-forstuet-kne","11":"product_cat-knebeskytter-for-sport","12":"product_cat-knestoetter","13":"product_cat-kollateral-ligamentskade","14":"product_cat-lett-ustabilitet-ustabil","15":"product_cat-loes-kneskaal-patellaluksasjon-og-smerter-i-kneskaalen","16":"product_cat-menisk-no","17":"product_cat-merkevarer","18":"product_cat-overbelastning-no","19":"product_cat-padel-no","20":"product_cat-skinner-og-stoetteskinner","21":"product_tag-donjoy-no","23":"first","24":"instock","25":"taxable","26":"shipping-taxable","27":"purchasable","28":"product-type-variable"},"acf":[],"_links":{"self":[{"href":"https:\/\/fysiolab.dk\/no\/wp-json\/wp\/v2\/product\/80826","targetHints":{"allow":["GET"]}}],"collection":[{"href":"https:\/\/fysiolab.dk\/no\/wp-json\/wp\/v2\/product"}],"about":[{"href":"https:\/\/fysiolab.dk\/no\/wp-json\/wp\/v2\/types\/product"}],"replies":[{"embeddable":true,"href":"https:\/\/fysiolab.dk\/no\/wp-json\/wp\/v2\/comments?post=80826"}],"wp:featuredmedia":[{"embeddable":true,"href":"https:\/\/fysiolab.dk\/no\/wp-json\/wp\/v2\/media\/80846"}],"wp:attachment":[{"href":"https:\/\/fysiolab.dk\/no\/wp-json\/wp\/v2\/media?parent=80826"}],"wp:term":[{"taxonomy":"product_brand","embeddable":true,"href":"https:\/\/fysiolab.dk\/no\/wp-json\/wp\/v2\/product_brand?post=80826"},{"taxonomy":"product_cat","embeddable":true,"href":"https:\/\/fysiolab.dk\/no\/wp-json\/wp\/v2\/product_cat?post=80826"},{"taxonomy":"product_tag","embeddable":true,"href":"https:\/\/fysiolab.dk\/no\/wp-json\/wp\/v2\/product_tag?post=80826"}],"curies":[{"name":"wp","href":"https:\/\/api.w.org\/{rel}","templated":true}]}}