{"id":80852,"date":"2023-07-16T13:12:33","date_gmt":"2023-07-16T11:12:33","guid":{"rendered":"https:\/\/fysiolab.dk\/product\/sissel-theraputty\/"},"modified":"2025-12-18T09:22:15","modified_gmt":"2025-12-18T08:22:15","slug":"sissel-theraputty","status":"publish","type":"product","link":"https:\/\/fysiolab.dk\/no\/product\/sissel-theraputty\/","title":{"rendered":"SISSEL Theraputty"},"content":{"rendered":"<p>SISSEL Theraputty brukes i rehabilitering og for \u00e5 opprettholde bevegelighet i fingre og hender. Du kan forme massen i hendene dine for \u00e5 trene opp h\u00e5nden og fingrene etter operasjoner, h\u00e5ndskader eller revmatiske sykdommer. <\/p>\n<p><strong>Theraputty er tilgjengelig i 5 forskjellige styrker<\/strong><\/p>\n<p><strong>X-light (hvit)<\/strong><\/p>\n<p><strong>Lys (gul)<\/strong><\/p>\n<p><strong>Medium (r\u00f8d)<\/strong><\/p>\n<p><strong>Hard (gr\u00f8nn)<\/strong><\/p>\n<p><strong>X-hard (bl\u00e5)<\/strong><\/p>\n<p>https:\/\/www.youtube.com\/watch?v=4giCS0hwIJQ<\/p>\n","protected":false},"excerpt":{"rendered":"<p><strong>SISSEL Theraputty brukes i rehabilitering og for \u00e5 opprettholde bevegelighet i fingre og hender. Du kan forme massen i hendene dine for \u00e5 trene opp h\u00e5nden og fingrene etter operasjoner, h\u00e5ndskader eller revmatiske sykdommer. <\/strong><\/p>\n","protected":false},"featured_media":80861,"comment_status":"closed","ping_status":"closed","template":"","meta":{"_acf_changed":false},"product_brand":[],"product_cat":[2221,2045,2041,2044,2237,2238,1948,2047,1937,2518,2530,1933,1945],"product_tag":[2521],"class_list":{"0":"post-80852","1":"product","2":"type-product","3":"status-publish","4":"has-post-thumbnail","6":"product_cat-annet-treningsutstyr","7":"product_cat-brudd-i-finger","8":"product_cat-fingre-no","9":"product_cat-forstuet-finger","10":"product_cat-haand-og-fingertrening","11":"product_cat-haand-og-fingertrening-no","12":"product_cat-klinikk","13":"product_cat-kyssende-fingre","14":"product_cat-merkevarer","15":"product_cat-sissel-no","16":"product_cat-sissel-haand-og-fingertrener","17":"product_cat-skinner-og-stoetteskinner","18":"product_cat-treningsutstyr","19":"product_tag-sissel-no","21":"first","22":"instock","23":"taxable","24":"shipping-taxable","25":"purchasable","26":"product-type-variable"},"acf":[],"_links":{"self":[{"href":"https:\/\/fysiolab.dk\/no\/wp-json\/wp\/v2\/product\/80852","targetHints":{"allow":["GET"]}}],"collection":[{"href":"https:\/\/fysiolab.dk\/no\/wp-json\/wp\/v2\/product"}],"about":[{"href":"https:\/\/fysiolab.dk\/no\/wp-json\/wp\/v2\/types\/product"}],"replies":[{"embeddable":true,"href":"https:\/\/fysiolab.dk\/no\/wp-json\/wp\/v2\/comments?post=80852"}],"wp:featuredmedia":[{"embeddable":true,"href":"https:\/\/fysiolab.dk\/no\/wp-json\/wp\/v2\/media\/80861"}],"wp:attachment":[{"href":"https:\/\/fysiolab.dk\/no\/wp-json\/wp\/v2\/media?parent=80852"}],"wp:term":[{"taxonomy":"product_brand","embeddable":true,"href":"https:\/\/fysiolab.dk\/no\/wp-json\/wp\/v2\/product_brand?post=80852"},{"taxonomy":"product_cat","embeddable":true,"href":"https:\/\/fysiolab.dk\/no\/wp-json\/wp\/v2\/product_cat?post=80852"},{"taxonomy":"product_tag","embeddable":true,"href":"https:\/\/fysiolab.dk\/no\/wp-json\/wp\/v2\/product_tag?post=80852"}],"curies":[{"name":"wp","href":"https:\/\/api.w.org\/{rel}","templated":true}]}}