{"id":80867,"date":"2023-07-16T13:11:22","date_gmt":"2023-07-16T11:11:22","guid":{"rendered":"https:\/\/fysiolab.dk\/product\/sissel-varm-kald-myk-pakke\/"},"modified":"2025-12-18T09:22:17","modified_gmt":"2025-12-18T08:22:17","slug":"sissel-varm-kald-myk-pakke","status":"publish","type":"product","link":"https:\/\/fysiolab.dk\/no\/product\/sissel-varm-kald-myk-pakke\/","title":{"rendered":"SISSEL Varm, kald, myk pakke"},"content":{"rendered":"<p>SISSEL Hot Cold Soft Pack er en varme- og kuldepakke i tekstil med en myk og behagelig overflate. Varm den opp i mikrob\u00f8lgeovn eller varmt vann, eller kj\u00f8l den ned i fryseren. Kan brukes til b\u00e5de anspente og harde muskler samt akutt skadebehandling etter idrettsskader og slag.  <\/p>\n<p><strong>St\u00f8rrelse: 40x28cm<\/strong><\/p>\n","protected":false},"excerpt":{"rendered":"<p><strong>SISSEL Hot Cold Soft Pack er en varme- og kuldepakke i tekstil med en myk og behagelig overflate. Varm den opp i mikrob\u00f8lgeovn eller varmt vann, eller kj\u00f8l den ned i fryseren. Kan brukes til b\u00e5de anspente og harde muskler samt akutt skadebehandling etter idrettsskader og slag.  <\/strong><\/p>\n<p><strong>St\u00f8rrelse: 36x28cm<\/strong><\/p>\n","protected":false},"featured_media":80873,"comment_status":"closed","ping_status":"closed","template":"","meta":{"_acf_changed":false},"product_brand":[],"product_cat":[2119,2121,2185,1937,2518,2531,1933],"product_tag":[2521],"class_list":{"0":"post-80867","1":"product","2":"type-product","3":"status-publish","4":"has-post-thumbnail","6":"product_cat-kald-og-varmebehandling","7":"product_cat-kalde-tetninger","8":"product_cat-kombinerte-kulde-varmebandasjer","9":"product_cat-merkevarer","10":"product_cat-sissel-no","11":"product_cat-sissel-kald-varmebehandling","12":"product_cat-skinner-og-stoetteskinner","13":"product_tag-sissel-no","15":"first","16":"instock","17":"taxable","18":"shipping-taxable","19":"purchasable","20":"product-type-simple"},"acf":[],"_links":{"self":[{"href":"https:\/\/fysiolab.dk\/no\/wp-json\/wp\/v2\/product\/80867","targetHints":{"allow":["GET"]}}],"collection":[{"href":"https:\/\/fysiolab.dk\/no\/wp-json\/wp\/v2\/product"}],"about":[{"href":"https:\/\/fysiolab.dk\/no\/wp-json\/wp\/v2\/types\/product"}],"replies":[{"embeddable":true,"href":"https:\/\/fysiolab.dk\/no\/wp-json\/wp\/v2\/comments?post=80867"}],"wp:featuredmedia":[{"embeddable":true,"href":"https:\/\/fysiolab.dk\/no\/wp-json\/wp\/v2\/media\/80873"}],"wp:attachment":[{"href":"https:\/\/fysiolab.dk\/no\/wp-json\/wp\/v2\/media?parent=80867"}],"wp:term":[{"taxonomy":"product_brand","embeddable":true,"href":"https:\/\/fysiolab.dk\/no\/wp-json\/wp\/v2\/product_brand?post=80867"},{"taxonomy":"product_cat","embeddable":true,"href":"https:\/\/fysiolab.dk\/no\/wp-json\/wp\/v2\/product_cat?post=80867"},{"taxonomy":"product_tag","embeddable":true,"href":"https:\/\/fysiolab.dk\/no\/wp-json\/wp\/v2\/product_tag?post=80867"}],"curies":[{"name":"wp","href":"https:\/\/api.w.org\/{rel}","templated":true}]}}