{"id":80877,"date":"2023-07-16T13:10:57","date_gmt":"2023-07-16T11:10:57","guid":{"rendered":"https:\/\/fysiolab.dk\/product\/sissel-balancefit-pad-large\/"},"modified":"2025-12-18T09:22:17","modified_gmt":"2025-12-18T08:22:17","slug":"sissel-balancefit-pad-large","status":"publish","type":"product","link":"https:\/\/fysiolab.dk\/no\/product\/sissel-balancefit-pad-large\/","title":{"rendered":"SISSEL Balancefit Pad Large"},"content":{"rendered":"<p>SISSEL Balancefit Pad Large er et ekstra stort balansetreningsverkt\u00f8y som du kan bruke til hjemmetrening. Den kan brukes innend\u00f8rs, utend\u00f8rs og under vann. Den har en sklisikker overflate for \u00f8kt komfort og sikkerhet n\u00e5r du trener.  <\/p>\n<p><strong>St\u00f8rrelse: 95x41x6 cm veier ca. 1,1 kg<\/strong><\/p>\n<p><strong>Farge: Bl\u00e5<\/strong><\/p>\n<p><iframe title=\"SISSEL Balancefit Pad large\" width=\"800\" height=\"450\" src=\"https:\/\/www.youtube.com\/embed\/s8tKTBTMqeE?feature=oembed\" frameborder=\"0\" allow=\"accelerometer; autoplay; clipboard-write; encrypted-media; gyroscope; picture-in-picture; web-share\" referrerpolicy=\"strict-origin-when-cross-origin\" allowfullscreen><\/iframe><\/p>\n","protected":false},"excerpt":{"rendered":"<p><strong>SISSEL Balancefit Pad Large er et ekstra stort balansetreningsverkt\u00f8y som du kan bruke til hjemmetrening. Den kan brukes innend\u00f8rs, utend\u00f8rs og under vann. Den har en sklisikker overflate for \u00f8kt komfort og sikkerhet n\u00e5r du trener.  <\/strong><\/p>\n","protected":false},"featured_media":80886,"comment_status":"closed","ping_status":"closed","template":"","meta":{"_acf_changed":false},"product_brand":[],"product_cat":[1946,1949,1948,1937,2535,2518,2536,1945,2532],"product_tag":[2521],"class_list":{"0":"post-80877","1":"product","2":"type-product","3":"status-publish","4":"has-post-thumbnail","6":"product_cat-balanse","7":"product_cat-balansetrening","8":"product_cat-klinikk","9":"product_cat-merkevarer","10":"product_cat-pilates-no","11":"product_cat-sissel-no","12":"product_cat-sissel-balansetrening","13":"product_cat-treningsutstyr","14":"product_cat-yoga-no","15":"product_tag-sissel-no","17":"first","18":"instock","19":"taxable","20":"shipping-taxable","21":"purchasable","22":"product-type-simple"},"acf":[],"_links":{"self":[{"href":"https:\/\/fysiolab.dk\/no\/wp-json\/wp\/v2\/product\/80877","targetHints":{"allow":["GET"]}}],"collection":[{"href":"https:\/\/fysiolab.dk\/no\/wp-json\/wp\/v2\/product"}],"about":[{"href":"https:\/\/fysiolab.dk\/no\/wp-json\/wp\/v2\/types\/product"}],"replies":[{"embeddable":true,"href":"https:\/\/fysiolab.dk\/no\/wp-json\/wp\/v2\/comments?post=80877"}],"wp:featuredmedia":[{"embeddable":true,"href":"https:\/\/fysiolab.dk\/no\/wp-json\/wp\/v2\/media\/80886"}],"wp:attachment":[{"href":"https:\/\/fysiolab.dk\/no\/wp-json\/wp\/v2\/media?parent=80877"}],"wp:term":[{"taxonomy":"product_brand","embeddable":true,"href":"https:\/\/fysiolab.dk\/no\/wp-json\/wp\/v2\/product_brand?post=80877"},{"taxonomy":"product_cat","embeddable":true,"href":"https:\/\/fysiolab.dk\/no\/wp-json\/wp\/v2\/product_cat?post=80877"},{"taxonomy":"product_tag","embeddable":true,"href":"https:\/\/fysiolab.dk\/no\/wp-json\/wp\/v2\/product_tag?post=80877"}],"curies":[{"name":"wp","href":"https:\/\/api.w.org\/{rel}","templated":true}]}}