{"id":80904,"date":"2023-07-16T13:10:57","date_gmt":"2023-07-16T11:10:57","guid":{"rendered":"https:\/\/fysiolab.dk\/product\/sissel-soft-touch-varme-kjoelepakke\/"},"modified":"2025-12-18T09:22:17","modified_gmt":"2025-12-18T08:22:17","slug":"sissel-soft-touch-varme-kjoelepakke","status":"publish","type":"product","link":"https:\/\/fysiolab.dk\/no\/product\/sissel-soft-touch-varme-kjoelepakke\/","title":{"rendered":"SISSEL Soft Touch varme-\/kj\u00f8lepakke"},"content":{"rendered":"<p>SISSEL Soft Touch er en komfortabel varmepakke med 3 seksjoner som sikrer optimal og perfekt dekning av nakke, skuldre og \u00f8vre del av ryggen. Pakken er enkel og lett \u00e5 forme til akkurat din rygg og nakke for \u00e5 sikre en god og behagelig behandling. Pakken er laget av et mykt og behagelig materiale som er lett \u00e5 rengj\u00f8re.  <\/p>\n<p>Pakningen kan varmes opp i mikrob\u00f8lgeovn eller varmt vann og legges i fryseren. P\u00e5 denne m\u00e5ten kan du enkelt behandle \u00f8mme og stramme muskler og idrettsskader. <\/p>\n<p><iframe title=\"SISSEL\u00ae Soft Touch Pro\" width=\"800\" height=\"450\" src=\"https:\/\/www.youtube.com\/embed\/b72EjEITt14?feature=oembed\" frameborder=\"0\" allow=\"accelerometer; autoplay; clipboard-write; encrypted-media; gyroscope; picture-in-picture; web-share\" referrerpolicy=\"strict-origin-when-cross-origin\" allowfullscreen><\/iframe><\/p>\n","protected":false},"excerpt":{"rendered":"<p><strong>SISSEL Soft Touch er en komfortabel varmepakke med 3 seksjoner som sikrer optimal og perfekt dekning av nakke, skuldre og \u00f8vre del av ryggen. Pakken er enkel og lett \u00e5 forme til akkurat din rygg og nakke for \u00e5 sikre en god og behagelig behandling. Pakken er laget av et mykt og behagelig materiale som er lett \u00e5 rengj\u00f8re.  <\/strong><\/p>\n","protected":false},"featured_media":80912,"comment_status":"closed","ping_status":"closed","template":"","meta":{"_acf_changed":false},"product_brand":[],"product_cat":[2119,2121,2434,1948,2185,1937,2439,2518,2531,1933],"product_tag":[2521],"class_list":{"0":"post-80904","1":"product","2":"type-product","3":"status-publish","4":"has-post-thumbnail","6":"product_cat-kald-og-varmebehandling","7":"product_cat-kalde-tetninger","8":"product_cat-kjoeleprodukter","9":"product_cat-klinikk","10":"product_cat-kombinerte-kulde-varmebandasjer","11":"product_cat-merkevarer","12":"product_cat-oppvarmingsprodukter","13":"product_cat-sissel-no","14":"product_cat-sissel-kald-varmebehandling","15":"product_cat-skinner-og-stoetteskinner","16":"product_tag-sissel-no","18":"first","19":"instock","20":"taxable","21":"shipping-taxable","22":"purchasable","23":"product-type-simple"},"acf":[],"_links":{"self":[{"href":"https:\/\/fysiolab.dk\/no\/wp-json\/wp\/v2\/product\/80904","targetHints":{"allow":["GET"]}}],"collection":[{"href":"https:\/\/fysiolab.dk\/no\/wp-json\/wp\/v2\/product"}],"about":[{"href":"https:\/\/fysiolab.dk\/no\/wp-json\/wp\/v2\/types\/product"}],"replies":[{"embeddable":true,"href":"https:\/\/fysiolab.dk\/no\/wp-json\/wp\/v2\/comments?post=80904"}],"wp:featuredmedia":[{"embeddable":true,"href":"https:\/\/fysiolab.dk\/no\/wp-json\/wp\/v2\/media\/80912"}],"wp:attachment":[{"href":"https:\/\/fysiolab.dk\/no\/wp-json\/wp\/v2\/media?parent=80904"}],"wp:term":[{"taxonomy":"product_brand","embeddable":true,"href":"https:\/\/fysiolab.dk\/no\/wp-json\/wp\/v2\/product_brand?post=80904"},{"taxonomy":"product_cat","embeddable":true,"href":"https:\/\/fysiolab.dk\/no\/wp-json\/wp\/v2\/product_cat?post=80904"},{"taxonomy":"product_tag","embeddable":true,"href":"https:\/\/fysiolab.dk\/no\/wp-json\/wp\/v2\/product_tag?post=80904"}],"curies":[{"name":"wp","href":"https:\/\/api.w.org\/{rel}","templated":true}]}}