{"id":80915,"date":"2023-07-16T13:11:22","date_gmt":"2023-07-16T11:11:22","guid":{"rendered":"https:\/\/fysiolab.dk\/product\/sissel-hot-cold-pearl-pack\/"},"modified":"2025-12-18T09:22:17","modified_gmt":"2025-12-18T08:22:17","slug":"sissel-hot-cold-pearl-pack","status":"publish","type":"product","link":"https:\/\/fysiolab.dk\/no\/product\/sissel-hot-cold-pearl-pack\/","title":{"rendered":"SISSEL Hot-Cold Pearl Pack"},"content":{"rendered":"<p>SISSEL Hot-Cold Pearl Pack brukes til \u00e5 redusere hevelser, bl\u00e5merker, betennelser, insektstikk og \u00f8mme muskler. Pakken har sm\u00e5 formbare perler som gj\u00f8r at du enkelt kan forme den til det omr\u00e5det p\u00e5 kroppen du \u00f8nsker \u00e5 bruke den p\u00e5, plassere den i kj\u00f8leskapet eller fryseren for kald behandling eller varme den opp i mikrob\u00f8lgeovnen eller i varmt vann. <\/p>\n<p><strong>St\u00f8rrelse: 27x14cm<\/strong><\/p>\n","protected":false},"excerpt":{"rendered":"<p><strong>SISSEL Hot-Cold Pearl Pack brukes til \u00e5 redusere hevelser, bl\u00e5merker, betennelser, insektstikk og \u00f8mme muskler. Pakken har sm\u00e5 formbare perler som gj\u00f8r at du enkelt kan forme den til det omr\u00e5det p\u00e5 kroppen du \u00f8nsker \u00e5 bruke den p\u00e5, plassere den i kj\u00f8leskapet eller fryseren for kald behandling eller varme den opp i mikrob\u00f8lgeovnen eller i varmt vann. <\/strong><\/p>\n<p><strong>St\u00f8rrelse: 27x14cm<\/strong><\/p>\n","protected":false},"featured_media":80917,"comment_status":"closed","ping_status":"closed","template":"","meta":{"_acf_changed":false},"product_brand":[],"product_cat":[2119,2124,2121,2434,1948,2185,1937,2439,1941,2518,2531,1933],"product_tag":[2521],"class_list":{"0":"post-80915","1":"product","2":"type-product","3":"status-publish","4":"has-post-thumbnail","6":"product_cat-kald-og-varmebehandling","7":"product_cat-kald-varmebehandling","8":"product_cat-kalde-tetninger","9":"product_cat-kjoeleprodukter","10":"product_cat-klinikk","11":"product_cat-kombinerte-kulde-varmebandasjer","12":"product_cat-merkevarer","13":"product_cat-oppvarmingsprodukter","14":"product_cat-rekonvalesens-og-sportspleie","15":"product_cat-sissel-no","16":"product_cat-sissel-kald-varmebehandling","17":"product_cat-skinner-og-stoetteskinner","18":"product_tag-sissel-no","20":"first","21":"instock","22":"taxable","23":"shipping-taxable","24":"purchasable","25":"product-type-simple"},"acf":[],"_links":{"self":[{"href":"https:\/\/fysiolab.dk\/no\/wp-json\/wp\/v2\/product\/80915","targetHints":{"allow":["GET"]}}],"collection":[{"href":"https:\/\/fysiolab.dk\/no\/wp-json\/wp\/v2\/product"}],"about":[{"href":"https:\/\/fysiolab.dk\/no\/wp-json\/wp\/v2\/types\/product"}],"replies":[{"embeddable":true,"href":"https:\/\/fysiolab.dk\/no\/wp-json\/wp\/v2\/comments?post=80915"}],"wp:featuredmedia":[{"embeddable":true,"href":"https:\/\/fysiolab.dk\/no\/wp-json\/wp\/v2\/media\/80917"}],"wp:attachment":[{"href":"https:\/\/fysiolab.dk\/no\/wp-json\/wp\/v2\/media?parent=80915"}],"wp:term":[{"taxonomy":"product_brand","embeddable":true,"href":"https:\/\/fysiolab.dk\/no\/wp-json\/wp\/v2\/product_brand?post=80915"},{"taxonomy":"product_cat","embeddable":true,"href":"https:\/\/fysiolab.dk\/no\/wp-json\/wp\/v2\/product_cat?post=80915"},{"taxonomy":"product_tag","embeddable":true,"href":"https:\/\/fysiolab.dk\/no\/wp-json\/wp\/v2\/product_tag?post=80915"}],"curies":[{"name":"wp","href":"https:\/\/api.w.org\/{rel}","templated":true}]}}