{"id":80916,"date":"2023-07-16T13:10:57","date_gmt":"2023-07-16T11:10:57","guid":{"rendered":"https:\/\/fysiolab.dk\/product\/headstrong-fotballhodebeskyttelse\/"},"modified":"2025-12-18T09:22:17","modified_gmt":"2025-12-18T08:22:17","slug":"headstrong-fotballhodebeskyttelse","status":"publish","type":"product","link":"https:\/\/fysiolab.dk\/no\/product\/headstrong-fotballhodebeskyttelse\/","title":{"rendered":"Headstrong fotballhodebeskyttelse"},"content":{"rendered":"<div>- Headstrong er et beskyttende panneb\u00e5nd laget for forebyggende bruk og spesielt for fotballspillere. Headstrong er ikke bare for dem som allerede har p\u00e5dratt seg en hodeskade, men ogs\u00e5 for dem som \u00f8nsker \u00e5 beskytte hodet mot slag og st\u00f8t. Headstrong kan brukes uten at det g\u00e5r p\u00e5 bekostning av hodespillet.  <\/div>\n<div><\/div>\n<div>Skader for\u00e5rsakes av kollisjoner, fall og andre \"tilfeldige\" slag mot hodet - ikke av heading, slik det feilaktig har v\u00e6rt hevdet s\u00e5 lenge.<\/div>\n<div><\/div>\n<div><a href=\"https:\/\/fysiolab.dk\/product\/headstrong-haandbold-hovedbeskyttelse\/\"><strong>Den finnes ogs\u00e5 i en modell for h\u00e5ndball som du kan kj\u00f8pe her!<\/strong><\/a><\/div>\n<div><\/div>\n<div>Headstrong er designet for at du skal kunne headbade med minst like mye kraft og kontroll som uten. Hodeb\u00e5ndet er polstret p\u00e5 baksiden og sidene for \u00e5 beskytte, mens det er tynt foran og trykt med sklisikker silikon som \u00f8ker friksjonen p\u00e5 ballen. <\/div>\n<div><\/div>\n<div>Headstrongs visjon er at spillere (b\u00e5de de som allerede har hatt skader - og de som \u00f8nsker \u00e5 beskytte seg forebyggende) n\u00e5 kan velge et produkt som kan brukes hele tiden. B\u00e5de p\u00e5 trening og i kamp. <\/div>\n<div><\/div>\n<div>Headstrong-hodeb\u00e5ndet kan ogs\u00e5 f\u00f8re til st\u00f8rre selvtillit i dueller, noe som kan styrke motet ditt og dermed spillet ditt generelt. Headstrong er derfor ikke bare et forebyggende sikkerhetsprodukt som leggbeskyttere, men et produkt som kan \u00f8ke prestasjonene dine og gj\u00f8re deg sterkere og bedre p\u00e5 banen. <\/div>\n<div><\/div>\n<div><strong>St\u00f8rrelsesguide:<\/strong><\/div>\n<div><strong>M\u00e5l omkretsen av hodet ditt rett over \u00f8yenbrynene og toppen av \u00f8rene<\/strong><\/div>\n<div><\/div>\n<div><strong>Omkrets: St\u00f8rrelse:<\/strong><\/div>\n<div><strong>54-55 cm S<\/strong><\/div>\n<div><strong>56-57 cm M<\/strong><\/div>\n<div><strong>58-59 cm L<\/strong><\/div>\n<div><strong>60-61 cm XL<\/strong><\/div>\n<div><\/div>\n","protected":false},"excerpt":{"rendered":"<p><strong>Headstrong er et beskyttende panneb\u00e5nd som er laget spesielt for fotballspillere. Headstrong gir den beste st\u00f8tbeskyttelsen, samtidig som det tynne hodeb\u00e5ndet gj\u00f8r at du kan styre ballen uhindret. <\/strong><\/p>\n","protected":false},"featured_media":80925,"comment_status":"closed","ping_status":"closed","template":"","meta":{"_acf_changed":false},"product_brand":[],"product_cat":[2541,2542,2218,2020,1966,1937,1945],"product_tag":[2543],"class_list":{"0":"post-80916","1":"product","2":"type-product","3":"status-publish","4":"has-post-thumbnail","6":"product_cat-beskyttelse-av-hodet","7":"product_cat-egenraadig","8":"product_cat-fotball-og-fotball","9":"product_cat-julegaveideer-no","10":"product_cat-klaer","11":"product_cat-merkevarer","12":"product_cat-treningsutstyr","13":"product_tag-egenraadig","15":"first","16":"instock","17":"taxable","18":"shipping-taxable","19":"purchasable","20":"product-type-variable"},"acf":[],"_links":{"self":[{"href":"https:\/\/fysiolab.dk\/no\/wp-json\/wp\/v2\/product\/80916","targetHints":{"allow":["GET"]}}],"collection":[{"href":"https:\/\/fysiolab.dk\/no\/wp-json\/wp\/v2\/product"}],"about":[{"href":"https:\/\/fysiolab.dk\/no\/wp-json\/wp\/v2\/types\/product"}],"replies":[{"embeddable":true,"href":"https:\/\/fysiolab.dk\/no\/wp-json\/wp\/v2\/comments?post=80916"}],"wp:featuredmedia":[{"embeddable":true,"href":"https:\/\/fysiolab.dk\/no\/wp-json\/wp\/v2\/media\/80925"}],"wp:attachment":[{"href":"https:\/\/fysiolab.dk\/no\/wp-json\/wp\/v2\/media?parent=80916"}],"wp:term":[{"taxonomy":"product_brand","embeddable":true,"href":"https:\/\/fysiolab.dk\/no\/wp-json\/wp\/v2\/product_brand?post=80916"},{"taxonomy":"product_cat","embeddable":true,"href":"https:\/\/fysiolab.dk\/no\/wp-json\/wp\/v2\/product_cat?post=80916"},{"taxonomy":"product_tag","embeddable":true,"href":"https:\/\/fysiolab.dk\/no\/wp-json\/wp\/v2\/product_tag?post=80916"}],"curies":[{"name":"wp","href":"https:\/\/api.w.org\/{rel}","templated":true}]}}