{"id":80934,"date":"2023-07-16T13:08:19","date_gmt":"2023-07-16T11:08:19","guid":{"rendered":"https:\/\/fysiolab.dk\/product\/pure-power-kreatin-300-g\/"},"modified":"2025-12-18T09:22:19","modified_gmt":"2025-12-18T08:22:19","slug":"pure-power-kreatin-300-g","status":"publish","type":"product","link":"https:\/\/fysiolab.dk\/no\/product\/pure-power-kreatin-300-g\/","title":{"rendered":"Pure Power Kreatin 300 g"},"content":{"rendered":"<h3><b>Kreatin - kroppens eget kosttilskudd<\/b><\/h3>\n<div>Kreatin forekommer naturlig i kroppen og spiller en avgj\u00f8rende rolle i kroppens energimetabolisme. N\u00e5r det er behov for energi, omdannes ATP (adenosintrifosfat = cellens valuta for energi) til ADP (adenosindifosfat). Etter hvert omdanner kroppen ADP tilbake til ATP ved hjelp av energi fra maten, men dette tar tid, og muskelcellene kan bare lagre nok ATP til noen f\u00e5 sekunders h\u00f8yintensivt arbeid. Derfor er kreatintilskudd avgj\u00f8rende for \u00e5 sikre h\u00f8ye niv\u00e5er av fosfokreatin*.   <\/div>\n<h3><b><br \/>\nAlle trenger kreatin hver dag<\/b><\/h3>\n<div><\/div>\n<div><i>Voksne har rundt 80-130 g kreatin i kroppen. Hver dag brytes ca. 1-2 % av dette kreatinet ned og skilles ut, s\u00e5 det m\u00e5 etterfylles. Menneskekroppen produserer en del kreatin naturlig, og inntaket av betydelige mengder kreatin fra maten skjer ved \u00e5 spise kj\u00f8tt og kj\u00f8ttprodukter. Tilberedning av mat kan i seg selv f\u00f8re til tap av kreatin i maten. Kroppens kreatinlagre opprettholdes gjennom inntak av kj\u00f8tt og kroppens egen kreatinsyntese*.    <\/i><\/div>\n<div><\/div>\n<div><\/div>\n<div><\/div>\n<div><\/div>\n<h3><b>Hvor mye trenger jeg?<\/b><\/h3>\n<div>Ta maksimalt 3,4 gram PurePower Creatine daglig n\u00e5r du er en utholdenhetsut\u00f8ver som trenger \u00e5 \u00f8ke den fysiske prestasjonen under gjentatte anstrengelser i kortvarig, h\u00f8yintensiv trening. Du kan tilpasse mengden innenfor det relevante intervallet basert p\u00e5 din st\u00f8rrelse, muskelmasse og aktivitetsniv\u00e5. <i>PurePower Creatine kan brukes n\u00e5r som helst p\u00e5 dagen, men det kan v\u00e6re en fordel \u00e5 ta det <u>rett etter trening eller om morgenen.<\/u> Det er ikke<\/i><i>n\u00f8dvendig med en p\u00e5fyllingsfase*.<\/i>  <\/div>\n<div><\/div>\n<div><\/div>\n<h3><b>Hvem kan ha nytte av kreatin?  <\/b><\/h3>\n<div>Kreatin \u00f8ker den fysiske prestasjonsevnen ved kortvarige, repetitive anstrengelser som fotball, basketball, badminton, h\u00e5ndball, hockey og sv\u00f8mming. <\/div>\n<div><\/div>\n<h3><b>Hvorfor du b\u00f8r velge PurePower Creatine<\/b><\/h3>\n<div><b><\/b><br \/>\n- Purepower Creatine er vegansk, kosher- og halal-sertifisert<br \/>\n- Purepower er ISO22000-sertifisert<\/div>\n<div align=\"center\">\n<div><\/div>\n<hr align=\"center\" size=\"0\" width=\"100%\">\n<div><\/div>\n<\/div>\n<div><b>Ingredienser: <\/b><br \/>\nKreatinmonohydrat<\/div>\n<div><b>Bruksanvisning:<\/b><br \/>\nRist 3,4 g = 3 g kreatin (1 str\u00f8ken m\u00e5leskje medf\u00f8lger) pulver i vann eller annen v\u00e6ske. Rist til pulveret er oppl\u00f8st. B\u00f8r inntas med ca. 250 ml vann.  <\/div>\n<div><b>Nettoinnhold:<\/b><br \/>\n300 g<\/div>\n<div><\/div>\n<div><b>Oppbevaring:<\/b><br \/>\nT\u00f8rt og ikke for varmt. Oppbevares utilgjengelig for barn. Den daglige dosen b\u00f8r ikke overskrides.<\/div>\n<div><\/div>\n<div>Kilder:<\/div>\n<div class=\"emp_addtocartevent\">* <a href=\"https:\/\/www.creapure.com\/en\/creapure\/what-creapure\" target=\"_blank\" rel=\"noopener\">https:\/\/www.creapure.com\/en\/creapure\/what-creapure<\/a><\/div>\n<div><\/div>\n<div><\/div>\n<div><\/div>\n<div><\/div>\n<div>\n<p>F\u00f8lgende informasjon gjelder for alle kosttilskuddsprodukter:<\/p>\n<ul type=\"disc\">\n<li><span lang=\"DA\">Produktet m\u00e5 ikke brukes av eller selges til personer under 18 \u00e5r.<u><\/u><u><\/u><\/span><\/li>\n<li><span lang=\"DA\">Hvis du har en alvorlig sykdom eller bruker reseptbelagte medisiner, b\u00f8r du r\u00e5df\u00f8re deg med lege f\u00f8r bruk.<u><\/u><u><\/u><\/span><\/li>\n<li><span lang=\"DA\">Uttalelsene p\u00e5 nettstedet er ikke gjennomg\u00e5tt av den danske L\u00e6gemiddel- og F\u00f8devarestyrelsen.<u><\/u><u><\/u><\/span><\/li>\n<li><span lang=\"DA\">Produktet er ikke ment \u00e5 diagnostisere, behandle, kurere eller forebygge noen sykdom.<u><\/u><u><\/u><\/span><\/li>\n<li><span lang=\"DA\">Resultatene kan variere og vil ikke v\u00e6re de samme for alle<\/span><\/li>\n<\/ul>\n<\/div>\n","protected":false},"excerpt":{"rendered":"<p>Kreatin er <span id=\"CMSText\">et av de mest brukte prestasjonsfremmende kosttilskuddene<\/span> p\u00e5 markedet. <span id=\"CMSText\">Det er et veldokumentert tilskudd som har en merkbar effekt.<\/span> Kreatin<span class=\"ILfuVd\"><span class=\"hgKElc\"> har en betydelig innvirkning p\u00e5 v\u00e5r evne til \u00e5 utf\u00f8re kortvarig, intensivt arbeid.<\/span><\/span> <\/p>\n","protected":false},"featured_media":80936,"comment_status":"closed","ping_status":"closed","template":"","meta":{"_acf_changed":false},"product_brand":[],"product_cat":[2477,2232,1937,2234,2471],"product_tag":[2469],"class_list":{"0":"post-80934","1":"product","2":"type-product","3":"status-publish","4":"has-post-thumbnail","6":"product_cat-kapsler-no","7":"product_cat-kosttilskudd","8":"product_cat-merkevarer","9":"product_cat-mineraler-og-diverse","10":"product_cat-ren-kraft","11":"product_tag-ren-kraft","13":"first","14":"instock","15":"taxable","16":"shipping-taxable","17":"purchasable","18":"product-type-simple"},"acf":[],"_links":{"self":[{"href":"https:\/\/fysiolab.dk\/no\/wp-json\/wp\/v2\/product\/80934","targetHints":{"allow":["GET"]}}],"collection":[{"href":"https:\/\/fysiolab.dk\/no\/wp-json\/wp\/v2\/product"}],"about":[{"href":"https:\/\/fysiolab.dk\/no\/wp-json\/wp\/v2\/types\/product"}],"replies":[{"embeddable":true,"href":"https:\/\/fysiolab.dk\/no\/wp-json\/wp\/v2\/comments?post=80934"}],"wp:featuredmedia":[{"embeddable":true,"href":"https:\/\/fysiolab.dk\/no\/wp-json\/wp\/v2\/media\/80936"}],"wp:attachment":[{"href":"https:\/\/fysiolab.dk\/no\/wp-json\/wp\/v2\/media?parent=80934"}],"wp:term":[{"taxonomy":"product_brand","embeddable":true,"href":"https:\/\/fysiolab.dk\/no\/wp-json\/wp\/v2\/product_brand?post=80934"},{"taxonomy":"product_cat","embeddable":true,"href":"https:\/\/fysiolab.dk\/no\/wp-json\/wp\/v2\/product_cat?post=80934"},{"taxonomy":"product_tag","embeddable":true,"href":"https:\/\/fysiolab.dk\/no\/wp-json\/wp\/v2\/product_tag?post=80934"}],"curies":[{"name":"wp","href":"https:\/\/api.w.org\/{rel}","templated":true}]}}