{"id":80935,"date":"2023-07-16T13:09:18","date_gmt":"2023-07-16T11:09:18","guid":{"rendered":"https:\/\/fysiolab.dk\/product\/donjoy-c2-hals-nakkekrage\/"},"modified":"2025-12-18T09:22:18","modified_gmt":"2025-12-18T08:22:18","slug":"donjoy-c2-hals-nakkekrage","status":"publish","type":"product","link":"https:\/\/fysiolab.dk\/no\/product\/donjoy-c2-hals-nakkekrage\/","title":{"rendered":"DonJoy C2+ hals\/nakkekrage"},"content":{"rendered":"<p>DonJoy C2+ nakke- og halskrage er en anatomisk formet krage som beskytter nakke og hals etter operasjoner eller nakkesleng, og anbefales ogs\u00e5 ved slitasjegikt i nakkevirvlene.<\/p>\n<p>Kragen gir god stabilitet og h\u00f8y tetthet for \u00e5 sikre korrekt posisjonering av nakkevirvlene etter en skade. Kragen har avrundede former for bedre passform. <\/p>\n<p><strong>Farge: Svart<\/strong><\/p>\n<p>Halsb\u00e5ndet kan brukes b\u00e5de om dagen og n\u00e5r du sover. Kragen kan vaskes p\u00e5 40 grader og er lateksfri. <\/p>\n<p>Fordeler og funksjoner:<\/p>\n<ul>\n<li>Utviklet for \u00e5 st\u00f8tte og stabilisere halsryggen<\/li>\n<li>Uttakbar fast innsats gir justerbar st\u00f8tte<\/li>\n<li>Det myke skummet med h\u00f8y tetthet gir en behagelig passform<\/li>\n<li>Anatomisk formet med avrundede kanter<\/li>\n<li>Avtakbart og vaskbart trekk (x2 trekk)<\/li>\n<li>H\u00f8yde p\u00e5 halskrage: 6 cm (barn), 7,5 cm og 9,5 cm<\/li>\n<\/ul>\n<p>Hvordan finne riktig krage st\u00f8rrelse og h\u00f8yde:<\/p>\n<p><strong>Kragen finnes i to h\u00f8yder: 7,5 cm og 9,5 cm. Du m\u00e5ler fra toppen av brystbenet og opp til haken n\u00e5r du holder hodet i n\u00f8ytral stilling. Avhengig av hvor mye bakoverb\u00f8yning av nakken du \u00f8nsker, kan du g\u00e5 opp i st\u00f8rrelse.  <\/strong><\/p>\n<p><strong>Hvordan m\u00e5le og bestemme h\u00f8yden (se video lenger ned i teksten)<\/strong><\/p>\n<p><a href=\"https:\/\/dev.fysiolab.dk\/wp-content\/uploads\/2025\/05\/X5.png\"><img fetchpriority=\"high\" decoding=\"async\" class=\"alignnone size-medium wp-image-202392654\" src=\"https:\/\/dev.fysiolab.dk\/wp-content\/uploads\/2025\/05\/X5-300x168.png\" alt=\"\" width=\"300\" height=\"168\" title=\"\"><\/a><\/p>\n<p><strong>M\u00e5l omkretsen av halsen (se video lenger ned i teksten)<\/strong><\/p>\n<p><a href=\"https:\/\/dev.fysiolab.dk\/wp-content\/uploads\/2025\/05\/X4.png\"><img decoding=\"async\" class=\"alignnone size-medium wp-image-202392655\" src=\"https:\/\/dev.fysiolab.dk\/wp-content\/uploads\/2025\/05\/X4-300x169.png\" alt=\"\" width=\"300\" height=\"169\" title=\"\"><\/a><\/p>\n<p><strong>St\u00f8rrelse: Omkrets:<\/strong><\/p>\n<p><strong>Barn 21-25 cm<\/strong><\/p>\n<p><strong>St\u00f8rrelse 0 25-28 cm<\/strong><\/p>\n<p><strong>St\u00f8rrelse 1 29-32 cm<\/strong><\/p>\n<p><strong>St\u00f8rrelse 2 33-37 cm<\/strong><\/p>\n<p><strong>St\u00f8rrelse 3 38-42 cm<\/strong><\/p>\n<p><strong>St\u00f8rrelse 4 43-47 cm<\/strong><\/p>\n<p><strong>St\u00f8rrelse 5: 48-51 cm<\/strong><\/p>\n<p><strong>Kontakt fysioterapeut Kristian\/Erik p\u00e5 tlf: 92724444 (2) for veiledning<\/strong><\/p>\n<p><iframe title=\"Opm\u00e5lingsvejledning til omkreds hals\/nakke FysioLab\" width=\"800\" height=\"450\" src=\"https:\/\/www.youtube.com\/embed\/Z1RBIJ5g-zU?feature=oembed\" frameborder=\"0\" allow=\"accelerometer; autoplay; clipboard-write; encrypted-media; gyroscope; picture-in-picture; web-share\" referrerpolicy=\"strict-origin-when-cross-origin\" allowfullscreen><\/iframe><\/p>\n<p><iframe title=\"Opm\u00e5lingsvejledning af halsens h\u00f8jdem\u00e5l FysioLab\" width=\"800\" height=\"450\" src=\"https:\/\/www.youtube.com\/embed\/KxyE87KJTRU?feature=oembed\" frameborder=\"0\" allow=\"accelerometer; autoplay; clipboard-write; encrypted-media; gyroscope; picture-in-picture; web-share\" referrerpolicy=\"strict-origin-when-cross-origin\" allowfullscreen><\/iframe><\/p>\n<p>&nbsp;<\/p>\n<p>&nbsp;<\/p>\n<p>&nbsp;<\/p>\n","protected":false},"excerpt":{"rendered":"<p><strong>DonJoy C2+ nakke- og halskrage er en anatomisk formet krage som beskytter nakke og hals etter operasjoner eller nakkesleng, og anbefales ogs\u00e5 ved slitasjegikt i nakkevirvlene.  <\/strong><strong>Kragen gir god stabilitet og h\u00f8y tetthet for \u00e5 sikre korrekt posisjonering av nakkevirvlene etter en skade. Kragen har avrundede former for bedre passform. <\/strong><\/p>\n<p><strong>Farge: Svart<\/strong><\/p>\n<p><strong> <\/strong><\/p>\n","protected":false},"featured_media":80951,"comment_status":"closed","ping_status":"closed","template":"","meta":{"_acf_changed":false},"product_brand":[3091],"product_cat":[2114,1937,2112,2113,2000,2117,1933,2116,2115],"product_tag":[2173],"class_list":{"0":"post-80935","1":"product","2":"type-product","3":"status-publish","4":"has-post-thumbnail","6":"product_brand-donjoy","7":"product_cat-artrose-i-nakken","8":"product_cat-merkevarer","9":"product_cat-nakke-og-hals-no","10":"product_cat-nakkesleng-whiplash","11":"product_cat-procare-no","12":"product_cat-procare-hals-og-nakkekrage","13":"product_cat-skinner-og-stoetteskinner","14":"product_cat-smerter-i-nakken-no","15":"product_cat-stivhet-i-nakken","16":"product_tag-donjoy-no","18":"first","19":"instock","20":"taxable","21":"shipping-taxable","22":"purchasable","23":"product-type-variable"},"acf":[],"_links":{"self":[{"href":"https:\/\/fysiolab.dk\/no\/wp-json\/wp\/v2\/product\/80935","targetHints":{"allow":["GET"]}}],"collection":[{"href":"https:\/\/fysiolab.dk\/no\/wp-json\/wp\/v2\/product"}],"about":[{"href":"https:\/\/fysiolab.dk\/no\/wp-json\/wp\/v2\/types\/product"}],"replies":[{"embeddable":true,"href":"https:\/\/fysiolab.dk\/no\/wp-json\/wp\/v2\/comments?post=80935"}],"wp:featuredmedia":[{"embeddable":true,"href":"https:\/\/fysiolab.dk\/no\/wp-json\/wp\/v2\/media\/80951"}],"wp:attachment":[{"href":"https:\/\/fysiolab.dk\/no\/wp-json\/wp\/v2\/media?parent=80935"}],"wp:term":[{"taxonomy":"product_brand","embeddable":true,"href":"https:\/\/fysiolab.dk\/no\/wp-json\/wp\/v2\/product_brand?post=80935"},{"taxonomy":"product_cat","embeddable":true,"href":"https:\/\/fysiolab.dk\/no\/wp-json\/wp\/v2\/product_cat?post=80935"},{"taxonomy":"product_tag","embeddable":true,"href":"https:\/\/fysiolab.dk\/no\/wp-json\/wp\/v2\/product_tag?post=80935"}],"curies":[{"name":"wp","href":"https:\/\/api.w.org\/{rel}","templated":true}]}}