{"id":80952,"date":"2023-07-16T13:09:18","date_gmt":"2023-07-16T11:09:18","guid":{"rendered":"https:\/\/fysiolab.dk\/product\/energy-snack-karamell-peanoett-12-stk\/"},"modified":"2025-12-18T09:22:18","modified_gmt":"2025-12-18T08:22:18","slug":"energy-snack-karamell-peanoett-12-stk","status":"publish","type":"product","link":"https:\/\/fysiolab.dk\/no\/product\/energy-snack-karamell-peanoett-12-stk\/","title":{"rendered":"Energy Snack Karamell\/Pean\u00f8tt - 12 stk"},"content":{"rendered":"<div class=\"emp_addtocartevent\">\n<p>Perfekt for en rask energiboost for deg som sykler, l\u00f8per, sv\u00f8mmer eller bare elsker smaken av karamell og pean\u00f8ttsm\u00f8r. Er du en fan av karamell og pean\u00f8ttsm\u00f8r? Eller har du bare lyst p\u00e5 en annen smak?  <\/p>\n<p>Da er v\u00e5r PurePower Energy Snack Caramel\/Peanut akkurat det rette!<\/p>\n<p>Med en smak som minner om de velkjente sjokoladebarene med pean\u00f8tter, f\u00e5r du en rask og effektiv energiboost n\u00e5r du trenger det som mest. Samtidig f\u00e5r du et tilskudd av fiber i form av havreflak. Dette forlenger energien din og gir en jevnere energitilf\u00f8rsel.  <\/p>\n<p>I tillegg har energibarene et deilig knasende bitt som gir litt substans til det du spiser. Og s\u00e5 er det den deilige, langvarige smaken av pean\u00f8ttsm\u00f8r og karamell som gir deg en ekstra bel\u00f8nning for innsatsen. <\/p>\n<p>Til slutt smuldrer ikke energibarene opp i munnen. Det betyr at du ikke ender opp med \u00e5 sette bitene i halsen fordi du puster fort og tungt p\u00e5 grunn av treningen. <\/p>\n<p>&nbsp;<\/p>\n<p><strong>Perfekt for \u00e5 ta deg hele veien til m\u00e5lstreken!<\/strong><\/p>\n<p>Energy Snack Caramel\/Peanut kan brukes av alle som trener seri\u00f8st. Den er lett \u00e5 ha med seg i vesken og lett \u00e5 spise hvis du f\u00e5r et sukkerkrasj p\u00e5 treningssenteret. <\/p>\n<p>Eller til \u00e5 ha i baklommen og ta tak i n\u00e5r du g\u00e5r tom for energi p\u00e5 sykkelturen, triatlonet eller l\u00f8peturen. Eller i andre situasjoner der du trenger en rask energiboost. <\/p>\n<p>Du kan ogs\u00e5 ta en PurePower Energy Snack Caramel\/Peanut som en ekstra, velsmakende energiboost en time f\u00f8r treningen.<\/p>\n<p>Hvis du bestiller PurePower Energy Snack Caramel\/Peanut i dag, kan du se frem til \u00e5 sette tennene i den i l\u00f8pet av bare noen f\u00e5 dager.<\/p>\n<p>P\u00e5 den m\u00e5ten kan du f\u00e5 et deilig alternativ til tradisjonelle energibarer uten \u00e5 g\u00e5 glipp av alle fordelene.<\/p>\n<div><\/div>\n<\/div>\n<div class=\"row\">\n<div class=\"col-s-4 col-m-6 col-l-6 col-xl-12\" data-mh=\"text-item\">\n<table border=\"1\" cellspacing=\"1\" cellpadding=\"1\">\n<tbody>\n<tr>\n<td>N\u00e6ringsinnhold:<\/td>\n<td>per 100 g<\/td>\n<td>per 60 g<\/td>\n<\/tr>\n<tr>\n<td>Energi:<\/td>\n<td>1903 kJ\/454 Kcal<\/td>\n<td>1142 kJ\/272 Kcal<\/td>\n<\/tr>\n<tr>\n<td>Fett<\/td>\n<td>22,3 g<\/td>\n<td>13,3 g<\/td>\n<\/tr>\n<tr>\n<td>- Herav mettede fettsyrer<\/td>\n<td>6,8 g<\/td>\n<td>4 g<\/td>\n<\/tr>\n<tr>\n<td>Karbohydrater:<\/td>\n<td>54 g<\/td>\n<td>32,4 g<\/td>\n<\/tr>\n<tr>\n<td>- Herav sukkerarter<\/td>\n<td>35,3<\/td>\n<td>21,2 g<\/td>\n<\/tr>\n<tr>\n<td>Protein:<\/td>\n<td>8,3 g<\/td>\n<td>5 g<\/td>\n<\/tr>\n<tr>\n<td>Salt<\/td>\n<td>0,28 g<\/td>\n<td>0,17<\/td>\n<\/tr>\n<\/tbody>\n<\/table>\n<div><\/div>\n<\/div>\n<div class=\"col-s-4 col-m-6 col-l-6 col-xl-12\" data-mh=\"text-item\">\n<div><strong>Ingredienser: <\/strong><br \/>\nHavre 30%, karamellglasur 18% (sukker, palme- og rapsolje, glukose, sirup, vann, skummetmelkpulver, farge: E150c, emulgatorer: E492; E471, salt, aroma, konserveringsmiddel: E202), gyllen sirup, pean\u00f8ttsm\u00f8r 12% (ristede pean\u00f8tter, vegetabilsk margarin (palme- og rapsolje, vann, salt, naturlig aroma), demerarasukker, pean\u00f8tter 3%. Kan inneholde spor av n\u00f8tter, egg og soyaAnvendelsestips<strong>:<\/strong><br \/>\nEn time f\u00f8r trening eller under lengre trenings\u00f8kter\/konkurranser. <\/div>\n<div><strong>Generell info:<\/strong><br \/>\nMild smak med en myk konsistens.<\/div>\n<\/div>\n<\/div>\n<div><\/div>\n<div><\/div>\n<div><\/div>\n<div><\/div>\n<div>\n<p>F\u00f8lgende informasjon gjelder for alle kosttilskuddsprodukter:<\/p>\n<ul type=\"disc\">\n<li><span lang=\"DA\">Produktet m\u00e5 ikke brukes av eller selges til personer under 18 \u00e5r.<u><\/u><u><\/u><\/span><\/li>\n<li><span lang=\"DA\">Hvis du har en alvorlig sykdom eller bruker reseptbelagte medisiner, b\u00f8r du r\u00e5df\u00f8re deg med lege f\u00f8r bruk.<u><\/u><u><\/u><\/span><\/li>\n<li><span lang=\"DA\">Uttalelsene p\u00e5 nettstedet er ikke gjennomg\u00e5tt av den danske L\u00e6gemiddel- og F\u00f8devarestyrelsen.<u><\/u><u><\/u><\/span><\/li>\n<li><span lang=\"DA\">Produktet er ikke ment \u00e5 diagnostisere, behandle, kurere eller forebygge noen sykdom.<u><\/u><u><\/u><\/span><\/li>\n<li><span lang=\"DA\">Resultatene kan variere og vil ikke v\u00e6re de samme for alle<\/span><\/li>\n<\/ul>\n<\/div>\n","protected":false},"excerpt":{"rendered":"<p><strong>Med Energy Snack Caramel\/Peanut f\u00e5r du:<\/strong><\/p>\n<ul>\n<li><strong>Et deilig mellomm\u00e5ltid med karamell og pean\u00f8ttsm\u00f8r<\/strong><\/li>\n<li><strong>En god energikilde med rask og god effekt<\/strong><\/li>\n<li><strong>En praktisk energibar som er enkel \u00e5 spise<\/strong><\/li>\n<\/ul>\n","protected":false},"featured_media":80955,"comment_status":"closed","ping_status":"closed","template":"","meta":{"_acf_changed":false},"product_brand":[],"product_cat":[2473,2474,2232,1937,2471],"product_tag":[2469],"class_list":{"0":"post-80952","1":"product","2":"type-product","3":"status-publish","4":"has-post-thumbnail","6":"product_cat-energibar-no","7":"product_cat-energibar-no-2","8":"product_cat-kosttilskudd","9":"product_cat-merkevarer","10":"product_cat-ren-kraft","11":"product_tag-ren-kraft","13":"first","14":"instock","15":"sale","16":"taxable","17":"shipping-taxable","18":"purchasable","19":"product-type-simple"},"acf":[],"_links":{"self":[{"href":"https:\/\/fysiolab.dk\/no\/wp-json\/wp\/v2\/product\/80952","targetHints":{"allow":["GET"]}}],"collection":[{"href":"https:\/\/fysiolab.dk\/no\/wp-json\/wp\/v2\/product"}],"about":[{"href":"https:\/\/fysiolab.dk\/no\/wp-json\/wp\/v2\/types\/product"}],"replies":[{"embeddable":true,"href":"https:\/\/fysiolab.dk\/no\/wp-json\/wp\/v2\/comments?post=80952"}],"wp:featuredmedia":[{"embeddable":true,"href":"https:\/\/fysiolab.dk\/no\/wp-json\/wp\/v2\/media\/80955"}],"wp:attachment":[{"href":"https:\/\/fysiolab.dk\/no\/wp-json\/wp\/v2\/media?parent=80952"}],"wp:term":[{"taxonomy":"product_brand","embeddable":true,"href":"https:\/\/fysiolab.dk\/no\/wp-json\/wp\/v2\/product_brand?post=80952"},{"taxonomy":"product_cat","embeddable":true,"href":"https:\/\/fysiolab.dk\/no\/wp-json\/wp\/v2\/product_cat?post=80952"},{"taxonomy":"product_tag","embeddable":true,"href":"https:\/\/fysiolab.dk\/no\/wp-json\/wp\/v2\/product_tag?post=80952"}],"curies":[{"name":"wp","href":"https:\/\/api.w.org\/{rel}","templated":true}]}}