{"id":80956,"date":"2023-07-16T13:09:18","date_gmt":"2023-07-16T11:09:18","guid":{"rendered":"https:\/\/fysiolab.dk\/product\/hydro-tabs-baersmak-5x20-stk\/"},"modified":"2025-12-18T09:22:18","modified_gmt":"2025-12-18T08:22:18","slug":"hydro-tabs-baersmak-5x20-stk","status":"publish","type":"product","link":"https:\/\/fysiolab.dk\/no\/product\/hydro-tabs-baersmak-5x20-stk\/","title":{"rendered":"Hydro Tabs - B\u00e6rsmak 5&#215;20 stk."},"content":{"rendered":"<p>HYDRO brusetabletter med elektrolytter med b\u00e6rsmak gir en behagelig, frisk smak av r\u00f8de skogsb\u00e6r med naturlig r\u00f8dbetfarge. Sukralose brukes som s\u00f8tningsmiddel. Det er kjent for \u00e5 gi en mer naturlig s\u00f8dme enn for eksempel aspartam og andre kunstige s\u00f8tningsmidler.  <\/p>\n<h2>Essensielle salter og mineraler<\/h2>\n<p>Elektrolytter er en blanding av salter og mineraler som kroppen din trenger for \u00e5 prestere optimalt under trening eller konkurranse. Normalt f\u00e5r du i deg disse essensielle stoffene naturlig gjennom det daglige kostholdet. Men n\u00e5r du presser kroppen, risikerer du \u00e5 g\u00e5 tom for dem, noe som kan f\u00f8re til for eksempel dehydrering eller kramper.  <\/p>\n<h2>Sikrer v\u00e6skebalanse<\/h2>\n<p>Elektrolytter er viktige salter som blant annet beskytter deg mot dehydrering. Selv et beskjedent v\u00e6sketap p\u00e5 1-2 % kan redusere ytelsen din med 10-20 %. <\/p>\n<p>N\u00e5r kroppen kommer i saltunderskudd, mister den evnen til \u00e5 holde p\u00e5 v\u00e6ske. Dette gj\u00f8r det vanskelig \u00e5 holde seg hydrert. Hvis kroppen mangler salt, kan man i verste fall bli fullstendig dehydrert - selv om man drikker alt man kan.  <\/p>\n<p>Hvis saltbalansen er i orden, kan du lettere absorbere v\u00e6ske. Dette gj\u00f8r det lettere \u00e5 holde prestasjonen oppe med et normalt v\u00e6skeinntak gjennom hele trenings\u00f8kten. <\/p>\n<h2>Unng\u00e5 kramper<\/h2>\n<p>Samtidig reduserer tilskudd av mineralet magnesium effektivt risikoen for kramper under eller etter trenings\u00f8kten.<\/p>\n<p>Kramper oppst\u00e5r vanligvis etter langvarig, hard fysisk anstrengelse som har trettet ut musklene - spesielt i beina. P\u00e5 samme m\u00e5te kan dehydrering \u00f8ke risikoen for \u00e5 utvikle krampeproblemer. <\/p>\n<h2>Forbedre oksygenopptaket i blodet<\/h2>\n<p>HYDRO brusetabletter fra PurePower inneholder ogs\u00e5 vitamin B6. Det spiller en viktig rolle i dannelsen av r\u00f8de blodlegemer og \u00f8ker hemoglobinets evne til \u00e5 transportere oksygen rundt i kroppen. <\/p>\n<h2>Unng\u00e5 energioverskudd<\/h2>\n<p>En annen fordel med HYDRO brusetabletter med elektrolytter er at den ikke tilf\u00f8rer energi til drikkevannet du l\u00f8ser opp tabletten i.<\/p>\n<p>S\u00e5 hvis du vil s\u00f8rge for \u00e5 forbrenne noen kalorier under treningen - for eksempel fordi du \u00f8nsker \u00e5 g\u00e5 ned i vekt - kan du bruke en HYDRO-brusetablett som smakstilsetning i drikkevannet ditt under treningen.<\/p>\n<p>Dette sikrer at du faktisk forbrenner kalorier under treningen, slik at du oppn\u00e5r \u00f8nsket vekttap.<\/p>\n<p>Hvis du derimot \u00f8nsker \u00e5 tilf\u00f8re energi under trenings\u00f8kten, kan du tilsette raske karbohydrater, for eksempel energipulver, i drikkevannet. Dette gir et raskt energitilskudd under trenings\u00f8kten. <\/p>\n<h2>Slik doserer du HYDRO brusetabletter med elektrolytter<\/h2>\n<p>For optimal effekt b\u00f8r du tilsette \u00e9n HYDRO-brusetablett med elektrolytter for hver 200-300 ml kaldt vann. Du b\u00f8r imidlertid bruke maksimalt 4 brusetabletter daglig. Denne dosen b\u00f8r ikke overskrides.  <\/p>\n<p>Brusetabletter skal oppbevares t\u00f8rt, under 25 \u00b0C og utilgjengelig for sm\u00e5 barn.<\/p>\n<div class=\"row\">\n<div class=\"col-s-4 col-m-6 col-l-6 col-xl-12\" data-mh=\"text-item\">\n<p>&nbsp;<\/p>\n<table id=\"responsive\" border=\"1\" cellspacing=\"1\" cellpadding=\"1\">\n<tbody>\n<tr>\n<td>N\u00e6ringsinnhold<\/td>\n<td>Per dagsdose<\/p>\n<p>4 tabletter = 16 g<\/td>\n<td>Per 100 ml drikke<\/p>\n<p>(1 tablett i 200 ml vann <\/td>\n<\/tr>\n<tr>\n<td>Energi<\/td>\n<td>152 kJ\/36 kcal<\/td>\n<td>19kJ\/4,5kcal<\/td>\n<\/tr>\n<tr>\n<td>Fett<\/td>\n<td>0 g<\/td>\n<td>0 g<\/td>\n<\/tr>\n<tr>\n<td>- hvorav mettede fettsyrer<\/td>\n<td>0 g<\/td>\n<td>0 g<\/td>\n<\/tr>\n<tr>\n<td>Karbohydrater<\/td>\n<td>4,8 g<\/td>\n<td>0,6 g<\/td>\n<\/tr>\n<tr>\n<td>- hvorav sukkerarter<\/td>\n<td>2,8 g<\/td>\n<td>&lt; 0,5 g<\/td>\n<\/tr>\n<tr>\n<td>- hvorav polyoler<\/td>\n<td>2,8 g<\/td>\n<td>&lt; 0,5 g<\/td>\n<\/tr>\n<tr>\n<td>Innhold av protein<\/td>\n<td>0 g<\/td>\n<td>0 g<\/td>\n<\/tr>\n<tr>\n<td>salt<\/td>\n<td>2,36 g<\/td>\n<td>0,295 g<\/td>\n<\/tr>\n<\/tbody>\n<\/table>\n<p>&nbsp;<\/p>\n<table border=\"1\" cellspacing=\"1\" cellpadding=\"1\">\n<tbody>\n<tr>\n<td>Vitaminer:<\/td>\n<td>Per daglig dose<\/p>\n<p>4 tabletter = 16 g <\/td>\n<td>Per 100 ml drikke<\/p>\n<p>(1 tablett i 200 ml vann <\/td>\n<\/tr>\n<tr>\n<td>Vitamin E<\/td>\n<td>7,2 mg (7,2 %*)<\/td>\n<td>0,9 mg (7,5 %*)<\/td>\n<\/tr>\n<tr>\n<td>Niacin (vitamin B3)<\/td>\n<td>9,6 mg (7,5 %*)<\/td>\n<td>1,2 mg (7,5 %*)<\/td>\n<\/tr>\n<tr>\n<td>Vitamin B6<\/td>\n<td>0,84 mg<\/td>\n<td>0,11 mg (7,6 %*)<\/td>\n<\/tr>\n<\/tbody>\n<\/table>\n<p>&nbsp;<\/p>\n<table border=\"1\" cellspacing=\"1\" cellpadding=\"1\">\n<tbody>\n<tr>\n<td>Mineraler:<\/td>\n<td>Per dagsdose 4 tabletter = 16 g <\/td>\n<td>Per 100 ml drikke (1 tablett i 200 ml vann)<\/td>\n<\/tr>\n<tr>\n<td>Innhold av natrium<\/td>\n<td>915,2 mg<\/td>\n<td>114,4 mg natrium<\/td>\n<\/tr>\n<tr>\n<td>Magnesium<\/td>\n<td>225 mg (7,5 %*)<\/td>\n<td>28,13 mg (7,5 %*)<\/td>\n<\/tr>\n<\/tbody>\n<\/table>\n<\/div>\n<div class=\"col-s-4 col-m-6 col-l-6 col-xl-12\" data-mh=\"text-item\">\n<div><strong>Lagring<\/strong><strong>:<\/strong><\/div>\n<div><\/div>\n<div>Oppbevares kj\u00f8lig (maks. 25 \u00b0C), t\u00f8rt og beskyttet mot direkte sollys. Oppbevares utilgjengelig for sm\u00e5 barn. <\/div>\n<div><\/div>\n<div>\n<p><strong>Ingredienser:  <\/strong><\/p>\n<div>\n<div>Surhetsregulerende midler: sitronsyre E330 og natriumhydrogenkarbonat, glukose, glansemiddel: sorbitol, magnesiumkarbonat, r\u00f8dbetpulverkonsentrat, aromaer, s\u00f8tningsmiddel: sukralose, glansemiddel: polyetylenglykol, DL-alfa-tokoferylacetat (vitamin E), nikotinamid (niacin), pyridoksinhydroklorid (vitamin B6).<\/div>\n<div>Kan inneholde spor av laktose.<\/div>\n<\/div>\n<\/div>\n<\/div>\n<div><\/div>\n<\/div>\n<p>&nbsp;<\/p>\n<p>&nbsp;<\/p>\n<p>F\u00f8lgende informasjon gjelder for alle kosttilskuddsprodukter:<\/p>\n<ul type=\"disc\">\n<li><span lang=\"DA\">Produktet m\u00e5 ikke brukes av eller selges til personer under 18 \u00e5r.<u><\/u><u><\/u><\/span><\/li>\n<li><span lang=\"DA\">Hvis du har en alvorlig sykdom eller bruker reseptbelagte medisiner, b\u00f8r du r\u00e5df\u00f8re deg med lege f\u00f8r bruk.<u><\/u><u><\/u><\/span><\/li>\n<li><span lang=\"DA\">Uttalelsene p\u00e5 nettstedet er ikke gjennomg\u00e5tt av den danske L\u00e6gemiddel- og F\u00f8devarestyrelsen.<u><\/u><u><\/u><\/span><\/li>\n<li><span lang=\"DA\">Produktet er ikke ment \u00e5 diagnostisere, behandle, kurere eller forebygge noen sykdom.<u><\/u><u><\/u><\/span><\/li>\n<li><span lang=\"DA\">Resultatene kan variere og vil ikke v\u00e6re de samme for alle<\/span><\/li>\n<\/ul>\n","protected":false},"excerpt":{"rendered":"<p class=\"emp_addtocartevent\">HYDRO brusetabletter holder kroppen hydrert, reduserer risikoen for kramper, forbedrer produksjonen av r\u00f8de blodlegemer og \u00f8ker fordelingen av oksygen i kroppen. Her i en deilig versjon med b\u00e6rsmak og naturlig r\u00f8dbetfarge <\/p>\n","protected":false},"featured_media":80958,"comment_status":"closed","ping_status":"closed","template":"","meta":{"_acf_changed":false},"product_brand":[],"product_cat":[2233,2472,2232,1937,2471],"product_tag":[2469],"class_list":{"0":"post-80956","1":"product","2":"type-product","3":"status-publish","4":"has-post-thumbnail","6":"product_cat-hydro-tabs-no","7":"product_cat-hydro-tabs-no-2","8":"product_cat-kosttilskudd","9":"product_cat-merkevarer","10":"product_cat-ren-kraft","11":"product_tag-ren-kraft","13":"first","14":"instock","15":"sale","16":"taxable","17":"shipping-taxable","18":"purchasable","19":"product-type-simple"},"acf":[],"_links":{"self":[{"href":"https:\/\/fysiolab.dk\/no\/wp-json\/wp\/v2\/product\/80956","targetHints":{"allow":["GET"]}}],"collection":[{"href":"https:\/\/fysiolab.dk\/no\/wp-json\/wp\/v2\/product"}],"about":[{"href":"https:\/\/fysiolab.dk\/no\/wp-json\/wp\/v2\/types\/product"}],"replies":[{"embeddable":true,"href":"https:\/\/fysiolab.dk\/no\/wp-json\/wp\/v2\/comments?post=80956"}],"wp:featuredmedia":[{"embeddable":true,"href":"https:\/\/fysiolab.dk\/no\/wp-json\/wp\/v2\/media\/80958"}],"wp:attachment":[{"href":"https:\/\/fysiolab.dk\/no\/wp-json\/wp\/v2\/media?parent=80956"}],"wp:term":[{"taxonomy":"product_brand","embeddable":true,"href":"https:\/\/fysiolab.dk\/no\/wp-json\/wp\/v2\/product_brand?post=80956"},{"taxonomy":"product_cat","embeddable":true,"href":"https:\/\/fysiolab.dk\/no\/wp-json\/wp\/v2\/product_cat?post=80956"},{"taxonomy":"product_tag","embeddable":true,"href":"https:\/\/fysiolab.dk\/no\/wp-json\/wp\/v2\/product_tag?post=80956"}],"curies":[{"name":"wp","href":"https:\/\/api.w.org\/{rel}","templated":true}]}}