{"id":80967,"date":"2023-07-16T13:09:18","date_gmt":"2023-07-16T11:09:18","guid":{"rendered":"https:\/\/fysiolab.dk\/product\/hydro-plus-tabs-citrus-5x20-stk\/"},"modified":"2025-12-18T09:22:18","modified_gmt":"2025-12-18T08:22:18","slug":"hydro-plus-tabs-citrus-5x20-stk","status":"publish","type":"product","link":"https:\/\/fysiolab.dk\/no\/product\/hydro-plus-tabs-citrus-5x20-stk\/","title":{"rendered":"Hydro Plus Tabs - Citrus - 5&#215;20 stk."},"content":{"rendered":"<p>HYDRO Plus brusetabletter med koffein og elektrolytter reduserer f\u00f8lelsen av tretthet, sikrer v\u00e6skebalanse og minimerer risikoen for kramper.<\/p>\n<p>Samtidig gir sitrussmaken et friskt innslag til v\u00e6skeinntaket under trening og konkurranse - uten un\u00f8dvendige kalorier.<\/p>\n<p>HYDRO Plus brusetabletter med koffein, elektrolytter og sitrussmak gir en frisk, naturlig smak til vannet i vannflasken din.<\/p>\n<p>Samtidig f\u00e5r du en kontinuerlig tilf\u00f8rsel av viktige mineraler, salter og vitaminer til kroppen, samt koffein for \u00e5 holde hjernen frisk.<\/p>\n<p>&nbsp;<\/p>\n<h2>Essensielle salter, mineraler og vitaminer for kroppen<\/h2>\n<p>Elektrolytter er en rekke viktige salter og mineraler som forekommer naturlig i kosten. Men n\u00e5r du presser kroppen til det ytterste under trening eller konkurranse, risikerer du \u00e5 g\u00e5 tom for dem. Det kan f\u00e5 katastrofale konsekvenser for b\u00e5de prestasjonen og velv\u00e6ret ditt.  <\/p>\n<h3>Salter som kontrollerer v\u00e6skebalansen<\/h3>\n<p>Hvis du for eksempel svetter alt saltet ut av kroppen, mister det evnen til \u00e5 binde v\u00e6ske. Dette \u00f8ker risikoen for at du mister v\u00e6ske. Et v\u00e6sketap p\u00e5 bare noen f\u00e5 prosent kan redusere prestasjonsevnen din med s\u00e5 mye som 20 %.  <\/p>\n<p>Og hvis du blir fullstendig dehydrert, er det livsfarlig! For uansett hvor mye du drikker, kan du ikke rehydrere deg n\u00e5r saltlagrene er t\u00f8mt. <\/p>\n<h3>Mineraler reduserer risikoen for kramper<\/h3>\n<p>Dehydrering kan ogs\u00e5 utl\u00f8se kramper i for eksempel bena. Samtidig bidrar magnesiumtilskuddet i HYDRO Plus brusetabletter effektivt til \u00e5 redusere risikoen for at muskelkramper oppst\u00e5r som f\u00f8lge av den harde fysiske belastningen som har trettet ut kroppens muskler. <\/p>\n<h3>Vitamin C reduserer tretthet<\/h3>\n<p>C-vitamintilskudd i HYDRO Plus brusetabletter med koffein og elektrolytter bidrar til \u00e5 redusere f\u00f8lelsen av tretthet. Samtidig styrkes immunforsvaret ditt. <\/p>\n<h3>BONUS: Koffein reduserer f\u00f8lelsen av tretthet<\/h3>\n<p>HYDRO Plus brusetablett er ogs\u00e5 tilsatt koffein. Dette reduserer f\u00f8lelsen av tretthet, slik at du fortsatt f\u00f8ler deg frisk og energisk etter endt trenings\u00f8kt. <\/p>\n<p>Det hjelper deg ogs\u00e5 hvis du trenger \u00e5 v\u00e6re ekstra frisk og opplagt p\u00e5 slutten av en konkurranse. For eksempel n\u00e5r det er tid for den siste spurten. <\/p>\n<h2>Ingen overskuddsenergi<\/h2>\n<p>HYDRO Plus brusetabletter gir ikke energi i form av karbohydrater, slik energipulver og andre sukkerholdige tilsetningsstoffer og smakstilsetninger ofte gj\u00f8r.<\/p>\n<p>S\u00e5 hvis du \u00f8nsker \u00e5 g\u00e5 ned i vekt av treningen, er det bedre \u00e5 bruke HYDRO Plus brusetabletter som smakstilsetning til drikkevannet ditt under trening. P\u00e5 denne m\u00e5ten unng\u00e5r du un\u00f8dvendige kalorier og oppn\u00e5r lettere det \u00f8nskede vekttapet fra trenings\u00f8kten. <\/p>\n<h2>Dosering av HYDRO Plus brusetabletter med koffein og elektrolytter<\/h2>\n<p>For \u00e5 f\u00e5 best mulig effekt av HYDRO Plus brusetabletter med koffein og elektrolytter, b\u00f8r du tilsette \u00e9n brusetablett per 500 ml vann (\u00bd liter).<\/p>\n<p>Du b\u00f8r imidlertid ta maksimalt 4 brusetabletter per dag og ikke overskride denne dosen.<\/p>\n<p>Brusetablettene b\u00f8r oppbevares p\u00e5 et t\u00f8rt sted og ikke over 25 \u00b0C. Det er ogs\u00e5 viktig \u00e5 oppbevare dem utilgjengelig for barn.<\/p>\n<h2>Bestill HYDRO Plus brusetabletter fra oss<\/h2>\n<p>Hvis du vil f\u00e5 best mulig utbytte av trenings\u00f8ktene dine og prestere p\u00e5 topp under konkurranser, b\u00f8r du kj\u00f8pe HYDRO Plus brusetabletter med koffein og elektrolytter.<\/p>\n<p>&nbsp;<\/p>\n<p>&nbsp;<\/p>\n<p>&nbsp;<\/p>\n<div><\/div>\n<div class=\"row\">\n<div class=\"col-s-4 col-m-6 col-l-6 col-xl-12\" data-mh=\"text-item\">\n<p>N\u00e6ringsinnhold:<\/p>\n<table border=\"1\" cellspacing=\"0\" cellpadding=\"0\">\n<tbody>\n<tr>\n<td>Energi:<\/td>\n<td>Per dagsdose 4 tabletter = 16 g<\/p>\n<p>152kJ\/36kcal<\/td>\n<td>per 100 g<\/p>\n<p>951kJ\/223<\/td>\n<\/tr>\n<tr>\n<td>Fett<\/p>\n<p>Herav mettede fettsyrer:<\/td>\n<td>0 g<\/p>\n<p>0 g<\/td>\n<td>0 g<\/p>\n<p>0 g<\/td>\n<\/tr>\n<tr>\n<td>Karbohydrat:<\/p>\n<p>Herav sukkerarter:<\/p>\n<p>Herav polyoler:<\/td>\n<td>5,6 g<\/p>\n<p>0,2 g<\/p>\n<p>4,8 g<\/td>\n<td>35 g<\/p>\n<p>1,3 g<\/p>\n<p>30 g<\/td>\n<\/tr>\n<tr>\n<td>Protein:<\/p>\n<p>Salt<\/td>\n<td>0 g<\/p>\n<p>0,08<\/td>\n<td>0 g<\/p>\n<p>0,55 g<\/td>\n<\/tr>\n<tr>\n<td>Vitaminer:<\/td>\n<td colspan=\"2\"> RI%*<\/td>\n<\/tr>\n<tr>\n<td>Vitamin E<\/td>\n<td>4,16 mg Spis<\/td>\n<td>34,7 %<\/td>\n<\/tr>\n<tr>\n<td>Vitamin C<\/td>\n<td>27,2 mg<\/td>\n<td>34 %<\/td>\n<\/tr>\n<tr>\n<td>Riboflavin<\/td>\n<td>0,52 mg<\/td>\n<td>36,4 %<\/td>\n<\/tr>\n<tr>\n<td>Niacin (vitamin B3)<\/td>\n<td>5,6 mg<\/td>\n<td>35 %<\/td>\n<\/tr>\n<tr>\n<td>Vitamin B6<\/td>\n<td>0,48 mg<\/td>\n<td>34,3 %<\/td>\n<\/tr>\n<tr>\n<td>Vitamin B12<\/td>\n<td>0,96 \u03bcg<\/td>\n<td>38,4 %<\/td>\n<\/tr>\n<tr>\n<td>Biotin<\/td>\n<td>48 \u03bcg<\/td>\n<td>96 %<\/td>\n<\/tr>\n<tr>\n<td>Pantotensyre<\/td>\n<td>2,08 mg<\/td>\n<td>34,7 %<\/td>\n<\/tr>\n<tr>\n<td>Innhold av natrium<\/td>\n<td>35,2 mg natrium<\/td>\n<td>1,5 %<\/td>\n<\/tr>\n<tr>\n<td>Kalium<\/td>\n<td>656 mg<\/td>\n<td>32,8 %<\/td>\n<\/tr>\n<tr>\n<td>Kalsium<\/td>\n<td>272 mg kalsium<\/td>\n<td>34 %<\/td>\n<\/tr>\n<tr>\n<td>Magnesium<\/td>\n<td>126,4 mg<\/td>\n<td>33,7 %<\/td>\n<\/tr>\n<tr>\n<td>Sink<\/td>\n<td>4,8 mg<\/td>\n<td>84 %<\/td>\n<\/tr>\n<tr>\n<td>Andre ingredienser:<\/td>\n<td colspan=\"2\"><\/td>\n<\/tr>\n<tr>\n<td>Koffein<\/td>\n<td>300 mg koffein<\/td>\n<td><\/td>\n<\/tr>\n<tr>\n<td>* Av referanseinntaket for en gjennomsnittlig voksen (8400kJ\/2000kcal).<\/p>\n<p>&nbsp;<\/td>\n<td colspan=\"2\"><\/td>\n<\/tr>\n<\/tbody>\n<\/table>\n<\/div>\n<div class=\"col-s-4 col-m-6 col-l-6 col-xl-12\" data-mh=\"text-item\">\n<p>Dosering:<\/p>\n<p>&nbsp;<\/p>\n<div>Oppl\u00f8s \u00e9n tablett i et glass med 500 ml kaldt vann. Daglig dose maks. 4 tabletter. Daglig dose b\u00f8r ikke overskrides.   <\/div>\n<div><\/div>\n<div>Lagring:<\/div>\n<div><\/div>\n<div>Oppbevares kj\u00f8lig (maks. 25 \u00b0C), t\u00f8rt og beskyttet mot direkte sollys. Oppbevares utilgjengelig for sm\u00e5 barn. <\/div>\n<div><\/div>\n<div>\n<p>Ingredienser:<\/p>\n<p>&nbsp;<\/p>\n<div>\n<div>Surhetsregulerende middel: E330, konsistensmiddel: E420,<\/div>\n<div>kaliumhydrogenkarbonat, maltodextrin, kalsiumkarbonat, magnesiumkarbonat,<\/div>\n<div>Koffein, naturlig aroma, natriumhydrogenkarbonat, konsistensmiddel: E1521, s\u00f8tningsmiddel: E955, farge: E160a, L-askorbinsyre, sinksitrat, DL-alfa-tokoferylacetat, nikotinamid, D-kalsiumpantotenat, cyanokobalamin, pyridoksinhydroklorid, riboflavin, D-biotin.<\/div>\n<div>Ainesosat: Happamuudens\u00e4\u00e4t\u00f6aine: E330, kiinteytt\u00e4misaine: E420, kaliumkarbonaatit, maltodekstriini, kalsiumkarbonaatti, magnesiumkarbonaatit, koffeiini, luonnollinen aromi, natriumkarbonaatit, kiinteytt\u00e4misaine: E1521, makeutusaine: E955, v\u00e4ri: E160a, L-askorbiinihappo, sinkkisitraatti, DL-alpha-tocopheryyliasetaatti, nicotiiniamidi, D-calcium pantotenaatti, syanokobalamiini, pyridoksiinihydrokloridi, riboflaviini, D-biotiini<\/div>\n<\/div>\n<div><\/div>\n<div>\n<p>&nbsp;<\/p>\n<p>Kosttilskudd b\u00f8r ikke erstatte et variert kosthold.<\/p>\n<p>Inneholder s\u00f8tningsmiddel. Inneholder koffein (300 mg\/daglig dose). <\/p>\n<p>Ikke anbefalt for barn og gravide kvinner.<\/p>\n<p>Anbefalt maksimal dose 4 tabletter. <\/p>\n<p>Den angitte anbefalte daglige dosen b\u00f8r ikke overskrides.<\/p>\n<p>Overdreven bruk kan ha en avf\u00f8rende effekt.<\/p>\n<p>Oppbevares utilgjengelig for sm\u00e5 barn<\/p>\n<\/div>\n<\/div>\n<\/div>\n<\/div>\n<p>&nbsp;<\/p>\n<p>&nbsp;<\/p>\n<p>&nbsp;<\/p>\n<p>F\u00f8lgende informasjon gjelder for alle kosttilskuddsprodukter:<\/p>\n<ul type=\"disc\">\n<li><span lang=\"DA\">Produktet m\u00e5 ikke brukes av eller selges til personer under 18 \u00e5r.<u><\/u><u><\/u><\/span><\/li>\n<li><span lang=\"DA\">Hvis du har en alvorlig sykdom eller bruker reseptbelagte medisiner, b\u00f8r du r\u00e5df\u00f8re deg med lege f\u00f8r bruk.<u><\/u><u><\/u><\/span><\/li>\n<li><span lang=\"DA\">Uttalelsene p\u00e5 nettstedet er ikke gjennomg\u00e5tt av den danske L\u00e6gemiddel- og F\u00f8devarestyrelsen.<u><\/u><u><\/u><\/span><\/li>\n<li><span lang=\"DA\">Produktet er ikke ment \u00e5 diagnostisere, behandle, kurere eller forebygge noen sykdom.<u><\/u><u><\/u><\/span><\/li>\n<li><span lang=\"DA\">Resultatene kan variere og vil ikke v\u00e6re de samme for alle<\/span><\/li>\n<\/ul>\n","protected":false},"excerpt":{"rendered":"<p>Hydro Tabs inneholder elektrolytter og salt som bidrar til \u00e5 opprettholde v\u00e6skebalansen slik at du kan prestere bedre over tid. \u00c5 drikke mye vann er \u00e9n ting, men hvis kroppen ikke klarer \u00e5 holde p\u00e5 det, er du i tr\u00f8bbel. Derfor er det viktig \u00e5 f\u00e5 i seg salter og mineraler slik at kroppen lett kan absorbere v\u00e6sken.  <\/p>\n","protected":false},"featured_media":80969,"comment_status":"closed","ping_status":"closed","template":"","meta":{"_acf_changed":false},"product_brand":[],"product_cat":[2233,2472,2232,1937,2471],"product_tag":[2469],"class_list":{"0":"post-80967","1":"product","2":"type-product","3":"status-publish","4":"has-post-thumbnail","6":"product_cat-hydro-tabs-no","7":"product_cat-hydro-tabs-no-2","8":"product_cat-kosttilskudd","9":"product_cat-merkevarer","10":"product_cat-ren-kraft","11":"product_tag-ren-kraft","13":"first","14":"instock","15":"taxable","16":"shipping-taxable","17":"purchasable","18":"product-type-simple"},"acf":[],"_links":{"self":[{"href":"https:\/\/fysiolab.dk\/no\/wp-json\/wp\/v2\/product\/80967","targetHints":{"allow":["GET"]}}],"collection":[{"href":"https:\/\/fysiolab.dk\/no\/wp-json\/wp\/v2\/product"}],"about":[{"href":"https:\/\/fysiolab.dk\/no\/wp-json\/wp\/v2\/types\/product"}],"replies":[{"embeddable":true,"href":"https:\/\/fysiolab.dk\/no\/wp-json\/wp\/v2\/comments?post=80967"}],"wp:featuredmedia":[{"embeddable":true,"href":"https:\/\/fysiolab.dk\/no\/wp-json\/wp\/v2\/media\/80969"}],"wp:attachment":[{"href":"https:\/\/fysiolab.dk\/no\/wp-json\/wp\/v2\/media?parent=80967"}],"wp:term":[{"taxonomy":"product_brand","embeddable":true,"href":"https:\/\/fysiolab.dk\/no\/wp-json\/wp\/v2\/product_brand?post=80967"},{"taxonomy":"product_cat","embeddable":true,"href":"https:\/\/fysiolab.dk\/no\/wp-json\/wp\/v2\/product_cat?post=80967"},{"taxonomy":"product_tag","embeddable":true,"href":"https:\/\/fysiolab.dk\/no\/wp-json\/wp\/v2\/product_tag?post=80967"}],"curies":[{"name":"wp","href":"https:\/\/api.w.org\/{rel}","templated":true}]}}