{"id":80976,"date":"2023-07-16T13:09:18","date_gmt":"2023-07-16T11:09:18","guid":{"rendered":"https:\/\/fysiolab.dk\/product\/hydro-plus-tabs-bringebaersmak-5x20-stk\/"},"modified":"2025-12-18T09:22:18","modified_gmt":"2025-12-18T08:22:18","slug":"hydro-plus-tabs-bringebaersmak-5x20-stk","status":"publish","type":"product","link":"https:\/\/fysiolab.dk\/no\/product\/hydro-plus-tabs-bringebaersmak-5x20-stk\/","title":{"rendered":"Hydro Plus Tabs - Bringeb\u00e6rsmak - 5&#215;20 stk."},"content":{"rendered":"<p>HYDRO Plus brusetabletter med koffein og elektrolytter holder tretthet p\u00e5 avstand og reduserer risikoen for dehydrering og kramper. Samtidig gir tabletten drikkevannet en deilig bringeb\u00e6rsmak. <\/p>\n<p>Dette gj\u00f8r det lettere for deg \u00e5 drikke nok under trening eller konkurranse.<\/p>\n<p>Samtidig f\u00e5r du en s\u00e5rt tiltrengt boost av elektrolytter, mineraler, vitaminer og koffein. Kroppen og hjernen din vil v\u00e6re bedre rustet for en hard trenings\u00f8kt eller en ekstra innsats i neste konkurranse. <\/p>\n<p>&nbsp;<\/p>\n<h2>PurePower Hydro Tabs<\/h2>\n<p>V\u00e5re brusetabletter inneholder vitaminer og mineraler (elektrolytter). Hydro Tabs l\u00f8ses lett opp i vann og gir en frisk smak av enten r\u00f8de b\u00e6r, bringeb\u00e6r eller sitrus. <\/p>\n<p>Med PurePower Hydro Tabs kan du enkelt blande din egen sportsdrikk enten du er hjemme eller p\u00e5 farten. Denne brusetabletten passer perfekt til de svette spinningtimene om vinteren, hvis du trener utend\u00f8rs om sommeren eller trener i syden. Alt i alt fungerer den godt hvis du svetter mye og \u00f8nsker \u00e5 holde deg hydrert.  <\/p>\n<p>PurePower brusetabletter kan brukes f\u00f8r, under og etter trening. De inneholder ikke fett eller protein, men har i stedet et h\u00f8yt innhold av vitaminer og mineraler. Brusetablettene inneholder ikke direkte energi, men vi har to smaker av Hydro Plus - \u00e9n tablett inneholder 75 mg koffein, noe som tilsvarer en mild kopp filterkaffe. En vanlig kopp filterkaffe inneholder ca. 70-175 mg koffein.   <\/p>\n<h2>Kramper i bena<\/h2>\n<p>Hvis du lider av kramper i beina under eller etter trening, b\u00f8r du lese videre.<\/p>\n<p>Mangel p\u00e5 salt (natriumklorid), jern eller B-vitaminet folsyre kan for\u00e5rsake leggkramper. En av \u00e5rsakene til denne mangelen er at kroppen ikke binder v\u00e6sken ordentlig, og n\u00e5r du svetter mye under trening, mister kroppen disse mineralene. Det er her Hydro Tabs kan hjelpe, nettopp fordi de inneholder salt, jern og mineraler. Vi har h\u00f8rt fra flere kunder at de f\u00f8r de begynte \u00e5 bruke produktet v\u00e5rt led av kramper, og at de etter hvert ble kvitt krampene fordi de begynte \u00e5 bruke brusetablettene v\u00e5re.   <\/p>\n<h2>Tips!<\/h2>\n<p>Hydro plus er brusetabletter for deg som vil ha alt i ett! Hydro plus inneholder b\u00e5de elektrolytter og koffein. <\/p>\n<p>Er ikke sportsdrikken din sterk nok? Da kan du legge til en ekstra Hydro Tab i vannflasken din. <\/p>\n<p>&nbsp;<\/p>\n<p>&nbsp;<\/p>\n<p>F\u00f8lgende informasjon gjelder for alle kosttilskuddsprodukter:<\/p>\n<ul type=\"disc\">\n<li><span lang=\"DA\">Produktet m\u00e5 ikke brukes av eller selges til personer under 18 \u00e5r.<u><\/u><u><\/u><\/span><\/li>\n<li><span lang=\"DA\">Hvis du har en alvorlig sykdom eller bruker reseptbelagte medisiner, b\u00f8r du r\u00e5df\u00f8re deg med lege f\u00f8r bruk.<u><\/u><u><\/u><\/span><\/li>\n<li><span lang=\"DA\">Uttalelsene p\u00e5 nettstedet er ikke gjennomg\u00e5tt av den danske L\u00e6gemiddel- og F\u00f8devarestyrelsen.<u><\/u><u><\/u><\/span><\/li>\n<li><span lang=\"DA\">Produktet er ikke ment \u00e5 diagnostisere, behandle, kurere eller forebygge noen sykdom.<u><\/u><u><\/u><\/span><\/li>\n<li><span lang=\"DA\">Resultatene kan variere og vil ikke v\u00e6re de samme for alle<\/span><\/li>\n<\/ul>\n","protected":false},"excerpt":{"rendered":"<p>Hydro Tabs inneholder elektrolytter og salt som bidrar til \u00e5 opprettholde v\u00e6skebalansen slik at du kan prestere bedre over tid. \u00c5 drikke mye vann er \u00e9n ting, men hvis kroppen ikke klarer \u00e5 holde p\u00e5 det, er du i tr\u00f8bbel. Derfor er det viktig \u00e5 f\u00e5 i seg salter og mineraler slik at kroppen lett kan absorbere v\u00e6sken.  <\/p>\n","protected":false},"featured_media":80978,"comment_status":"closed","ping_status":"closed","template":"","meta":{"_acf_changed":false},"product_brand":[],"product_cat":[2233,2472,2232,1937,2471],"product_tag":[2469],"class_list":{"0":"post-80976","1":"product","2":"type-product","3":"status-publish","4":"has-post-thumbnail","6":"product_cat-hydro-tabs-no","7":"product_cat-hydro-tabs-no-2","8":"product_cat-kosttilskudd","9":"product_cat-merkevarer","10":"product_cat-ren-kraft","11":"product_tag-ren-kraft","13":"first","14":"instock","15":"taxable","16":"shipping-taxable","17":"purchasable","18":"product-type-simple"},"acf":[],"_links":{"self":[{"href":"https:\/\/fysiolab.dk\/no\/wp-json\/wp\/v2\/product\/80976","targetHints":{"allow":["GET"]}}],"collection":[{"href":"https:\/\/fysiolab.dk\/no\/wp-json\/wp\/v2\/product"}],"about":[{"href":"https:\/\/fysiolab.dk\/no\/wp-json\/wp\/v2\/types\/product"}],"replies":[{"embeddable":true,"href":"https:\/\/fysiolab.dk\/no\/wp-json\/wp\/v2\/comments?post=80976"}],"wp:featuredmedia":[{"embeddable":true,"href":"https:\/\/fysiolab.dk\/no\/wp-json\/wp\/v2\/media\/80978"}],"wp:attachment":[{"href":"https:\/\/fysiolab.dk\/no\/wp-json\/wp\/v2\/media?parent=80976"}],"wp:term":[{"taxonomy":"product_brand","embeddable":true,"href":"https:\/\/fysiolab.dk\/no\/wp-json\/wp\/v2\/product_brand?post=80976"},{"taxonomy":"product_cat","embeddable":true,"href":"https:\/\/fysiolab.dk\/no\/wp-json\/wp\/v2\/product_cat?post=80976"},{"taxonomy":"product_tag","embeddable":true,"href":"https:\/\/fysiolab.dk\/no\/wp-json\/wp\/v2\/product_tag?post=80976"}],"curies":[{"name":"wp","href":"https:\/\/api.w.org\/{rel}","templated":true}]}}