{"id":80977,"date":"2023-07-16T13:06:34","date_gmt":"2023-07-16T11:06:34","guid":{"rendered":"https:\/\/fysiolab.dk\/product\/sissel-myk-ortopedisk-pute\/"},"modified":"2026-02-18T20:51:13","modified_gmt":"2026-02-18T19:51:13","slug":"sissel-myk-ortopedisk-pute","status":"publish","type":"product","link":"https:\/\/fysiolab.dk\/no\/product\/sissel-myk-ortopedisk-pute\/","title":{"rendered":"SISSEL myk ortopedisk pute"},"content":{"rendered":"<p>SISSEL Soft Orthopaedic Cushion er en ideell pute for deg som lider av nakkesmerter. Puten har gode viskoelastiske egenskaper som gir b\u00e5de en \u00f8kt og lokalisert trykkfordeling og en noe mindre st\u00f8tte- eller korreksjonsintensitet. <\/p>\n<p>Puten leveres med et elfenbenshvitt trekk<\/p>\n<p><strong>St\u00f8rrelse:<\/strong><\/p>\n<p><strong>Medium: 47 x 33 x 11 cm<\/strong><\/p>\n<p><strong>Stor: 47 x 33 x 14 cm<\/strong><\/p>\n<p>&nbsp;<\/p>\n","protected":false},"excerpt":{"rendered":"<p><strong>SISSEL Soft Orthopaedic Cushion er en ideell pute for deg som lider av nakkesmerter. Puten har gode viskoelastiske egenskaper som gir b\u00e5de en \u00f8kt og lokalisert trykkfordeling og en noe mindre st\u00f8tte- eller korreksjonsintensitet. <\/strong><\/p>\n<p><strong>Puten leveres med et elfenbenshvitt trekk<\/strong><\/p>\n<p><strong>St\u00f8rrelse:<\/strong><\/p>\n<p><strong>Medium: 47 x 33 x 11 cm<\/strong><\/p>\n<p><strong>Stor: 47 x 33 x 14 cm<\/strong><\/p>\n","protected":false},"featured_media":80982,"comment_status":"closed","ping_status":"closed","template":"","meta":{"_acf_changed":false},"product_brand":[3126],"product_cat":[1948,2517,2520,1941],"product_tag":[2521],"class_list":{"0":"post-80977","1":"product","2":"type-product","3":"status-publish","4":"has-post-thumbnail","6":"product_brand-sissel","7":"product_cat-klinikk","8":"product_cat-pulver","9":"product_cat-puter-og-ergonomi","10":"product_cat-rekonvalesens-og-sportspleie","11":"product_tag-sissel-no","13":"first","14":"outofstock","15":"taxable","16":"shipping-taxable","17":"purchasable","18":"product-type-variable"},"acf":[],"_links":{"self":[{"href":"https:\/\/fysiolab.dk\/no\/wp-json\/wp\/v2\/product\/80977","targetHints":{"allow":["GET"]}}],"collection":[{"href":"https:\/\/fysiolab.dk\/no\/wp-json\/wp\/v2\/product"}],"about":[{"href":"https:\/\/fysiolab.dk\/no\/wp-json\/wp\/v2\/types\/product"}],"replies":[{"embeddable":true,"href":"https:\/\/fysiolab.dk\/no\/wp-json\/wp\/v2\/comments?post=80977"}],"wp:featuredmedia":[{"embeddable":true,"href":"https:\/\/fysiolab.dk\/no\/wp-json\/wp\/v2\/media\/80982"}],"wp:attachment":[{"href":"https:\/\/fysiolab.dk\/no\/wp-json\/wp\/v2\/media?parent=80977"}],"wp:term":[{"taxonomy":"product_brand","embeddable":true,"href":"https:\/\/fysiolab.dk\/no\/wp-json\/wp\/v2\/product_brand?post=80977"},{"taxonomy":"product_cat","embeddable":true,"href":"https:\/\/fysiolab.dk\/no\/wp-json\/wp\/v2\/product_cat?post=80977"},{"taxonomy":"product_tag","embeddable":true,"href":"https:\/\/fysiolab.dk\/no\/wp-json\/wp\/v2\/product_tag?post=80977"}],"curies":[{"name":"wp","href":"https:\/\/api.w.org\/{rel}","templated":true}]}}