{"id":80983,"date":"2023-07-16T13:04:30","date_gmt":"2023-07-16T11:04:30","guid":{"rendered":"https:\/\/fysiolab.dk\/product\/glu-tech-infinity-dame\/"},"modified":"2025-12-18T09:22:20","modified_gmt":"2025-12-18T08:22:20","slug":"glu-tech-infinity-dame","status":"publish","type":"product","link":"https:\/\/fysiolab.dk\/no\/product\/glu-tech-infinity-dame\/","title":{"rendered":"LiiteGuard Glu-Tech Infinity (Women) - kun str. XS (utg\u00e5tt)"},"content":{"rendered":"<h2>\u00d8kt fokus p\u00e5 hoftestabilitet<\/h2>\n<p>Hvis musklene rundt hoften, spesielt gluteus medius, er svake, vil det p\u00e5virke evnen til \u00e5 stabilisere hoften, noe som p\u00e5f\u00f8rer muskler, sener og ledd i hele beinet, fra hofte til fot, un\u00f8dig belastning.<\/p>\n<p>Liiteguards GLU-TECH-tights har en verdenspatentert strikk som sitter p\u00e5 setemusklene og gir et konstant trykk for \u00e5 gi mekanisk stabilitet i hoften, men ogs\u00e5 for \u00e5 legge til rette for muskelaktivitet slik at du bedre kan aktivere og bruke setemusklene.<\/p>\n<h2>Komprimering<\/h2>\n<p>Bare GLU-TECH INFINITY har ekte sportskompresjon, som hjelper kroppen din med \u00e5 f\u00e5 optimal blodgjennomstr\u00f8mning for maksimal ytelse.<\/p>\n<h2>Optimal svettetransport<\/h2>\n<p>Svetten som etterlater seg i kl\u00e6rne, kan v\u00e6re irriterende og virke avkj\u00f8lende n\u00e5r du trener i kaldere temperaturer. Det er derfor viktig at svetten kan komme vekk fra huden s\u00e5 raskt som mulig, og at treningskl\u00e6rne er utformet slik at svetten ledes til det ytterste laget av plagget, slik at den kan fordampe raskere og unng\u00e5 nedkj\u00f8ling. <\/p>\n<h2>Lommer<\/h2>\n<p>Vi har designet to diskrete lommer for \u00e5 oppbevare mobiltelefon, n\u00f8kler, geler osv. uten \u00e5 miste dem p\u00e5 veien. Lommen har en ekstra forsegling \u00f8verst for \u00e5 sikre innholdet. <\/p>\n<h2>Grip<\/h2>\n<p>Det er bare i GLU-TECH INFINITY at du f\u00e5r en frittsk\u00e5ret gripekant, slik at du kan v\u00e6re sikker p\u00e5 at tightsen alltid sitter der du vil ha den.<\/p>\n<h2>Sublim komfort<\/h2>\n<p>GLU-TECH-stoffet er utviklet med fireveis stretch, noe som gir en tettsittende og behagelig tight som ikke er vanskelig \u00e5 komme inn i. I tillegg er det gjennomg\u00e5ende flate s\u00f8mmer, og en fleecepad i skrittet gj\u00f8r det behagelig \u00e5 l\u00f8pe uten undert\u00f8y. <\/p>\n<h2>Trygghet og sikkerhet<\/h2>\n<p>P\u00e5 alle GLU-TECH finner du mattgr\u00e5, reflekterende karbonlogoer plassert foran og bak.<\/p>\n<p>Stoffet i GLU-TECH er vevd med en tetthet som sikrer at de er 100 % kneb\u00f8ysikre.<\/p>\n","protected":false},"excerpt":{"rendered":"<p><strong>Disse tightsene er laget med gradert kompresjon og en passform som sikrer eksemplarisk komfort og \u00f8kt bevegelighet, slik at du kan kjenne f\u00f8lelsen av den ideelle l\u00f8peturen hver gang.<\/strong><\/p>\n","protected":false},"featured_media":81001,"comment_status":"closed","ping_status":"closed","template":"","meta":{"_acf_changed":false},"product_brand":[],"product_cat":[2020,1966,1965,1968,1969,1937,1967,2557,2016],"product_tag":[1971],"class_list":{"0":"post-80983","1":"product","2":"type-product","3":"status-publish","4":"has-post-thumbnail","6":"product_cat-julegaveideer-no","7":"product_cat-klaer","8":"product_cat-liiteguard-no","9":"product_cat-liiteguard-no-2","10":"product_cat-loepetights","11":"product_cat-merkevarer","12":"product_cat-stroempebukser","13":"product_cat-treningstights","14":"product_cat-uttak","15":"product_tag-liiteguard-no","17":"first","18":"outofstock","19":"sale","20":"taxable","21":"shipping-taxable","22":"purchasable","23":"product-type-variable"},"acf":[],"_links":{"self":[{"href":"https:\/\/fysiolab.dk\/no\/wp-json\/wp\/v2\/product\/80983","targetHints":{"allow":["GET"]}}],"collection":[{"href":"https:\/\/fysiolab.dk\/no\/wp-json\/wp\/v2\/product"}],"about":[{"href":"https:\/\/fysiolab.dk\/no\/wp-json\/wp\/v2\/types\/product"}],"replies":[{"embeddable":true,"href":"https:\/\/fysiolab.dk\/no\/wp-json\/wp\/v2\/comments?post=80983"}],"wp:featuredmedia":[{"embeddable":true,"href":"https:\/\/fysiolab.dk\/no\/wp-json\/wp\/v2\/media\/81001"}],"wp:attachment":[{"href":"https:\/\/fysiolab.dk\/no\/wp-json\/wp\/v2\/media?parent=80983"}],"wp:term":[{"taxonomy":"product_brand","embeddable":true,"href":"https:\/\/fysiolab.dk\/no\/wp-json\/wp\/v2\/product_brand?post=80983"},{"taxonomy":"product_cat","embeddable":true,"href":"https:\/\/fysiolab.dk\/no\/wp-json\/wp\/v2\/product_cat?post=80983"},{"taxonomy":"product_tag","embeddable":true,"href":"https:\/\/fysiolab.dk\/no\/wp-json\/wp\/v2\/product_tag?post=80983"}],"curies":[{"name":"wp","href":"https:\/\/api.w.org\/{rel}","templated":true}]}}