{"id":80984,"date":"2023-07-16T13:03:44","date_gmt":"2023-07-16T11:03:44","guid":{"rendered":"https:\/\/fysiolab.dk\/product\/glu-tech-tights-lang-modell-herre\/"},"modified":"2025-12-18T09:22:21","modified_gmt":"2025-12-18T08:22:21","slug":"glu-tech-tights-lang-modell-herre","status":"publish","type":"product","link":"https:\/\/fysiolab.dk\/no\/product\/glu-tech-tights-lang-modell-herre\/","title":{"rendered":"LiiteGuard Glu-Tech Tights lang modell (menn)"},"content":{"rendered":"<h3 data-start=\"172\" data-end=\"227\"><strong data-start=\"176\" data-end=\"227\">LiiteGuard Glu-Tech Tights - Lang modell (menn)<\/strong><\/h3>\n<p data-start=\"229\" data-end=\"668\">LiiteGuard Glu-Tech Tights er utviklet for \u00e5 gi <strong data-start=\"280\" data-end=\"319\">maksimal st\u00f8tte, ytelse og komfort<\/strong> - skapt for deg som \u00f8nsker \u00e5 optimalisere trening og restitusjon.<br data-start=\"381\" data-end=\"384\">Tightsen kombinerer <strong data-start=\"403\" data-end=\"438\">avansert kompresjonsteknologi<\/strong> med en <strong data-start=\"446\" data-end=\"467\">patentert design<\/strong> som gir m\u00e5lrettet st\u00f8tte til <strong data-start=\"491\" data-end=\"532\">hofte- og setemuskulaturen (gluteus)<\/strong>. Dette reduserer muskeltretthet, forbedrer stabiliteten og kan bidra til \u00e5 forebygge overbelastningsskader i hofte, sete og l\u00e5r. <\/p>\n<p data-start=\"670\" data-end=\"1014\">Materialet er <strong data-start=\"684\" data-end=\"718\">svetteavvisende og pustende<\/strong>, slik at du kan yte ditt beste selv under de hardeste trenings\u00f8ktene. Den ergonomiske passformen sikrer full bevegelsesfrihet, mens de flate s\u00f8mmene minimerer risikoen for irritasjon.<br data-start=\"888\" data-end=\"891\">I midjen finner du en <strong data-start=\"913\" data-end=\"940\">integrert silikonkant<\/strong> som holder tightsen perfekt p\u00e5 plass, uansett intensitet og bevegelse. <\/p>\n<p data-start=\"1016\" data-end=\"1163\">Disse tightsene er ideelle for <strong data-start=\"1049\" data-end=\"1103\">l\u00f8ping, styrketrening, rehabilitering og idretter<\/strong> der muskelkontroll og st\u00f8tte spiller en avgj\u00f8rende rolle.<\/p>\n<p data-start=\"1165\" data-end=\"1179\"><strong data-start=\"1165\" data-end=\"1177\">Fordeler:<\/strong><\/p>\n<ul data-start=\"1180\" data-end=\"1418\">\n<li data-start=\"1180\" data-end=\"1230\">\n<p data-start=\"1182\" data-end=\"1230\">M\u00e5lrettet st\u00f8tte for hofte- og setemuskulatur<\/p>\n<\/li>\n<li data-start=\"1231\" data-end=\"1277\">\n<p data-start=\"1233\" data-end=\"1277\">\u00d8kt stabilitet og redusert muskeltretthet<\/p>\n<\/li>\n<li data-start=\"1278\" data-end=\"1330\">\n<p data-start=\"1280\" data-end=\"1330\">Kompresjonsdesign for bedre blodsirkulasjon<\/p>\n<\/li>\n<li data-start=\"1331\" data-end=\"1373\">\n<p data-start=\"1333\" data-end=\"1373\">Pustende, svettetransporterende materiale<\/p>\n<\/li>\n<li data-start=\"1374\" data-end=\"1418\">\n<p data-start=\"1376\" data-end=\"1418\">Sikker passform med linning i silikon<\/p>\n<\/li>\n<\/ul>\n<p data-start=\"1420\" data-end=\"1463\"><strong data-start=\"1420\" data-end=\"1430\">Farge:<\/strong> Svart<br data-start=\"1435\" data-end=\"1438\"><strong data-start=\"1438\" data-end=\"1453\">St\u00f8rrelser:<\/strong> S - XXL<\/p>\n<p data-start=\"1420\" data-end=\"1463\"><strong>Du kan ogs\u00e5 finne LiiteGuards andre innovative Glu-Tech-l\u00f8pestr\u00f8mpebukser her!<\/strong><\/p>\n<p data-start=\"1420\" data-end=\"1463\"><a href=\"https:\/\/fysiolab.dk\/no\/product\/liiteguard-glu-tech-hot-tights-menn\/\"><strong>LiiteGuard Glu-Tech Hot Tights  <\/strong><\/a><\/p>\n<p class=\"product_title entry-title elementor-heading-title elementor-size-default\"><a href=\"https:\/\/fysiolab.dk\/no\/product\/liiteguard-glu-tech-running-2in1-shorts-menn\/\"><strong>Liiteguard Glu-Tech Running 2in1 Shorts<\/strong><\/a><\/p>\n","protected":false},"excerpt":{"rendered":"<p><strong>Optimaliser prestasjonen din med LiiteGuard Glu-Tech Tights - designet for \u00e5 aktivere og st\u00f8tte hofte- og setemuskulaturen. De gir m\u00e5lrettet kompresjon, \u00f8kt stabilitet og maksimal komfort, slik at du kan yte ditt beste - hver gang. <\/strong><\/p>\n","protected":false},"featured_media":80989,"comment_status":"closed","ping_status":"closed","template":"","meta":{"_acf_changed":false},"product_brand":[],"product_cat":[2020,1966,1965,1968,1969,1937,1967,2557],"product_tag":[1971],"class_list":{"0":"post-80984","1":"product","2":"type-product","3":"status-publish","4":"has-post-thumbnail","6":"product_cat-julegaveideer-no","7":"product_cat-klaer","8":"product_cat-liiteguard-no","9":"product_cat-liiteguard-no-2","10":"product_cat-loepetights","11":"product_cat-merkevarer","12":"product_cat-stroempebukser","13":"product_cat-treningstights","14":"product_tag-liiteguard-no","16":"first","17":"instock","18":"taxable","19":"shipping-taxable","20":"purchasable","21":"product-type-variable"},"acf":[],"_links":{"self":[{"href":"https:\/\/fysiolab.dk\/no\/wp-json\/wp\/v2\/product\/80984","targetHints":{"allow":["GET"]}}],"collection":[{"href":"https:\/\/fysiolab.dk\/no\/wp-json\/wp\/v2\/product"}],"about":[{"href":"https:\/\/fysiolab.dk\/no\/wp-json\/wp\/v2\/types\/product"}],"replies":[{"embeddable":true,"href":"https:\/\/fysiolab.dk\/no\/wp-json\/wp\/v2\/comments?post=80984"}],"wp:featuredmedia":[{"embeddable":true,"href":"https:\/\/fysiolab.dk\/no\/wp-json\/wp\/v2\/media\/80989"}],"wp:attachment":[{"href":"https:\/\/fysiolab.dk\/no\/wp-json\/wp\/v2\/media?parent=80984"}],"wp:term":[{"taxonomy":"product_brand","embeddable":true,"href":"https:\/\/fysiolab.dk\/no\/wp-json\/wp\/v2\/product_brand?post=80984"},{"taxonomy":"product_cat","embeddable":true,"href":"https:\/\/fysiolab.dk\/no\/wp-json\/wp\/v2\/product_cat?post=80984"},{"taxonomy":"product_tag","embeddable":true,"href":"https:\/\/fysiolab.dk\/no\/wp-json\/wp\/v2\/product_tag?post=80984"}],"curies":[{"name":"wp","href":"https:\/\/api.w.org\/{rel}","templated":true}]}}