{"id":81030,"date":"2023-07-16T13:03:43","date_gmt":"2023-07-16T11:03:43","guid":{"rendered":"https:\/\/fysiolab.dk\/product\/sissel-spiky-twin-roller\/"},"modified":"2025-12-18T09:22:21","modified_gmt":"2025-12-18T08:22:21","slug":"sissel-spiky-twin-roller","status":"publish","type":"product","link":"https:\/\/fysiolab.dk\/no\/product\/sissel-spiky-twin-roller\/","title":{"rendered":"SISSEL Spiky Twin Roller"},"content":{"rendered":"<p>SISSEL Spikey Twin Roller er effektiv til \u00e5 massere anspente og \u00f8mme muskler. De piggete kulene stimulerer blodsirkulasjonen og stoffskiftet i omr\u00e5det. Den aktiverer og \u00f8ker ogs\u00e5 lymfesirkulasjonen.  <\/p>\n","protected":false},"excerpt":{"rendered":"<p><strong>SISSEL Spikey Twin Roller er effektiv til \u00e5 massere anspente og \u00f8mme muskler. De piggete kulene stimulerer blodsirkulasjonen og stoffskiftet i omr\u00e5det. Den aktiverer og \u00f8ker ogs\u00e5 lymfesirkulasjonen.  <\/strong><\/p>\n","protected":false},"featured_media":81032,"comment_status":"closed","ping_status":"closed","template":"","meta":{"_acf_changed":false},"product_brand":[],"product_cat":[1948,2025,2027,1937,1941,2518,2558],"product_tag":[2521],"class_list":{"0":"post-81030","1":"product","2":"type-product","3":"status-publish","4":"has-post-thumbnail","6":"product_cat-klinikk","7":"product_cat-massasje","8":"product_cat-massasjeutstyr","9":"product_cat-merkevarer","10":"product_cat-rekonvalesens-og-sportspleie","11":"product_cat-sissel-no","12":"product_cat-sissel-massasje","13":"product_tag-sissel-no","15":"first","16":"instock","17":"taxable","18":"shipping-taxable","19":"purchasable","20":"product-type-simple"},"acf":[],"_links":{"self":[{"href":"https:\/\/fysiolab.dk\/no\/wp-json\/wp\/v2\/product\/81030","targetHints":{"allow":["GET"]}}],"collection":[{"href":"https:\/\/fysiolab.dk\/no\/wp-json\/wp\/v2\/product"}],"about":[{"href":"https:\/\/fysiolab.dk\/no\/wp-json\/wp\/v2\/types\/product"}],"replies":[{"embeddable":true,"href":"https:\/\/fysiolab.dk\/no\/wp-json\/wp\/v2\/comments?post=81030"}],"wp:featuredmedia":[{"embeddable":true,"href":"https:\/\/fysiolab.dk\/no\/wp-json\/wp\/v2\/media\/81032"}],"wp:attachment":[{"href":"https:\/\/fysiolab.dk\/no\/wp-json\/wp\/v2\/media?parent=81030"}],"wp:term":[{"taxonomy":"product_brand","embeddable":true,"href":"https:\/\/fysiolab.dk\/no\/wp-json\/wp\/v2\/product_brand?post=81030"},{"taxonomy":"product_cat","embeddable":true,"href":"https:\/\/fysiolab.dk\/no\/wp-json\/wp\/v2\/product_cat?post=81030"},{"taxonomy":"product_tag","embeddable":true,"href":"https:\/\/fysiolab.dk\/no\/wp-json\/wp\/v2\/product_tag?post=81030"}],"curies":[{"name":"wp","href":"https:\/\/api.w.org\/{rel}","templated":true}]}}