{"id":81031,"date":"2023-07-16T13:04:07","date_gmt":"2023-07-16T11:04:07","guid":{"rendered":"https:\/\/fysiolab.dk\/product\/glu-tech-tights-menn\/"},"modified":"2025-12-18T09:22:20","modified_gmt":"2025-12-18T08:22:20","slug":"glu-tech-tights-menn","status":"publish","type":"product","link":"https:\/\/fysiolab.dk\/no\/product\/glu-tech-tights-menn\/","title":{"rendered":"LiiteGuard Glu-tech Tights (menn)"},"content":{"rendered":"<p><strong data-start=\"4\" data-end=\"42\">LiiteGuard Glu-Tech Tights (menn)<\/strong><\/p>\n<p data-start=\"46\" data-end=\"466\">LiiteGuard Glu-Tech Tights er designet for \u00e5 gi maksimal st\u00f8tte, stabilitet og komfort for den krevende idrettsut\u00f8veren. Med et unikt fokus p\u00e5 hofte- og kjernestabilitet har disse tightsene LiiteGuards patenterte <g id=\"gid_0\">Glu-Tech-soner<\/g> som gir m\u00e5lrettet st\u00f8tte til hofteleddene og setemusklene. Dette bidrar til \u00e5 optimalisere l\u00f8ps\u00f8konomien, redusere tretthet og redusere risikoen for overbelastningsskader i hofter, kn\u00e6r og korsrygg.  <\/p>\n<p data-start=\"468\" data-end=\"896\">Den h\u00f8yteknologiske <strong data-start=\"488\" data-end=\"511\">kompresjonspassformen<\/strong> \u00f8ker blodgjennomstr\u00f8mningen i beina, forbedrer restitusjonen og gir en f\u00f8lelse av fasthet og kontroll gjennom hele trenings\u00f8kten. Samtidig er materialet ekstremt <g id=\"gid_1\">pustende og svetteavvisende<\/g>, slik at du holder deg t\u00f8rr og komfortabel - uansett intensitet. Den brede linningen s\u00f8rger for at tightsen sitter stabilt uten \u00e5 stramme, mens de flate s\u00f8mmene eliminerer irritasjon og gnags\u00e5r.  <\/p>\n<p data-start=\"898\" data-end=\"1123\">Glu-Tech Tights kan brukes som et <strong data-start=\"934\" data-end=\"978\">prim\u00e6rt treningsplagg eller som et underlag<\/strong> under shorts, og er ideelle til alt fra l\u00f8ping og fotball til styrketrening og eksplosive bevegelser der stabilitet og kontroll er avgj\u00f8rende.<\/p>\n<p data-start=\"1125\" data-end=\"1177\"><strong data-start=\"1125\" data-end=\"1135\">Farge:<\/strong> Svart<br data-start=\"1140\" data-end=\"1143\"><strong data-start=\"1143\" data-end=\"1158\">St\u00f8rrelser:<\/strong> S, M, L, XL, XXL<\/p>\n","protected":false},"excerpt":{"rendered":"<p><strong>LiiteGuard Glu-Tech Tights er designet for \u00e5 maksimere ytelsen din med m\u00e5lrettet hofte- og ballst\u00f8tte, effektiv kompresjon og en passform som f\u00f8lger kroppens bevegelser. Ideell for l\u00f8ping, fotball og trening der stabilitet og kraftoverf\u00f8ring er avgj\u00f8rende. <\/strong><\/p>\n","protected":false},"featured_media":81041,"comment_status":"closed","ping_status":"closed","template":"","meta":{"_acf_changed":false},"product_brand":[],"product_cat":[2020,1966,1965,1968,1969,1937,1967,2557],"product_tag":[1971],"class_list":{"0":"post-81031","1":"product","2":"type-product","3":"status-publish","4":"has-post-thumbnail","6":"product_cat-julegaveideer-no","7":"product_cat-klaer","8":"product_cat-liiteguard-no","9":"product_cat-liiteguard-no-2","10":"product_cat-loepetights","11":"product_cat-merkevarer","12":"product_cat-stroempebukser","13":"product_cat-treningstights","14":"product_tag-liiteguard-no","16":"first","17":"instock","18":"taxable","19":"shipping-taxable","20":"purchasable","21":"product-type-variable"},"acf":[],"_links":{"self":[{"href":"https:\/\/fysiolab.dk\/no\/wp-json\/wp\/v2\/product\/81031","targetHints":{"allow":["GET"]}}],"collection":[{"href":"https:\/\/fysiolab.dk\/no\/wp-json\/wp\/v2\/product"}],"about":[{"href":"https:\/\/fysiolab.dk\/no\/wp-json\/wp\/v2\/types\/product"}],"replies":[{"embeddable":true,"href":"https:\/\/fysiolab.dk\/no\/wp-json\/wp\/v2\/comments?post=81031"}],"wp:featuredmedia":[{"embeddable":true,"href":"https:\/\/fysiolab.dk\/no\/wp-json\/wp\/v2\/media\/81041"}],"wp:attachment":[{"href":"https:\/\/fysiolab.dk\/no\/wp-json\/wp\/v2\/media?parent=81031"}],"wp:term":[{"taxonomy":"product_brand","embeddable":true,"href":"https:\/\/fysiolab.dk\/no\/wp-json\/wp\/v2\/product_brand?post=81031"},{"taxonomy":"product_cat","embeddable":true,"href":"https:\/\/fysiolab.dk\/no\/wp-json\/wp\/v2\/product_cat?post=81031"},{"taxonomy":"product_tag","embeddable":true,"href":"https:\/\/fysiolab.dk\/no\/wp-json\/wp\/v2\/product_tag?post=81031"}],"curies":[{"name":"wp","href":"https:\/\/api.w.org\/{rel}","templated":true}]}}