{"id":81057,"date":"2023-07-16T13:03:18","date_gmt":"2023-07-16T11:03:18","guid":{"rendered":"https:\/\/fysiolab.dk\/product\/sissel-pressball\/"},"modified":"2025-12-18T09:22:21","modified_gmt":"2025-12-18T08:22:21","slug":"sissel-pressball","status":"publish","type":"product","link":"https:\/\/fysiolab.dk\/no\/product\/sissel-pressball\/","title":{"rendered":"SISSEL Pressball"},"content":{"rendered":"<p>SISSEL Press-Ball er et utmerket verkt\u00f8y for trening og rehabilitering av h\u00e5nd og fingre. Trening med den \u00f8ker styrken og bevegeligheten i h\u00e5nden og muskulaturen. SISSEL Press-Ball egner seg godt til fingerterapi.  <\/p>\n<p><strong>Tilgjengelig i 4 forskjellige styrker.<\/strong><\/p>\n<p>Oppl\u00e6ringshefte inkludert<\/p>\n<p><iframe title=\"Hand and Wrist Rehabilitation Exercises - SISSEL\u00ae Press Egg\" width=\"800\" height=\"450\" src=\"https:\/\/www.youtube.com\/embed\/KL66B5nnh2o?feature=oembed\" frameborder=\"0\" allow=\"accelerometer; autoplay; clipboard-write; encrypted-media; gyroscope; picture-in-picture; web-share\" referrerpolicy=\"strict-origin-when-cross-origin\" allowfullscreen><\/iframe><\/p>\n","protected":false},"excerpt":{"rendered":"<p><strong>SISSEL Press-Ball er et utmerket verkt\u00f8y for trening og rehabilitering av h\u00e5nd og fingre. Trening med den \u00f8ker styrken og bevegeligheten i h\u00e5nden og muskulaturen. SISSEL Press-Ball egner seg godt til fingerterapi.  <\/strong><\/p>\n<p><strong>Tilgjengelig i 4 forskjellige styrker.<\/strong><\/p>\n","protected":false},"featured_media":81074,"comment_status":"closed","ping_status":"closed","template":"","meta":{"_acf_changed":false},"product_brand":[],"product_cat":[2237,2238,1948,1937,2518,2530,2223,1945],"product_tag":[2521],"class_list":{"0":"post-81057","1":"product","2":"type-product","3":"status-publish","4":"has-post-thumbnail","6":"product_cat-haand-og-fingertrening","7":"product_cat-haand-og-fingertrening-no","8":"product_cat-klinikk","9":"product_cat-merkevarer","10":"product_cat-sissel-no","11":"product_cat-sissel-haand-og-fingertrener","12":"product_cat-treningsballer","13":"product_cat-treningsutstyr","14":"product_tag-sissel-no","16":"first","17":"instock","18":"taxable","19":"shipping-taxable","20":"purchasable","21":"product-type-variable"},"acf":[],"_links":{"self":[{"href":"https:\/\/fysiolab.dk\/no\/wp-json\/wp\/v2\/product\/81057","targetHints":{"allow":["GET"]}}],"collection":[{"href":"https:\/\/fysiolab.dk\/no\/wp-json\/wp\/v2\/product"}],"about":[{"href":"https:\/\/fysiolab.dk\/no\/wp-json\/wp\/v2\/types\/product"}],"replies":[{"embeddable":true,"href":"https:\/\/fysiolab.dk\/no\/wp-json\/wp\/v2\/comments?post=81057"}],"wp:featuredmedia":[{"embeddable":true,"href":"https:\/\/fysiolab.dk\/no\/wp-json\/wp\/v2\/media\/81074"}],"wp:attachment":[{"href":"https:\/\/fysiolab.dk\/no\/wp-json\/wp\/v2\/media?parent=81057"}],"wp:term":[{"taxonomy":"product_brand","embeddable":true,"href":"https:\/\/fysiolab.dk\/no\/wp-json\/wp\/v2\/product_brand?post=81057"},{"taxonomy":"product_cat","embeddable":true,"href":"https:\/\/fysiolab.dk\/no\/wp-json\/wp\/v2\/product_cat?post=81057"},{"taxonomy":"product_tag","embeddable":true,"href":"https:\/\/fysiolab.dk\/no\/wp-json\/wp\/v2\/product_tag?post=81057"}],"curies":[{"name":"wp","href":"https:\/\/api.w.org\/{rel}","templated":true}]}}