{"id":81069,"date":"2023-07-16T13:04:06","date_gmt":"2023-07-16T11:04:06","guid":{"rendered":"https:\/\/fysiolab.dk\/product\/glu-tech-tights-lang-modell-dame\/"},"modified":"2025-12-18T09:22:20","modified_gmt":"2025-12-18T08:22:20","slug":"glu-tech-tights-lang-modell-dame","status":"publish","type":"product","link":"https:\/\/fysiolab.dk\/no\/product\/glu-tech-tights-lang-modell-dame\/","title":{"rendered":"LiiteGuard Glu-Tech Tights Lang modell (dame)"},"content":{"rendered":"<p data-start=\"0\" data-end=\"52\"><strong data-start=\"0\" data-end=\"50\">LiiteGuard Glu-Tech Tights - Lang modell (dame)<\/strong><\/p>\n<p data-start=\"54\" data-end=\"336\">LiiteGuard Glu-Tech Long Tights er designet spesielt for kvinner som \u00f8nsker maksimal st\u00f8tte, komfort og ytelse under trening og l\u00f8ping. Tightsen kombinerer avansert kompresjonsteknologi med en ergonomisk passform, noe som gj\u00f8r den ideell for b\u00e5de prestasjon og restitusjon. <\/p>\n<p data-start=\"338\" data-end=\"674\">Det unike <strong data-start=\"349\" data-end=\"380\">Glu-Tech-kompresjonssystemet<\/strong> gir m\u00e5lrettet st\u00f8tte til hofte- og setemuskulaturen. Denne st\u00f8tten bidrar til \u00e5 aktivere musklene riktig, forbedre l\u00f8pestilen og redusere risikoen for overbelastning. Den \u00f8ker ogs\u00e5 stabiliteten rundt bekkenet, noe som kan ha en positiv effekt p\u00e5 b\u00e5de kraftutvikling og utholdenhet.  <\/p>\n<p data-start=\"676\" data-end=\"921\">Stoffet er svetteavvisende og pustende, slik at du holder deg t\u00f8rr og komfortabel - selv under de mest krevende trenings\u00f8ktene. Den h\u00f8ye, formst\u00f8pte midjen s\u00f8rger for en stabil og behagelig passform som holder seg p\u00e5 plass uansett bevegelse. <\/p>\n<p data-start=\"923\" data-end=\"1051\">Tightsen er ogs\u00e5 utstyrt med <strong data-start=\"957\" data-end=\"977\">praktiske sidelommer<\/strong>, slik at du enkelt kan ha med deg mobiltelefon, n\u00f8kler eller energi n\u00e5r du er p\u00e5 farten.<\/p>\n<p data-start=\"1053\" data-end=\"1070\"><strong data-start=\"1053\" data-end=\"1068\">Funksjoner:<\/strong><\/p>\n<ul data-start=\"1071\" data-end=\"1351\">\n<li data-start=\"1071\" data-end=\"1136\">\n<p data-start=\"1073\" data-end=\"1136\">Avansert Glu-Tech-kompresjon for st\u00f8tte til hofte og rumpe<\/p>\n<\/li>\n<li data-start=\"1137\" data-end=\"1191\">\n<p data-start=\"1139\" data-end=\"1191\">Forbedrer stabilitet, l\u00f8pestil og muskelaktivering<\/p>\n<\/li>\n<li data-start=\"1192\" data-end=\"1234\">\n<p data-start=\"1194\" data-end=\"1234\">Pustende, svettetransporterende materiale<\/p>\n<\/li>\n<li data-start=\"1235\" data-end=\"1281\">\n<p data-start=\"1237\" data-end=\"1281\">H\u00f8y, komfortabel midje med perfekt passform<\/p>\n<\/li>\n<li data-start=\"1282\" data-end=\"1306\">\n<p data-start=\"1284\" data-end=\"1306\">Praktiske sidelommer<\/p>\n<\/li>\n<li data-start=\"1307\" data-end=\"1351\">\n<p data-start=\"1309\" data-end=\"1351\">Utviklet for b\u00e5de trening og restitusjon<\/p>\n<\/li>\n<\/ul>\n<p data-start=\"1353\" data-end=\"1396\"><strong data-start=\"1353\" data-end=\"1368\">St\u00f8rrelser:<\/strong> XS - XL<br data-start=\"1376\" data-end=\"1379\"><strong data-start=\"1379\" data-end=\"1389\">Farge:<\/strong> Svart<\/p>\n<p data-start=\"1524\" data-end=\"1704\" data-is-last-node=\"\" data-is-only-node=\"\"><strong data-start=\"1524\" data-end=\"1539\">Instruksjoner:<\/strong><br data-start=\"1539\" data-end=\"1542\">M\u00e5l rundt den bredeste delen av hoftene for \u00e5 finne riktig st\u00f8rrelse. Hvis du er mellom to st\u00f8rrelser, anbefales det \u00e5 velge en st\u00f8rre st\u00f8rrelse for optimal komfort. <\/p>\n","protected":false},"excerpt":{"rendered":"<p><strong>Disse tightsene er utviklet i samarbeid med profesjonelle idrettsut\u00f8vere og fysioterapeuter for \u00e5 stabilisere hoftene og aktivere setemusklene. Den perfekte l\u00f8petightsen som gir deg kompresjon, varme og st\u00f8tte til musklene og beskytter leddene dine.  <\/strong><\/p>\n","protected":false},"featured_media":81082,"comment_status":"closed","ping_status":"closed","template":"","meta":{"_acf_changed":false},"product_brand":[],"product_cat":[2020,1966,1965,1968,1969,1937,1967,2557],"product_tag":[1971],"class_list":{"0":"post-81069","1":"product","2":"type-product","3":"status-publish","4":"has-post-thumbnail","6":"product_cat-julegaveideer-no","7":"product_cat-klaer","8":"product_cat-liiteguard-no","9":"product_cat-liiteguard-no-2","10":"product_cat-loepetights","11":"product_cat-merkevarer","12":"product_cat-stroempebukser","13":"product_cat-treningstights","14":"product_tag-liiteguard-no","16":"first","17":"instock","18":"taxable","19":"shipping-taxable","20":"purchasable","21":"product-type-variable"},"acf":[],"_links":{"self":[{"href":"https:\/\/fysiolab.dk\/no\/wp-json\/wp\/v2\/product\/81069","targetHints":{"allow":["GET"]}}],"collection":[{"href":"https:\/\/fysiolab.dk\/no\/wp-json\/wp\/v2\/product"}],"about":[{"href":"https:\/\/fysiolab.dk\/no\/wp-json\/wp\/v2\/types\/product"}],"replies":[{"embeddable":true,"href":"https:\/\/fysiolab.dk\/no\/wp-json\/wp\/v2\/comments?post=81069"}],"wp:featuredmedia":[{"embeddable":true,"href":"https:\/\/fysiolab.dk\/no\/wp-json\/wp\/v2\/media\/81082"}],"wp:attachment":[{"href":"https:\/\/fysiolab.dk\/no\/wp-json\/wp\/v2\/media?parent=81069"}],"wp:term":[{"taxonomy":"product_brand","embeddable":true,"href":"https:\/\/fysiolab.dk\/no\/wp-json\/wp\/v2\/product_brand?post=81069"},{"taxonomy":"product_cat","embeddable":true,"href":"https:\/\/fysiolab.dk\/no\/wp-json\/wp\/v2\/product_cat?post=81069"},{"taxonomy":"product_tag","embeddable":true,"href":"https:\/\/fysiolab.dk\/no\/wp-json\/wp\/v2\/product_tag?post=81069"}],"curies":[{"name":"wp","href":"https:\/\/api.w.org\/{rel}","templated":true}]}}