{"id":81098,"date":"2023-07-16T13:02:54","date_gmt":"2023-07-16T11:02:54","guid":{"rendered":"https:\/\/fysiolab.dk\/product\/sissel-pilates-og-yogamatte\/"},"modified":"2025-12-18T09:22:22","modified_gmt":"2025-12-18T08:22:22","slug":"sissel-pilates-og-yogamatte","status":"publish","type":"product","link":"https:\/\/fysiolab.dk\/no\/product\/sissel-pilates-og-yogamatte\/","title":{"rendered":"SISSEL Pilates- og yogamatte"},"content":{"rendered":"<p>SISSEL Pilates &amp; Yoga-matten er av h\u00f8y kvalitet og har en sklisikker overflate. Matten er enkel og lett \u00e5 rengj\u00f8re etter bruk og har fine stoffkanter. <\/p>\n<p><strong>St\u00f8rrelse: 180x60x0,6 cm<\/strong><\/p>\n<p><strong>Farge: Bordeaux<\/strong><\/p>\n","protected":false},"excerpt":{"rendered":"<p><strong>SISSEL Pilates &amp; Yoga-matten er av h\u00f8y kvalitet og har en sklisikker overflate. Matten er enkel og lett \u00e5 rengj\u00f8re etter bruk og har fine stoffkanter. <\/strong><\/p>\n<p><strong>St\u00f8rrelse: 180x60x0,6 cm<\/strong><\/p>\n<p><strong>Farge: Bordeaux<\/strong><\/p>\n","protected":false},"featured_media":81106,"comment_status":"closed","ping_status":"closed","template":"","meta":{"_acf_changed":false},"product_brand":[],"product_cat":[1948,1937,2535,2518,2563,2565,2533,2228,2230,1945,2532],"product_tag":[2521],"class_list":{"0":"post-81098","1":"product","2":"type-product","3":"status-publish","4":"has-post-thumbnail","6":"product_cat-klinikk","7":"product_cat-merkevarer","8":"product_cat-pilates-no","9":"product_cat-sissel-no","10":"product_cat-sissel-pilates-no","11":"product_cat-sissel-treningsmatter","12":"product_cat-sissel-yoga-no","13":"product_cat-treningsmatter","14":"product_cat-treningsmatter-no","15":"product_cat-treningsutstyr","16":"product_cat-yoga-no","17":"product_tag-sissel-no","19":"first","20":"instock","21":"taxable","22":"shipping-taxable","23":"purchasable","24":"product-type-simple"},"acf":[],"_links":{"self":[{"href":"https:\/\/fysiolab.dk\/no\/wp-json\/wp\/v2\/product\/81098","targetHints":{"allow":["GET"]}}],"collection":[{"href":"https:\/\/fysiolab.dk\/no\/wp-json\/wp\/v2\/product"}],"about":[{"href":"https:\/\/fysiolab.dk\/no\/wp-json\/wp\/v2\/types\/product"}],"replies":[{"embeddable":true,"href":"https:\/\/fysiolab.dk\/no\/wp-json\/wp\/v2\/comments?post=81098"}],"wp:featuredmedia":[{"embeddable":true,"href":"https:\/\/fysiolab.dk\/no\/wp-json\/wp\/v2\/media\/81106"}],"wp:attachment":[{"href":"https:\/\/fysiolab.dk\/no\/wp-json\/wp\/v2\/media?parent=81098"}],"wp:term":[{"taxonomy":"product_brand","embeddable":true,"href":"https:\/\/fysiolab.dk\/no\/wp-json\/wp\/v2\/product_brand?post=81098"},{"taxonomy":"product_cat","embeddable":true,"href":"https:\/\/fysiolab.dk\/no\/wp-json\/wp\/v2\/product_cat?post=81098"},{"taxonomy":"product_tag","embeddable":true,"href":"https:\/\/fysiolab.dk\/no\/wp-json\/wp\/v2\/product_tag?post=81098"}],"curies":[{"name":"wp","href":"https:\/\/api.w.org\/{rel}","templated":true}]}}