{"id":81105,"date":"2023-07-16T13:02:55","date_gmt":"2023-07-16T11:02:55","guid":{"rendered":"https:\/\/fysiolab.dk\/product\/sissel-pilates-toning-balls-2-stk\/"},"modified":"2025-12-18T09:22:22","modified_gmt":"2025-12-18T08:22:22","slug":"sissel-pilates-toning-balls-2-stk","status":"publish","type":"product","link":"https:\/\/fysiolab.dk\/no\/product\/sissel-pilates-toning-balls-2-stk\/","title":{"rendered":"SISSEL Pilates Toning Balls (2 stk)"},"content":{"rendered":"<p>SISSEL Pilates Toning Balls er et nyttig treningsverkt\u00f8y for \u00e5 trene armer og overkropp og utfordre stabiliteten din. Treningsballene egner seg til ulike Pilates-\u00f8velser og kan enkelt integreres i treningen din. <\/p>\n<p><strong>Inneholder 2 stykker per pakke og er tilgjengelig i 450 g og 900 g vektenheter<\/strong><\/p>\n<p><strong>Farge: Bl\u00e5<\/strong><\/p>\n<p><strong>St\u00f8rrelse: \u00d8 9 cm<\/strong><\/p>\n<p><iframe title=\"SISSEL Pilates Toning Ball\" width=\"800\" height=\"450\" src=\"https:\/\/www.youtube.com\/embed\/hBnNVXRWGSo?feature=oembed\" frameborder=\"0\" allow=\"accelerometer; autoplay; clipboard-write; encrypted-media; gyroscope; picture-in-picture; web-share\" referrerpolicy=\"strict-origin-when-cross-origin\" allowfullscreen><\/iframe><\/p>\n","protected":false},"excerpt":{"rendered":"<p><strong>SISSEL Pilates Toning Balls er et nyttig treningsverkt\u00f8y for \u00e5 trene armer og overkropp og utfordre stabiliteten din. Treningsballene egner seg til ulike Pilates-\u00f8velser og kan enkelt integreres i treningen din. <\/strong><\/p>\n<p><strong>Inneholder 2 stykker per pakke og er tilgjengelig i 450 g og 900 g vektenheter<\/strong><\/p>\n<p><strong>Farge: Bl\u00e5<\/strong><\/p>\n<p><strong>St\u00f8rrelse: \u00d8 9 cm<\/strong><\/p>\n","protected":false},"featured_media":81113,"comment_status":"closed","ping_status":"closed","template":"","meta":{"_acf_changed":false},"product_brand":[],"product_cat":[1948,1937,2535,2534,2518,2563,2225,1945],"product_tag":[2521],"class_list":{"0":"post-81105","1":"product","2":"type-product","3":"status-publish","4":"has-post-thumbnail","6":"product_cat-klinikk","7":"product_cat-merkevarer","8":"product_cat-pilates-no","9":"product_cat-pilates-og-yoga-no","10":"product_cat-sissel-no","11":"product_cat-sissel-pilates-no","12":"product_cat-treningsballer-no","13":"product_cat-treningsutstyr","14":"product_tag-sissel-no","16":"first","17":"instock","18":"taxable","19":"shipping-taxable","20":"purchasable","21":"product-type-variable"},"acf":[],"_links":{"self":[{"href":"https:\/\/fysiolab.dk\/no\/wp-json\/wp\/v2\/product\/81105","targetHints":{"allow":["GET"]}}],"collection":[{"href":"https:\/\/fysiolab.dk\/no\/wp-json\/wp\/v2\/product"}],"about":[{"href":"https:\/\/fysiolab.dk\/no\/wp-json\/wp\/v2\/types\/product"}],"replies":[{"embeddable":true,"href":"https:\/\/fysiolab.dk\/no\/wp-json\/wp\/v2\/comments?post=81105"}],"wp:featuredmedia":[{"embeddable":true,"href":"https:\/\/fysiolab.dk\/no\/wp-json\/wp\/v2\/media\/81113"}],"wp:attachment":[{"href":"https:\/\/fysiolab.dk\/no\/wp-json\/wp\/v2\/media?parent=81105"}],"wp:term":[{"taxonomy":"product_brand","embeddable":true,"href":"https:\/\/fysiolab.dk\/no\/wp-json\/wp\/v2\/product_brand?post=81105"},{"taxonomy":"product_cat","embeddable":true,"href":"https:\/\/fysiolab.dk\/no\/wp-json\/wp\/v2\/product_cat?post=81105"},{"taxonomy":"product_tag","embeddable":true,"href":"https:\/\/fysiolab.dk\/no\/wp-json\/wp\/v2\/product_tag?post=81105"}],"curies":[{"name":"wp","href":"https:\/\/api.w.org\/{rel}","templated":true}]}}