{"id":81123,"date":"2023-07-16T13:02:53","date_gmt":"2023-07-16T11:02:53","guid":{"rendered":"https:\/\/fysiolab.dk\/product\/sissel-spiky-dome\/"},"modified":"2025-12-18T09:22:23","modified_gmt":"2025-12-18T08:22:23","slug":"sissel-spiky-dome","status":"publish","type":"product","link":"https:\/\/fysiolab.dk\/no\/product\/sissel-spiky-dome\/","title":{"rendered":"SISSEL Spiky Dome"},"content":{"rendered":"<p>SISSEL Spikey Dome 2 stk for koordinasjons- og balansetrening. <strong>Inneholder 1 bl\u00e5 og 1 r\u00f8d i st\u00f8rrelse \u00d8 16 cm.<\/strong><\/p>\n<p>Spikey Domes er ypperlige for propriosepsjon og sensorisk trening, ettersom de har pigger p\u00e5 overflaten og dermed gir tilbakemelding til hjernen om hvor leddene dine er i bevegelsen. Spikey Domes er ogs\u00e5 ypperlige til \u00e5 gj\u00f8re \u00f8velser vanskeligere. <\/p>\n","protected":false},"excerpt":{"rendered":"<p><strong>SISSEL Spikey Dome 2 stk for koordinasjons- og balansetrening. Inneholder 1 bl\u00e5 og 1 r\u00f8d i st\u00f8rrelse \u00d8 16 cm. <\/strong><\/p>\n","protected":false},"featured_media":81131,"comment_status":"closed","ping_status":"closed","template":"","meta":{"_acf_changed":false},"product_brand":[],"product_cat":[1946,1949,1948,1937,2518,2536,1945],"product_tag":[2521],"class_list":{"0":"post-81123","1":"product","2":"type-product","3":"status-publish","4":"has-post-thumbnail","6":"product_cat-balanse","7":"product_cat-balansetrening","8":"product_cat-klinikk","9":"product_cat-merkevarer","10":"product_cat-sissel-no","11":"product_cat-sissel-balansetrening","12":"product_cat-treningsutstyr","13":"product_tag-sissel-no","15":"first","16":"instock","17":"taxable","18":"shipping-taxable","19":"purchasable","20":"product-type-simple"},"acf":[],"_links":{"self":[{"href":"https:\/\/fysiolab.dk\/no\/wp-json\/wp\/v2\/product\/81123","targetHints":{"allow":["GET"]}}],"collection":[{"href":"https:\/\/fysiolab.dk\/no\/wp-json\/wp\/v2\/product"}],"about":[{"href":"https:\/\/fysiolab.dk\/no\/wp-json\/wp\/v2\/types\/product"}],"replies":[{"embeddable":true,"href":"https:\/\/fysiolab.dk\/no\/wp-json\/wp\/v2\/comments?post=81123"}],"wp:featuredmedia":[{"embeddable":true,"href":"https:\/\/fysiolab.dk\/no\/wp-json\/wp\/v2\/media\/81131"}],"wp:attachment":[{"href":"https:\/\/fysiolab.dk\/no\/wp-json\/wp\/v2\/media?parent=81123"}],"wp:term":[{"taxonomy":"product_brand","embeddable":true,"href":"https:\/\/fysiolab.dk\/no\/wp-json\/wp\/v2\/product_brand?post=81123"},{"taxonomy":"product_cat","embeddable":true,"href":"https:\/\/fysiolab.dk\/no\/wp-json\/wp\/v2\/product_cat?post=81123"},{"taxonomy":"product_tag","embeddable":true,"href":"https:\/\/fysiolab.dk\/no\/wp-json\/wp\/v2\/product_tag?post=81123"}],"curies":[{"name":"wp","href":"https:\/\/api.w.org\/{rel}","templated":true}]}}