{"id":81149,"date":"2024-12-25T21:51:09","date_gmt":"2024-12-25T20:51:09","guid":{"rendered":"https:\/\/fysiolab.dk\/product\/rehabmedic-lymfedrenasje-massasjeolje-500ml\/"},"modified":"2025-12-18T09:20:57","modified_gmt":"2025-12-18T08:20:57","slug":"rehabmedic-lymfedrenasje-massasjeolje-500ml","status":"publish","type":"product","link":"https:\/\/fysiolab.dk\/no\/product\/rehabmedic-lymfedrenasje-massasjeolje-500ml\/","title":{"rendered":"RehabMedic Lymfedrenasje Massasjeolje 500ml"},"content":{"rendered":"<p><strong>RehabMedic Lymfedrenasje Massasjeolje 500ml<\/strong><\/p>\n<p>St\u00f8tt kroppens naturlige utrensing med RehabMedic Lymphatic Drainage Massage Oil. Denne spesialutviklede oljen er ideell for lymfedrenasjemassasje og bidrar til \u00e5 stimulere lymfesystemet, redusere hevelser og fremme kroppens naturlige balanse. <\/p>\n<p>Massasjeoljen er beriket med eteriske oljer fra salvie, palmarosa og peppermynte, som skaper en forfriskende og balanserende duftopplevelse. Samtidig bidrar ingrediensene til \u00e5 \u00f8ke blodsirkulasjonen og forbedre hudens tilstand under behandlingen. Oljen har en lett konsistens som gj\u00f8r den perfekt for lange massasjebevegelser uten \u00e5 v\u00e6re fet.  <\/p>\n<p><strong>Fordeler:<\/strong><\/p>\n<ul>\n<li>Spesielt utviklet for lymfedrenasje-massasje<\/li>\n<li>Bidrar til \u00e5 redusere vannretensjon og hevelse<\/li>\n<li>Beroligende og forfriskende duft av salvie, palmarosa og peppermynte<\/li>\n<li>Fuktighetsgivende og mykgj\u00f8rende formel for huden<\/li>\n<li>Egnet for b\u00e5de profesjonelle behandlinger og hjemmebruk<\/li>\n<\/ul>\n<p><strong>F\u00e5 mest mulig ut av lymfedrenasjebehandlingen med RehabMedic Lymfedrenasjeolje og opplev en f\u00f8lelse av letthet og velv\u00e6re.<\/strong><\/p>\n","protected":false},"excerpt":{"rendered":"<p><strong>St\u00f8tt kroppens naturlige utrensing med RehabMedic Lymphatic Drainage Massage Oil. Denne spesialutviklede oljen er ideell for lymfedrenasjemassasje og bidrar til \u00e5 stimulere lymfesystemet, redusere hevelser og fremme kroppens naturlige balanse. <\/strong><\/p>\n","protected":false},"featured_media":81151,"comment_status":"closed","ping_status":"closed","template":"","meta":{"_acf_changed":false},"product_brand":[],"product_cat":[1948,2397,2025,2401,1937,1943,1941],"product_tag":[1944],"class_list":{"0":"post-81149","1":"product","2":"type-product","3":"status-publish","4":"has-post-thumbnail","6":"product_cat-klinikk","7":"product_cat-kremer-og-oljer","8":"product_cat-massasje","9":"product_cat-massasjekrem-og-olje","10":"product_cat-merkevarer","11":"product_cat-rehabmedic-no","12":"product_cat-rekonvalesens-og-sportspleie","13":"product_tag-rehabmedic-no","15":"first","16":"instock","17":"taxable","18":"shipping-taxable","19":"purchasable","20":"product-type-simple"},"acf":[],"_links":{"self":[{"href":"https:\/\/fysiolab.dk\/no\/wp-json\/wp\/v2\/product\/81149","targetHints":{"allow":["GET"]}}],"collection":[{"href":"https:\/\/fysiolab.dk\/no\/wp-json\/wp\/v2\/product"}],"about":[{"href":"https:\/\/fysiolab.dk\/no\/wp-json\/wp\/v2\/types\/product"}],"replies":[{"embeddable":true,"href":"https:\/\/fysiolab.dk\/no\/wp-json\/wp\/v2\/comments?post=81149"}],"wp:featuredmedia":[{"embeddable":true,"href":"https:\/\/fysiolab.dk\/no\/wp-json\/wp\/v2\/media\/81151"}],"wp:attachment":[{"href":"https:\/\/fysiolab.dk\/no\/wp-json\/wp\/v2\/media?parent=81149"}],"wp:term":[{"taxonomy":"product_brand","embeddable":true,"href":"https:\/\/fysiolab.dk\/no\/wp-json\/wp\/v2\/product_brand?post=81149"},{"taxonomy":"product_cat","embeddable":true,"href":"https:\/\/fysiolab.dk\/no\/wp-json\/wp\/v2\/product_cat?post=81149"},{"taxonomy":"product_tag","embeddable":true,"href":"https:\/\/fysiolab.dk\/no\/wp-json\/wp\/v2\/product_tag?post=81149"}],"curies":[{"name":"wp","href":"https:\/\/api.w.org\/{rel}","templated":true}]}}