{"id":81150,"date":"2024-12-25T15:40:46","date_gmt":"2024-12-25T14:40:46","guid":{"rendered":"https:\/\/fysiolab.dk\/product\/rehabmedic-stimulerende-massasjeolje-500ml\/"},"modified":"2025-12-18T09:20:58","modified_gmt":"2025-12-18T08:20:58","slug":"rehabmedic-stimulerende-massasjeolje-500ml","status":"publish","type":"product","link":"https:\/\/fysiolab.dk\/no\/product\/rehabmedic-stimulerende-massasjeolje-500ml\/","title":{"rendered":"RehabMedic Stimulerende Massasjeolje 500ml"},"content":{"rendered":"<p><strong>RehabMedic Stimulerende Massasjeolje 500ml<\/strong><\/p>\n<p>\u00d8k kroppens naturlige sirkulasjon med RehabMedic Stimulating Massage Oil. Denne massasjeoljen er utviklet for \u00e5 stimulere blodgjennomstr\u00f8mningen og fremme kroppens evne til \u00e5 restituere seg. Oljen virker effektivt ved \u00e5 hjelpe blod\u00e5rene til \u00e5 trekke seg sammen og utvide seg naturlig, noe som \u00f8ker sirkulasjonen og gir ny energi til musklene.  <\/p>\n<p>Oljen er beriket med eteriske oljer av geranium og isop, og har en oppkvikkende og beroligende duft som skaper en avslappende atmosf\u00e6re. Den er ideell til oppvarming av muskler f\u00f8r trening, avslappende massasje etter en lang dag eller som en del av en restitusjonsrutine for \u00f8mme muskler. <\/p>\n<p><strong>Fordeler:<\/strong><\/p>\n<ul>\n<li>Fremmer blodgjennomstr\u00f8mning og restitusjon<\/li>\n<li>Perfekt for \u00e5 varme opp musklene f\u00f8r aktivitet<\/li>\n<li>Beroligende og oppfriskende duft av geranium og isop<\/li>\n<li>Ideell for b\u00e5de profesjonell bruk og hjemmebruk<\/li>\n<li>Egnet for avslappende massasje og daglig pleie<\/li>\n<\/ul>\n<p><strong>Oppdag hvordan RehabMedic Stimulating Massage Oil hjelper deg til \u00e5 f\u00f8le deg avslappet, uthvilt og klar for nye utfordringer!<\/strong><\/p>\n","protected":false},"excerpt":{"rendered":"<p><strong>\u00d8k kroppens naturlige sirkulasjon med RehabMedic Stimulating Massage Oil. Denne massasjeoljen er utviklet for \u00e5 stimulere blodgjennomstr\u00f8mningen og fremme kroppens evne til \u00e5 restituere seg. Oljen virker effektivt ved \u00e5 hjelpe blod\u00e5rene til \u00e5 trekke seg sammen og utvide seg naturlig, noe som \u00f8ker sirkulasjonen og gir ny energi til musklene.  <\/strong><\/p>\n","protected":false},"featured_media":81152,"comment_status":"closed","ping_status":"closed","template":"","meta":{"_acf_changed":false},"product_brand":[],"product_cat":[1948,2397,2025,2401,1937,1943,1941],"product_tag":[1944],"class_list":{"0":"post-81150","1":"product","2":"type-product","3":"status-publish","4":"has-post-thumbnail","6":"product_cat-klinikk","7":"product_cat-kremer-og-oljer","8":"product_cat-massasje","9":"product_cat-massasjekrem-og-olje","10":"product_cat-merkevarer","11":"product_cat-rehabmedic-no","12":"product_cat-rekonvalesens-og-sportspleie","13":"product_tag-rehabmedic-no","15":"first","16":"instock","17":"taxable","18":"shipping-taxable","19":"purchasable","20":"product-type-simple"},"acf":[],"_links":{"self":[{"href":"https:\/\/fysiolab.dk\/no\/wp-json\/wp\/v2\/product\/81150","targetHints":{"allow":["GET"]}}],"collection":[{"href":"https:\/\/fysiolab.dk\/no\/wp-json\/wp\/v2\/product"}],"about":[{"href":"https:\/\/fysiolab.dk\/no\/wp-json\/wp\/v2\/types\/product"}],"replies":[{"embeddable":true,"href":"https:\/\/fysiolab.dk\/no\/wp-json\/wp\/v2\/comments?post=81150"}],"wp:featuredmedia":[{"embeddable":true,"href":"https:\/\/fysiolab.dk\/no\/wp-json\/wp\/v2\/media\/81152"}],"wp:attachment":[{"href":"https:\/\/fysiolab.dk\/no\/wp-json\/wp\/v2\/media?parent=81150"}],"wp:term":[{"taxonomy":"product_brand","embeddable":true,"href":"https:\/\/fysiolab.dk\/no\/wp-json\/wp\/v2\/product_brand?post=81150"},{"taxonomy":"product_cat","embeddable":true,"href":"https:\/\/fysiolab.dk\/no\/wp-json\/wp\/v2\/product_cat?post=81150"},{"taxonomy":"product_tag","embeddable":true,"href":"https:\/\/fysiolab.dk\/no\/wp-json\/wp\/v2\/product_tag?post=81150"}],"curies":[{"name":"wp","href":"https:\/\/api.w.org\/{rel}","templated":true}]}}