{"id":81153,"date":"2024-12-25T17:28:54","date_gmt":"2024-12-25T16:28:54","guid":{"rendered":"https:\/\/fysiolab.dk\/product\/rehabmedic-anti-stress-massasjekrem-500ml\/"},"modified":"2025-12-18T09:20:58","modified_gmt":"2025-12-18T08:20:58","slug":"rehabmedic-anti-stress-massasjekrem-500ml","status":"publish","type":"product","link":"https:\/\/fysiolab.dk\/no\/product\/rehabmedic-anti-stress-massasjekrem-500ml\/","title":{"rendered":"RehabMedic Anti-stress massasjekrem 500ml"},"content":{"rendered":"<p><strong>RehabMedic Anti-Stress Massasjekrem 500ml<\/strong><\/p>\n<p>Finn ro og avslapping med RehabMedic Anti-Stress Massasjekrem, utviklet for \u00e5 berolige kropp og sinn. Denne kremen er ideell for avslappende behandlinger og anbefales for \u00e5 lindre stress, uro og angst. Den luksuri\u00f8se, lettabsorberte konsistensen kombineres med en beroligende duft av lavendel og vetiver for \u00e5 skape en fredelig atmosf\u00e6re og fremme dyp avslapning.  <\/p>\n<p>Den medf\u00f8lgende pumpen gj\u00f8r det enkelt og praktisk \u00e5 dosere kremen, noe som gj\u00f8r den egnet for b\u00e5de profesjonell bruk og hjemmebruk. Massasjekremen pleier huden samtidig som den bidrar til mental avspenning og en generell f\u00f8lelse av velv\u00e6re. <\/p>\n<p><strong>Fordeler:<\/strong><\/p>\n<ul>\n<li>Beroligende og stressreduserende effekt<\/li>\n<li>Lindrer angst og fremmer avslapning<\/li>\n<li>Lavendel- og vetiverduft for en harmonisk atmosf\u00e6re<\/li>\n<li>Praktisk pumpe for enkel dosering og hygienisk bruk<\/li>\n<li>Fuktighetsgivende og pleiende for huden under massasje<\/li>\n<\/ul>\n<p><strong>La RehabMedic Anti-Stress Massagekrem bli en del av din avslapningsrutine, og opplev hvordan den kan gi deg ro og balanse i hverdagen.<\/strong><\/p>\n","protected":false},"excerpt":{"rendered":"<p><strong>Finn ro og avslapping med RehabMedic Anti-Stress Massasjekrem, utviklet for \u00e5 berolige kropp og sinn. Denne kremen er ideell for avslappende behandlinger og anbefales for \u00e5 lindre stress, uro og angst. Den luksuri\u00f8se, lettabsorberte konsistensen kombineres med en beroligende duft av lavendel og vetiver for \u00e5 skape en fredelig atmosf\u00e6re og fremme dyp avslapning.  <\/strong><\/p>\n<p>&nbsp;<\/p>\n","protected":false},"featured_media":81155,"comment_status":"closed","ping_status":"closed","template":"","meta":{"_acf_changed":false},"product_brand":[],"product_cat":[1948,2397,2025,2401,1937,1943,1941],"product_tag":[1944],"class_list":{"0":"post-81153","1":"product","2":"type-product","3":"status-publish","4":"has-post-thumbnail","6":"product_cat-klinikk","7":"product_cat-kremer-og-oljer","8":"product_cat-massasje","9":"product_cat-massasjekrem-og-olje","10":"product_cat-merkevarer","11":"product_cat-rehabmedic-no","12":"product_cat-rekonvalesens-og-sportspleie","13":"product_tag-rehabmedic-no","15":"first","16":"instock","17":"taxable","18":"shipping-taxable","19":"purchasable","20":"product-type-simple"},"acf":[],"_links":{"self":[{"href":"https:\/\/fysiolab.dk\/no\/wp-json\/wp\/v2\/product\/81153","targetHints":{"allow":["GET"]}}],"collection":[{"href":"https:\/\/fysiolab.dk\/no\/wp-json\/wp\/v2\/product"}],"about":[{"href":"https:\/\/fysiolab.dk\/no\/wp-json\/wp\/v2\/types\/product"}],"replies":[{"embeddable":true,"href":"https:\/\/fysiolab.dk\/no\/wp-json\/wp\/v2\/comments?post=81153"}],"wp:featuredmedia":[{"embeddable":true,"href":"https:\/\/fysiolab.dk\/no\/wp-json\/wp\/v2\/media\/81155"}],"wp:attachment":[{"href":"https:\/\/fysiolab.dk\/no\/wp-json\/wp\/v2\/media?parent=81153"}],"wp:term":[{"taxonomy":"product_brand","embeddable":true,"href":"https:\/\/fysiolab.dk\/no\/wp-json\/wp\/v2\/product_brand?post=81153"},{"taxonomy":"product_cat","embeddable":true,"href":"https:\/\/fysiolab.dk\/no\/wp-json\/wp\/v2\/product_cat?post=81153"},{"taxonomy":"product_tag","embeddable":true,"href":"https:\/\/fysiolab.dk\/no\/wp-json\/wp\/v2\/product_tag?post=81153"}],"curies":[{"name":"wp","href":"https:\/\/api.w.org\/{rel}","templated":true}]}}