{"id":81154,"date":"2024-12-25T15:30:14","date_gmt":"2024-12-25T14:30:14","guid":{"rendered":"https:\/\/fysiolab.dk\/product\/rehabmedic-anti-cellulite-oil-500ml\/"},"modified":"2025-12-18T09:20:58","modified_gmt":"2025-12-18T08:20:58","slug":"rehabmedic-anti-cellulite-oil-500ml","status":"publish","type":"product","link":"https:\/\/fysiolab.dk\/no\/product\/rehabmedic-anti-cellulite-oil-500ml\/","title":{"rendered":"RehabMedic Anti-Cellulite Oil 500ml"},"content":{"rendered":"<p><strong>RehabMedic Anti-Cellulite Oil 500ml<\/strong><\/p>\n<p>Eksklusiv anti-cellulittolje med naturlige ingredienser som gir n\u00e6ring og pleier huden p\u00e5 dypet. Oljen er beriket med essensielle oljer av sitron, geranium og fennikel, som ikke bare gir en forfriskende og luksuri\u00f8s duft, men som ogs\u00e5 bidrar til \u00e5 forbedre hudens elastisitet og redusere forekomsten av cellulitter. <\/p>\n<p>Den medf\u00f8lgende pumpen gj\u00f8r det enkelt \u00e5 dosere riktig mengde olje, noe som sikrer en jevn p\u00e5f\u00f8ring og en behagelig massasjeopplevelse. Oljen er ideell for \u00e5 stimulere blodsirkulasjonen, stramme opp huden og etterlate den myk og fuktig. <\/p>\n<p><strong>Fordeler:<\/strong><\/p>\n<ul>\n<li>Naturlige og hudvennlige ingredienser<\/li>\n<li>Aromaterapeutiske dufter fra eteriske oljer<\/li>\n<li>Praktisk pumpe for enkel og hygienisk bruk<\/li>\n<li>Perfekt til massasje eller daglig hudpleie<\/li>\n<li>Passer for alle hudtyper<\/li>\n<\/ul>\n<p><strong>Unn huden din den n\u00e6rende og oppstrammende RehabMedic Anti-Cellulite Oil - for en jevnere og sunnere hud hver dag!<\/strong><\/p>\n","protected":false},"excerpt":{"rendered":"<p><strong>Eksklusiv anti-cellulittolje med naturlige ingredienser som gir n\u00e6ring og pleier huden p\u00e5 dypet. Oljen er beriket med essensielle oljer av sitron, geranium og fennikel, som ikke bare gir en forfriskende og luksuri\u00f8s duft, men som ogs\u00e5 bidrar til \u00e5 forbedre hudens elastisitet og redusere forekomsten av cellulitter. <\/strong><\/p>\n","protected":false},"featured_media":81156,"comment_status":"closed","ping_status":"closed","template":"","meta":{"_acf_changed":false},"product_brand":[],"product_cat":[1948,2397,2025,2401,1937,1943,1941],"product_tag":[1944],"class_list":{"0":"post-81154","1":"product","2":"type-product","3":"status-publish","4":"has-post-thumbnail","6":"product_cat-klinikk","7":"product_cat-kremer-og-oljer","8":"product_cat-massasje","9":"product_cat-massasjekrem-og-olje","10":"product_cat-merkevarer","11":"product_cat-rehabmedic-no","12":"product_cat-rekonvalesens-og-sportspleie","13":"product_tag-rehabmedic-no","15":"first","16":"instock","17":"taxable","18":"shipping-taxable","19":"purchasable","20":"product-type-simple"},"acf":[],"_links":{"self":[{"href":"https:\/\/fysiolab.dk\/no\/wp-json\/wp\/v2\/product\/81154","targetHints":{"allow":["GET"]}}],"collection":[{"href":"https:\/\/fysiolab.dk\/no\/wp-json\/wp\/v2\/product"}],"about":[{"href":"https:\/\/fysiolab.dk\/no\/wp-json\/wp\/v2\/types\/product"}],"replies":[{"embeddable":true,"href":"https:\/\/fysiolab.dk\/no\/wp-json\/wp\/v2\/comments?post=81154"}],"wp:featuredmedia":[{"embeddable":true,"href":"https:\/\/fysiolab.dk\/no\/wp-json\/wp\/v2\/media\/81156"}],"wp:attachment":[{"href":"https:\/\/fysiolab.dk\/no\/wp-json\/wp\/v2\/media?parent=81154"}],"wp:term":[{"taxonomy":"product_brand","embeddable":true,"href":"https:\/\/fysiolab.dk\/no\/wp-json\/wp\/v2\/product_brand?post=81154"},{"taxonomy":"product_cat","embeddable":true,"href":"https:\/\/fysiolab.dk\/no\/wp-json\/wp\/v2\/product_cat?post=81154"},{"taxonomy":"product_tag","embeddable":true,"href":"https:\/\/fysiolab.dk\/no\/wp-json\/wp\/v2\/product_tag?post=81154"}],"curies":[{"name":"wp","href":"https:\/\/api.w.org\/{rel}","templated":true}]}}