{"id":81157,"date":"2024-12-25T17:24:48","date_gmt":"2024-12-25T16:24:48","guid":{"rendered":"https:\/\/fysiolab.dk\/product\/rehabmedic-anti-stress-massasjeolje-500ml\/"},"modified":"2025-12-18T09:20:58","modified_gmt":"2025-12-18T08:20:58","slug":"rehabmedic-anti-stress-massasjeolje-500ml","status":"publish","type":"product","link":"https:\/\/fysiolab.dk\/no\/product\/rehabmedic-anti-stress-massasjeolje-500ml\/","title":{"rendered":"RehabMedic Anti-stress massasjeolje 500ml"},"content":{"rendered":"<p><strong>RehabMedic Anti-Stress Massasjeolje 500ml<\/strong><\/p>\n<p>Skap ro og balanse i kropp og sinn med RehabMedic Anti-Stress Massage Oil. Denne oljen er utviklet for \u00e5 fremme avslapping og redusere stress, noe som gj\u00f8r den ideell for beroligende behandlinger som for eksempel ved angst, uro eller dyp avslapning. <\/p>\n<p>Den beroligende duften av lavendel og vetiver skaper en harmonisk og avslappende atmosf\u00e6re, samtidig som oljen pleier huden med sin n\u00e6rende og mykgj\u00f8rende formel. Perfekt til massasje eller som en del av en egenpleierutine for \u00e5 hjelpe kroppen med \u00e5 slippe spenninger og finne indre ro. <\/p>\n<p><strong>Fordeler:<\/strong><\/p>\n<ul>\n<li>Roer ned sinnet og reduserer stress<\/li>\n<li>Ideell for behandling av angst, uro eller s\u00f8vnproblemer<\/li>\n<li>Aromaterapeutisk duft av lavendel og vetiver<\/li>\n<li>N\u00e6rer og mykgj\u00f8r huden under massasje<\/li>\n<li>Egnet for profesjonell bruk og hjemmebruk<\/li>\n<\/ul>\n<p><strong>Oppdag hvordan RehabMedic Anti-Stress Massage Oil hjelper deg \u00e5 skape en avslappende oase hvor du kan finne tilbake til din indre ro<\/strong><\/p>\n","protected":false},"excerpt":{"rendered":"<p><strong>Skap ro og balanse i kropp og sinn med RehabMedic Anti-Stress Massage Oil. Denne oljen er utviklet for \u00e5 fremme avslapping og redusere stress, noe som gj\u00f8r den ideell for beroligende behandlinger som for eksempel ved angst, uro eller dyp avslapning. <\/strong><\/p>\n","protected":false},"featured_media":81160,"comment_status":"closed","ping_status":"closed","template":"","meta":{"_acf_changed":false},"product_brand":[],"product_cat":[1948,2397,2025,2401,1937,1943,1941],"product_tag":[1944],"class_list":{"0":"post-81157","1":"product","2":"type-product","3":"status-publish","4":"has-post-thumbnail","6":"product_cat-klinikk","7":"product_cat-kremer-og-oljer","8":"product_cat-massasje","9":"product_cat-massasjekrem-og-olje","10":"product_cat-merkevarer","11":"product_cat-rehabmedic-no","12":"product_cat-rekonvalesens-og-sportspleie","13":"product_tag-rehabmedic-no","15":"first","16":"instock","17":"taxable","18":"shipping-taxable","19":"purchasable","20":"product-type-simple"},"acf":[],"_links":{"self":[{"href":"https:\/\/fysiolab.dk\/no\/wp-json\/wp\/v2\/product\/81157","targetHints":{"allow":["GET"]}}],"collection":[{"href":"https:\/\/fysiolab.dk\/no\/wp-json\/wp\/v2\/product"}],"about":[{"href":"https:\/\/fysiolab.dk\/no\/wp-json\/wp\/v2\/types\/product"}],"replies":[{"embeddable":true,"href":"https:\/\/fysiolab.dk\/no\/wp-json\/wp\/v2\/comments?post=81157"}],"wp:featuredmedia":[{"embeddable":true,"href":"https:\/\/fysiolab.dk\/no\/wp-json\/wp\/v2\/media\/81160"}],"wp:attachment":[{"href":"https:\/\/fysiolab.dk\/no\/wp-json\/wp\/v2\/media?parent=81157"}],"wp:term":[{"taxonomy":"product_brand","embeddable":true,"href":"https:\/\/fysiolab.dk\/no\/wp-json\/wp\/v2\/product_brand?post=81157"},{"taxonomy":"product_cat","embeddable":true,"href":"https:\/\/fysiolab.dk\/no\/wp-json\/wp\/v2\/product_cat?post=81157"},{"taxonomy":"product_tag","embeddable":true,"href":"https:\/\/fysiolab.dk\/no\/wp-json\/wp\/v2\/product_tag?post=81157"}],"curies":[{"name":"wp","href":"https:\/\/api.w.org\/{rel}","templated":true}]}}