{"id":81158,"date":"2024-12-25T15:24:48","date_gmt":"2024-12-25T14:24:48","guid":{"rendered":"https:\/\/fysiolab.dk\/product\/rehabmedic-anti-cellulittkrem-500-ml\/"},"modified":"2025-12-18T09:20:58","modified_gmt":"2025-12-18T08:20:58","slug":"rehabmedic-anti-cellulittkrem-500-ml","status":"publish","type":"product","link":"https:\/\/fysiolab.dk\/no\/product\/rehabmedic-anti-cellulittkrem-500-ml\/","title":{"rendered":"RehabMedic Anti-cellulittkrem 500 ml"},"content":{"rendered":"<p><strong>RehabMedic Anti-cellulittkrem 500 ml<\/strong><\/p>\n<p>Effektiv anti-cellulittkrem med fokus p\u00e5 naturlige ingredienser og n\u00e6rende egenskaper. Kremen er beriket med eteriske oljer av sitron, geranium og fennikel som gir en frisk og oppkvikkende duft samtidig som de bidrar til hudens elastisitet og fasthet. <\/p>\n<p>Med den medf\u00f8lgende pumpen er kremen enkel \u00e5 dosere og p\u00e5f\u00f8re, noe som gj\u00f8r den ideell for daglig bruk. Produktet er utviklet for \u00e5 stimulere blodsirkulasjonen og redusere forekomsten av cellulitter for en glattere og jevnere hud. <\/p>\n<p>Perfekt for deg som \u00f8nsker naturlig pleie kombinert med synlige resultater.<\/p>\n<p><strong>Fordeler:<\/strong><\/p>\n<ul>\n<li>Naturlige ingredienser som er sk\u00e5nsomme mot huden<\/li>\n<li>Beroligende og aromaterapeutiske dufter<\/li>\n<li>Praktisk pumpe for enkel bruk<\/li>\n<li>Passer for alle hudtyper<\/li>\n<\/ul>\n<p><strong>Gj\u00f8r hudpleierutinen din mer effektiv med RehabMedic Anti-Cellulite Cream!<\/strong><\/p>\n","protected":false},"excerpt":{"rendered":"<p><strong>Effektiv anti-cellulittkrem med fokus p\u00e5 naturlige ingredienser og n\u00e6rende egenskaper. Kremen er beriket med eteriske oljer av sitron, geranium og fennikel som gir en frisk og oppkvikkende duft samtidig som de bidrar til hudens elastisitet og fasthet.   <\/strong><\/p>\n","protected":false},"featured_media":81159,"comment_status":"closed","ping_status":"closed","template":"","meta":{"_acf_changed":false},"product_brand":[3087],"product_cat":[1948,2397,2025,2401,2922,1937,1943,1941,2016],"product_tag":[1944],"class_list":{"0":"post-81158","1":"product","2":"type-product","3":"status-publish","4":"has-post-thumbnail","6":"product_brand-rehabmedic","7":"product_cat-klinikk","8":"product_cat-kremer-og-oljer","9":"product_cat-massasje","10":"product_cat-massasjekrem-og-olje","11":"product_cat-massasjeolje-og-krem","12":"product_cat-merkevarer","13":"product_cat-rehabmedic-no","14":"product_cat-rekonvalesens-og-sportspleie","15":"product_cat-uttak","16":"product_tag-rehabmedic-no","18":"first","19":"instock","20":"taxable","21":"shipping-taxable","22":"purchasable","23":"product-type-simple"},"acf":[],"_links":{"self":[{"href":"https:\/\/fysiolab.dk\/no\/wp-json\/wp\/v2\/product\/81158","targetHints":{"allow":["GET"]}}],"collection":[{"href":"https:\/\/fysiolab.dk\/no\/wp-json\/wp\/v2\/product"}],"about":[{"href":"https:\/\/fysiolab.dk\/no\/wp-json\/wp\/v2\/types\/product"}],"replies":[{"embeddable":true,"href":"https:\/\/fysiolab.dk\/no\/wp-json\/wp\/v2\/comments?post=81158"}],"wp:featuredmedia":[{"embeddable":true,"href":"https:\/\/fysiolab.dk\/no\/wp-json\/wp\/v2\/media\/81159"}],"wp:attachment":[{"href":"https:\/\/fysiolab.dk\/no\/wp-json\/wp\/v2\/media?parent=81158"}],"wp:term":[{"taxonomy":"product_brand","embeddable":true,"href":"https:\/\/fysiolab.dk\/no\/wp-json\/wp\/v2\/product_brand?post=81158"},{"taxonomy":"product_cat","embeddable":true,"href":"https:\/\/fysiolab.dk\/no\/wp-json\/wp\/v2\/product_cat?post=81158"},{"taxonomy":"product_tag","embeddable":true,"href":"https:\/\/fysiolab.dk\/no\/wp-json\/wp\/v2\/product_tag?post=81158"}],"curies":[{"name":"wp","href":"https:\/\/api.w.org\/{rel}","templated":true}]}}