{"id":81161,"date":"2024-12-22T22:47:56","date_gmt":"2024-12-22T21:47:56","guid":{"rendered":"https:\/\/fysiolab.dk\/product\/rehabmedic-soothing-gel-500-ml\/"},"modified":"2025-12-18T09:20:58","modified_gmt":"2025-12-18T08:20:58","slug":"rehabmedic-soothing-gel-500-ml","status":"publish","type":"product","link":"https:\/\/fysiolab.dk\/no\/product\/rehabmedic-soothing-gel-500-ml\/","title":{"rendered":"RehabMedic Soothing Gel 500 ml"},"content":{"rendered":"<p><strong>RehabMedic Soothing Gel - 500 ml<\/strong><\/p>\n<p>RehabMedic Soothing Gel er en effektiv og hurtigvirkende gel som er utviklet for \u00e5 lindre \u00f8mme muskler og ledd. Med sin betennelsesdempende effekt og kj\u00f8lende egenskaper bidrar den til \u00e5 redusere hevelser, muskelspenninger og ubehag, noe som gj\u00f8r den ideell for b\u00e5de idrettsut\u00f8vere og hverdagsbruk. <\/p>\n<p>Den lettabsorberte formelen kombinerer aktive ingredienser som beroliger og avslapper, samtidig som den gir en behagelig f\u00f8lelse i kroppen. Den ikke-fete gelen er perfekt for b\u00e5de hjemmebruk og profesjonell bruk. <\/p>\n<p><strong>Fordeler:<\/strong><\/p>\n<ul>\n<li>Rask og effektiv lindring for \u00f8mme muskler og ledd<\/li>\n<li>Anti-inflammatorisk effekt som reduserer hevelse og irritasjon<\/li>\n<li>Kj\u00f8lende egenskaper som fremmer avslapping<\/li>\n<li>Absorberes raskt uten \u00e5 virke fetende<\/li>\n<li>Passer b\u00e5de for idrettsut\u00f8vere og til hverdagsbruk<\/li>\n<li>Stor 500 ml flaske - perfekt for profesjonell bruk<\/li>\n<\/ul>\n<p>P\u00e5f\u00f8ring<strong>:<\/strong><br \/>\nP\u00e5f\u00f8r en passende mengde gel p\u00e5 det \u00f8nskede omr\u00e5det og masser forsiktig til produktet er absorbert. Kan brukes flere ganger daglig etter behov, spesielt etter trening eller fysisk aktivitet. <\/p>\n<p><strong>F\u00e5 \u00f8yeblikkelig lindring og pleie med RehabMedic Relief Gel og gjenvinn bevegelighet og komfort i hverdagen.<\/strong><\/p>\n","protected":false},"excerpt":{"rendered":"<p><strong>RehabMedic Soothing Gel er en effektiv og hurtigvirkende gel som er utviklet for \u00e5 lindre \u00f8mme muskler og ledd. Med sin betennelsesdempende effekt og kj\u00f8lende egenskaper bidrar den til \u00e5 redusere hevelser, muskelspenninger og ubehag, noe som gj\u00f8r den ideell for b\u00e5de idrettsut\u00f8vere og hverdagsbruk.  Pumpe inkludert<\/strong><\/p>\n","protected":false},"featured_media":81163,"comment_status":"closed","ping_status":"closed","template":"","meta":{"_acf_changed":false},"product_brand":[],"product_cat":[1948,2397,2025,2401,1937,1943,1941,2423],"product_tag":[1944],"class_list":{"0":"post-81161","1":"product","2":"type-product","3":"status-publish","4":"has-post-thumbnail","6":"product_cat-klinikk","7":"product_cat-kremer-og-oljer","8":"product_cat-massasje","9":"product_cat-massasjekrem-og-olje","10":"product_cat-merkevarer","11":"product_cat-rehabmedic-no","12":"product_cat-rekonvalesens-og-sportspleie","13":"product_cat-salve-no","14":"product_tag-rehabmedic-no","16":"first","17":"instock","18":"taxable","19":"shipping-taxable","20":"purchasable","21":"product-type-simple"},"acf":[],"_links":{"self":[{"href":"https:\/\/fysiolab.dk\/no\/wp-json\/wp\/v2\/product\/81161","targetHints":{"allow":["GET"]}}],"collection":[{"href":"https:\/\/fysiolab.dk\/no\/wp-json\/wp\/v2\/product"}],"about":[{"href":"https:\/\/fysiolab.dk\/no\/wp-json\/wp\/v2\/types\/product"}],"replies":[{"embeddable":true,"href":"https:\/\/fysiolab.dk\/no\/wp-json\/wp\/v2\/comments?post=81161"}],"wp:featuredmedia":[{"embeddable":true,"href":"https:\/\/fysiolab.dk\/no\/wp-json\/wp\/v2\/media\/81163"}],"wp:attachment":[{"href":"https:\/\/fysiolab.dk\/no\/wp-json\/wp\/v2\/media?parent=81161"}],"wp:term":[{"taxonomy":"product_brand","embeddable":true,"href":"https:\/\/fysiolab.dk\/no\/wp-json\/wp\/v2\/product_brand?post=81161"},{"taxonomy":"product_cat","embeddable":true,"href":"https:\/\/fysiolab.dk\/no\/wp-json\/wp\/v2\/product_cat?post=81161"},{"taxonomy":"product_tag","embeddable":true,"href":"https:\/\/fysiolab.dk\/no\/wp-json\/wp\/v2\/product_tag?post=81161"}],"curies":[{"name":"wp","href":"https:\/\/api.w.org\/{rel}","templated":true}]}}