{"id":81162,"date":"2024-12-25T16:20:13","date_gmt":"2024-12-25T15:20:13","guid":{"rendered":"https:\/\/fysiolab.dk\/product\/rehabmedic-oppstrammende-massasjekrem-500ml\/"},"modified":"2025-12-18T09:20:58","modified_gmt":"2025-12-18T08:20:58","slug":"rehabmedic-oppstrammende-massasjekrem-500ml","status":"publish","type":"product","link":"https:\/\/fysiolab.dk\/no\/product\/rehabmedic-oppstrammende-massasjekrem-500ml\/","title":{"rendered":"RehabMedic Oppstrammende massasjekrem 500ml"},"content":{"rendered":"<p><strong>RehabMedic Oppstrammende massasjekrem 500ml<\/strong><\/p>\n<p>Oppn\u00e5 en fastere og mer elastisk hud med RehabMedic Firming Massage Cream. Denne kremen er spesielt utviklet for \u00e5 forbedre hudens struktur, motvirke strekkmerker og gi intens fuktighet. Den gir huden n\u00e6ring p\u00e5 dypet og st\u00f8tter den naturlige regenereringsprosessen, noe som gj\u00f8r den smidigere og glattere.  <\/p>\n<p>Kremen inneholder en luksuri\u00f8s blanding av naturlige ekstrakter og eteriske oljer fra nype, lavendel, myrra, basilikum og ringblomst. Den beroligende duften skaper en avslappende opplevelse, samtidig som kremens konsistens gj\u00f8r den ideell for massasje. Med den medf\u00f8lgende pumpen er produktet enkelt og hygienisk \u00e5 dosere.  <\/p>\n<p><strong>Fordeler:<\/strong><\/p>\n<ul>\n<li>Strammer opp huden og reduserer strekkmerker<\/li>\n<li>Tilf\u00f8rer fuktighet og pleie p\u00e5 dypet<\/li>\n<li>Beroligende duft av nype, lavendel og myrra<\/li>\n<li>Praktisk pumpe for enkel dosering<\/li>\n<li>Perfekt for daglig massasje og profesjonell bruk<\/li>\n<\/ul>\n<p><strong>Unn huden din RehabMedic Firming Massage Cream, og kjenn hvordan den blir mykere, jevnere og full av vitalitet.<\/strong><\/p>\n","protected":false},"excerpt":{"rendered":"<p><strong>Oppn\u00e5 en fastere og mer elastisk hud med RehabMedic Firming Massage Cream. Denne kremen er spesielt utviklet for \u00e5 forbedre hudens struktur, motvirke strekkmerker og gi intens fuktighet. Den gir huden n\u00e6ring p\u00e5 dypet og st\u00f8tter den naturlige regenereringsprosessen, noe som gj\u00f8r den smidigere og glattere.  <\/strong><\/p>\n","protected":false},"featured_media":81168,"comment_status":"closed","ping_status":"closed","template":"","meta":{"_acf_changed":false},"product_brand":[],"product_cat":[1948,2397,2025,2401,1937,1943,1941],"product_tag":[1944],"class_list":{"0":"post-81162","1":"product","2":"type-product","3":"status-publish","4":"has-post-thumbnail","6":"product_cat-klinikk","7":"product_cat-kremer-og-oljer","8":"product_cat-massasje","9":"product_cat-massasjekrem-og-olje","10":"product_cat-merkevarer","11":"product_cat-rehabmedic-no","12":"product_cat-rekonvalesens-og-sportspleie","13":"product_tag-rehabmedic-no","15":"first","16":"instock","17":"taxable","18":"shipping-taxable","19":"purchasable","20":"product-type-simple"},"acf":[],"_links":{"self":[{"href":"https:\/\/fysiolab.dk\/no\/wp-json\/wp\/v2\/product\/81162","targetHints":{"allow":["GET"]}}],"collection":[{"href":"https:\/\/fysiolab.dk\/no\/wp-json\/wp\/v2\/product"}],"about":[{"href":"https:\/\/fysiolab.dk\/no\/wp-json\/wp\/v2\/types\/product"}],"replies":[{"embeddable":true,"href":"https:\/\/fysiolab.dk\/no\/wp-json\/wp\/v2\/comments?post=81162"}],"wp:featuredmedia":[{"embeddable":true,"href":"https:\/\/fysiolab.dk\/no\/wp-json\/wp\/v2\/media\/81168"}],"wp:attachment":[{"href":"https:\/\/fysiolab.dk\/no\/wp-json\/wp\/v2\/media?parent=81162"}],"wp:term":[{"taxonomy":"product_brand","embeddable":true,"href":"https:\/\/fysiolab.dk\/no\/wp-json\/wp\/v2\/product_brand?post=81162"},{"taxonomy":"product_cat","embeddable":true,"href":"https:\/\/fysiolab.dk\/no\/wp-json\/wp\/v2\/product_cat?post=81162"},{"taxonomy":"product_tag","embeddable":true,"href":"https:\/\/fysiolab.dk\/no\/wp-json\/wp\/v2\/product_tag?post=81162"}],"curies":[{"name":"wp","href":"https:\/\/api.w.org\/{rel}","templated":true}]}}