{"id":81169,"date":"2024-12-22T22:33:34","date_gmt":"2024-12-22T21:33:34","guid":{"rendered":"https:\/\/fysiolab.dk\/product\/rehabmedic-druekjerneolje-100-noeytral-1l\/"},"modified":"2025-12-18T09:20:59","modified_gmt":"2025-12-18T08:20:59","slug":"rehabmedic-druekjerneolje-100-noeytral-1l","status":"publish","type":"product","link":"https:\/\/fysiolab.dk\/no\/product\/rehabmedic-druekjerneolje-100-noeytral-1l\/","title":{"rendered":"RehabMedic Druekjerneolje 100% n\u00f8ytral 1L"},"content":{"rendered":"<p><strong>RehabMedic Druekjerneolje 100 % n\u00f8ytral - 1L<\/strong><\/p>\n<p>RehabMedic Grapeseed Oil er en 100 % ren og n\u00f8ytral olje som er kjent for sine lette og allsidige egenskaper. Med sin h\u00f8ye kvalitet og naturlige formel er den ideell for b\u00e5de profesjonell og personlig bruk, spesielt innen massasje og hudpleie. <\/p>\n<p>Oljen er utvunnet av de fineste druekjernene og er rik p\u00e5 antioksidanter og essensielle fettsyrer som bidrar til \u00e5 fukte, mykgj\u00f8re og beskytte huden. Den lette konsistensen gj\u00f8r at oljen absorberes raskt uten \u00e5 etterlate en fet overflate, noe som gj\u00f8r den perfekt til lengre massasjebehandlinger eller som en del av den daglige hudpleierutinen. <\/p>\n<p><strong>Fordeler:<\/strong><\/p>\n<ul>\n<li>100 % ren og naturlig druekjerneolje<\/li>\n<li>Rik p\u00e5 antioksidanter og essensielle fettsyrer<\/li>\n<li>Egnet for massasje, hudpleie og aromaterapi<\/li>\n<li>Lett og ikke-fettete tekstur<\/li>\n<li>N\u00f8ytral duft - kan kombineres med eteriske oljer<\/li>\n<\/ul>\n<p><strong>Innhold:<\/strong><br \/>\n1 liter - perfekt for profesjonell bruk eller for dem som \u00f8nsker en rask og \u00f8konomisk l\u00f8sning for den daglige pleien.<\/p>\n<p><strong>Bruk:<\/strong><br \/>\nP\u00e5f\u00f8res direkte p\u00e5 huden for \u00e5 fukte eller massere. Kan ogs\u00e5 brukes som baseolje i kombinasjon med eteriske oljer for en skreddersydd opplevelse. Passer for alle hudtyper, ogs\u00e5 sensitiv hud.  <\/p>\n<p><strong>Unn huden din den lette og n\u00e6rende pleien som bare RehabMedic Grape Seed Oil kan tilby - en uunnv\u00e6rlig del av enhver hudpleierutine og massasjerutine.<\/strong><\/p>\n","protected":false},"excerpt":{"rendered":"<p><strong>RehabMedic Grapeseed Oil er en 100 % ren og n\u00f8ytral olje som er kjent for sine lette og allsidige egenskaper. Med sin h\u00f8ye kvalitet og naturlige formel er den ideell for b\u00e5de profesjonell og personlig bruk, spesielt innen massasje og hudpleie. <\/strong><\/p>\n","protected":false},"featured_media":81171,"comment_status":"closed","ping_status":"closed","template":"","meta":{"_acf_changed":false},"product_brand":[],"product_cat":[1948,2397,2401,1937,1943,1941],"product_tag":[1944],"class_list":{"0":"post-81169","1":"product","2":"type-product","3":"status-publish","4":"has-post-thumbnail","6":"product_cat-klinikk","7":"product_cat-kremer-og-oljer","8":"product_cat-massasjekrem-og-olje","9":"product_cat-merkevarer","10":"product_cat-rehabmedic-no","11":"product_cat-rekonvalesens-og-sportspleie","12":"product_tag-rehabmedic-no","14":"first","15":"instock","16":"taxable","17":"shipping-taxable","18":"purchasable","19":"product-type-simple"},"acf":[],"_links":{"self":[{"href":"https:\/\/fysiolab.dk\/no\/wp-json\/wp\/v2\/product\/81169","targetHints":{"allow":["GET"]}}],"collection":[{"href":"https:\/\/fysiolab.dk\/no\/wp-json\/wp\/v2\/product"}],"about":[{"href":"https:\/\/fysiolab.dk\/no\/wp-json\/wp\/v2\/types\/product"}],"replies":[{"embeddable":true,"href":"https:\/\/fysiolab.dk\/no\/wp-json\/wp\/v2\/comments?post=81169"}],"wp:featuredmedia":[{"embeddable":true,"href":"https:\/\/fysiolab.dk\/no\/wp-json\/wp\/v2\/media\/81171"}],"wp:attachment":[{"href":"https:\/\/fysiolab.dk\/no\/wp-json\/wp\/v2\/media?parent=81169"}],"wp:term":[{"taxonomy":"product_brand","embeddable":true,"href":"https:\/\/fysiolab.dk\/no\/wp-json\/wp\/v2\/product_brand?post=81169"},{"taxonomy":"product_cat","embeddable":true,"href":"https:\/\/fysiolab.dk\/no\/wp-json\/wp\/v2\/product_cat?post=81169"},{"taxonomy":"product_tag","embeddable":true,"href":"https:\/\/fysiolab.dk\/no\/wp-json\/wp\/v2\/product_tag?post=81169"}],"curies":[{"name":"wp","href":"https:\/\/api.w.org\/{rel}","templated":true}]}}