{"id":81170,"date":"2024-12-25T16:00:32","date_gmt":"2024-12-25T15:00:32","guid":{"rendered":"https:\/\/fysiolab.dk\/product\/rehabmedic-oppstrammende-massasjeolje-500ml\/"},"modified":"2025-12-18T09:20:58","modified_gmt":"2025-12-18T08:20:58","slug":"rehabmedic-oppstrammende-massasjeolje-500ml","status":"publish","type":"product","link":"https:\/\/fysiolab.dk\/no\/product\/rehabmedic-oppstrammende-massasjeolje-500ml\/","title":{"rendered":"RehabMedic Oppstrammende massasjeolje 500ml"},"content":{"rendered":"<p><strong>RehabMedic Oppstrammende massasjeolje 500ml<\/strong><\/p>\n<p>F\u00e5 en glattere og smidigere hud med RehabMedic Firming Massage Oil. Denne luksuri\u00f8se oljen er utviklet for \u00e5 forbedre hudens elastisitet og redusere forekomsten av strekkmerker. Den virker effektivt ved \u00e5 tilf\u00f8re huden n\u00e6ring p\u00e5 dypet og st\u00f8tte dens naturlige regenerering, slik at den blir strammere og mer velstelt.  <\/p>\n<p>Massasjeoljen er beriket med en unik blanding av naturlige eteriske oljer fra nype, lavendel, myrra, basilikum og ringblomst som ikke bare skjemmer bort huden, men ogs\u00e5 skaper en beroligende og aromatisk opplevelse.<\/p>\n<p><strong>Fordeler:<\/strong><\/p>\n<ul>\n<li>Bidrar til \u00e5 stramme opp huden og redusere strekkmerker<\/li>\n<li>Fuktighetsgivende og n\u00e6rende med naturlige ingredienser<\/li>\n<li>Beroligende duft av nype, lavendel og myrra<\/li>\n<li>Ideell for daglig massasje og hudpleie<\/li>\n<li>Passer for alle hudtyper<\/li>\n<\/ul>\n<p><strong>Gi huden din den ultimate pleien med RehabMedic Firming Massage Oil, og opplev forskjellen i en glattere og mer ungdommelig hud.<\/strong><\/p>\n","protected":false},"excerpt":{"rendered":"<p><strong>F\u00e5 en glattere og smidigere hud med RehabMedic Firming Massage Oil. Denne luksuri\u00f8se oljen er utviklet for \u00e5 forbedre hudens elastisitet og redusere forekomsten av strekkmerker. Den virker effektivt ved \u00e5 tilf\u00f8re huden n\u00e6ring p\u00e5 dypet og st\u00f8tte dens naturlige regenerering, slik at den blir strammere og mer velstelt.  <\/strong><\/p>\n<p>&nbsp;<\/p>\n","protected":false},"featured_media":81172,"comment_status":"closed","ping_status":"closed","template":"","meta":{"_acf_changed":false},"product_brand":[],"product_cat":[1948,2401,1937,1943],"product_tag":[1944],"class_list":{"0":"post-81170","1":"product","2":"type-product","3":"status-publish","4":"has-post-thumbnail","6":"product_cat-klinikk","7":"product_cat-massasjekrem-og-olje","8":"product_cat-merkevarer","9":"product_cat-rehabmedic-no","10":"product_tag-rehabmedic-no","12":"first","13":"instock","14":"taxable","15":"shipping-taxable","16":"purchasable","17":"product-type-simple"},"acf":[],"_links":{"self":[{"href":"https:\/\/fysiolab.dk\/no\/wp-json\/wp\/v2\/product\/81170","targetHints":{"allow":["GET"]}}],"collection":[{"href":"https:\/\/fysiolab.dk\/no\/wp-json\/wp\/v2\/product"}],"about":[{"href":"https:\/\/fysiolab.dk\/no\/wp-json\/wp\/v2\/types\/product"}],"replies":[{"embeddable":true,"href":"https:\/\/fysiolab.dk\/no\/wp-json\/wp\/v2\/comments?post=81170"}],"wp:featuredmedia":[{"embeddable":true,"href":"https:\/\/fysiolab.dk\/no\/wp-json\/wp\/v2\/media\/81172"}],"wp:attachment":[{"href":"https:\/\/fysiolab.dk\/no\/wp-json\/wp\/v2\/media?parent=81170"}],"wp:term":[{"taxonomy":"product_brand","embeddable":true,"href":"https:\/\/fysiolab.dk\/no\/wp-json\/wp\/v2\/product_brand?post=81170"},{"taxonomy":"product_cat","embeddable":true,"href":"https:\/\/fysiolab.dk\/no\/wp-json\/wp\/v2\/product_cat?post=81170"},{"taxonomy":"product_tag","embeddable":true,"href":"https:\/\/fysiolab.dk\/no\/wp-json\/wp\/v2\/product_tag?post=81170"}],"curies":[{"name":"wp","href":"https:\/\/api.w.org\/{rel}","templated":true}]}}