{"id":81173,"date":"2024-12-03T19:47:42","date_gmt":"2024-12-03T18:47:42","guid":{"rendered":"https:\/\/fysiolab.dk\/product\/rehabmedic-foerstehjelpsveske-40x20x20cm\/"},"modified":"2025-12-18T09:20:59","modified_gmt":"2025-12-18T08:20:59","slug":"rehabmedic-foerstehjelpsveske-40x20x20cm","status":"publish","type":"product","link":"https:\/\/fysiolab.dk\/no\/product\/rehabmedic-foerstehjelpsveske-40x20x20cm\/","title":{"rendered":"RehabMedic f\u00f8rstehjelpsveske 40x20x20cm"},"content":{"rendered":"<p><strong>RehabMedic f\u00f8rstehjelpsveske - 40 x 20 x 20 cm<\/strong><\/p>\n<p>V\u00e6r klar for enhver situasjon med RehabMedic First Aid Bag - en romslig og praktisk veske som er designet for \u00e5 holde alt f\u00f8rstehjelpsutstyret ditt organisert og lett tilgjengelig. Vesken m\u00e5ler 40 x 20 x 20 cm og er det perfekte valget for idrettsklubber, klinikker eller privat bruk. <\/p>\n<p><strong>Funksjoner:<\/strong><\/p>\n<ul>\n<li>Farge: R\u00f8d og svart - synlig og profesjonell i design.<\/li>\n<li>Tilpasning: Gj\u00f8r vesken unik med din egen logo! Perfekt for klubber, klinikker eller bedrifter som \u00f8nsker merkevarebygging p\u00e5 f\u00f8rstehjelpsutstyret sitt. <\/li>\n<li>Slitesterkt materiale: Vesken er slitesterk og enkel \u00e5 rengj\u00f8re, noe som gj\u00f8r den ideell for daglig bruk i krevende milj\u00f8er.<\/li>\n<li>Praktisk inndeling: Flere rom og lommer for enkel tilgang til og oppbevaring av f\u00f8rstehjelpsutstyr.<\/li>\n<\/ul>\n<p>Denne vesken er b\u00e5de robust og funksjonell, og s\u00f8rger for at du alltid har det utstyret du trenger lett tilgjengelig. Gj\u00f8r den personlig, eller bruk den som en p\u00e5litelig l\u00f8sning for profesjonelle behov. <\/p>\n<p><strong>Bestill n\u00e5 og v\u00e6r forberedt p\u00e5 alle situasjoner!<\/strong><\/p>\n","protected":false},"excerpt":{"rendered":"<p><strong>V\u00e6r klar for enhver situasjon med RehabMedic First Aid Bag - en romslig og praktisk veske som er designet for \u00e5 holde alt f\u00f8rstehjelpsutstyret ditt organisert og lett tilgjengelig. Vesken m\u00e5ler 40 x 20 x 20 cm og er det perfekte valget for idrettsklubber, klinikker eller privat bruk. F\u00e5 din egen klubb- eller klinikklogo p\u00e5 vesken  <\/strong><\/p>\n","protected":false},"featured_media":81175,"comment_status":"closed","ping_status":"closed","template":"","meta":{"_acf_changed":false},"product_brand":[],"product_cat":[1942,1937,1943,1941],"product_tag":[1944],"class_list":{"0":"post-81173","1":"product","2":"type-product","3":"status-publish","4":"has-post-thumbnail","6":"product_cat-foerstehjelp","7":"product_cat-merkevarer","8":"product_cat-rehabmedic-no","9":"product_cat-rekonvalesens-og-sportspleie","10":"product_tag-rehabmedic-no","12":"first","13":"instock","14":"taxable","15":"shipping-taxable","16":"purchasable","17":"product-type-simple"},"acf":[],"_links":{"self":[{"href":"https:\/\/fysiolab.dk\/no\/wp-json\/wp\/v2\/product\/81173","targetHints":{"allow":["GET"]}}],"collection":[{"href":"https:\/\/fysiolab.dk\/no\/wp-json\/wp\/v2\/product"}],"about":[{"href":"https:\/\/fysiolab.dk\/no\/wp-json\/wp\/v2\/types\/product"}],"replies":[{"embeddable":true,"href":"https:\/\/fysiolab.dk\/no\/wp-json\/wp\/v2\/comments?post=81173"}],"wp:featuredmedia":[{"embeddable":true,"href":"https:\/\/fysiolab.dk\/no\/wp-json\/wp\/v2\/media\/81175"}],"wp:attachment":[{"href":"https:\/\/fysiolab.dk\/no\/wp-json\/wp\/v2\/media?parent=81173"}],"wp:term":[{"taxonomy":"product_brand","embeddable":true,"href":"https:\/\/fysiolab.dk\/no\/wp-json\/wp\/v2\/product_brand?post=81173"},{"taxonomy":"product_cat","embeddable":true,"href":"https:\/\/fysiolab.dk\/no\/wp-json\/wp\/v2\/product_cat?post=81173"},{"taxonomy":"product_tag","embeddable":true,"href":"https:\/\/fysiolab.dk\/no\/wp-json\/wp\/v2\/product_tag?post=81173"}],"curies":[{"name":"wp","href":"https:\/\/api.w.org\/{rel}","templated":true}]}}