{"id":81174,"date":"2024-12-22T22:26:27","date_gmt":"2024-12-22T21:26:27","guid":{"rendered":"https:\/\/fysiolab.dk\/product\/rehabmedic-arganolje-100-noeytral-125-ml\/"},"modified":"2025-12-18T09:20:59","modified_gmt":"2025-12-18T08:20:59","slug":"rehabmedic-arganolje-100-noeytral-125-ml","status":"publish","type":"product","link":"https:\/\/fysiolab.dk\/no\/product\/rehabmedic-arganolje-100-noeytral-125-ml\/","title":{"rendered":"RehabMedic Arganolje 100 % n\u00f8ytral 125 ml"},"content":{"rendered":"<p><strong>RehabMedic Arganolje 100 % n\u00f8ytral - 125 ml<\/strong><\/p>\n<p>RehabMedic Argan Oil er en luksuri\u00f8s, 100 % ren og n\u00f8ytral olje som er kjent for sine fuktighetsgivende og n\u00e6rende egenskaper. Denne oljen utvinnes fra de fineste argankjernene og er ideell for b\u00e5de hud- og h\u00e5rpleie. <\/p>\n<p>Med sin n\u00f8ytrale formel passer oljen til alle hudtyper - ogs\u00e5 sensitiv hud - og kan brukes som en del av den daglige skj\u00f8nnhetsrutinen. Den trekker raskt inn uten \u00e5 fete, og etterlater huden silkemyk og gjennomfuktet. Bruk den til massasje, som fuktighetskrem eller som en n\u00e6rende h\u00e5rkur for \u00e5 styrke og gjenoppbygge t\u00f8rt og skadet h\u00e5r.  <\/p>\n<p><strong>Fordeler:<\/strong><\/p>\n<ul>\n<li>100 % ren og naturlig arganolje<\/li>\n<li>Fuktighetsgivende og n\u00e6rende egenskaper<\/li>\n<li>Passer for alle hudtyper, inkludert sensitiv hud<\/li>\n<li>Perfekt for hudpleie, massasje og h\u00e5rpleie<\/li>\n<li>Absorberes raskt uten \u00e5 virke fetende<\/li>\n<\/ul>\n<p><strong>Innhold:<\/strong><br \/>\n125 ml praktisk og holdbar flaske for lang holdbarhet.<\/p>\n<p>P\u00e5f\u00f8ring<strong>:<\/strong><br \/>\nP\u00e5f\u00f8r noen dr\u00e5per olje direkte p\u00e5 huden eller i h\u00e5ret. Masser forsiktig inn for optimal absorpsjon. Kan brukes daglig etter behov.  <\/p>\n<p><strong>Unn deg selv den naturlige pleien huden og h\u00e5ret ditt fortjener med RehabMedic Argan Oil.<\/strong><\/p>\n","protected":false},"excerpt":{"rendered":"<p><strong>RehabMedic Argan Oil er en luksuri\u00f8s, 100 % ren og n\u00f8ytral olje som er kjent for sine fuktighetsgivende og n\u00e6rende egenskaper. Denne oljen utvinnes fra de fineste argankjernene og er ideell for b\u00e5de hud- og h\u00e5rpleie. <\/strong><\/p>\n","protected":false},"featured_media":81177,"comment_status":"closed","ping_status":"closed","template":"","meta":{"_acf_changed":false},"product_brand":[],"product_cat":[1948,2397,2401,1937,1943,1941],"product_tag":[1944],"class_list":{"0":"post-81174","1":"product","2":"type-product","3":"status-publish","4":"has-post-thumbnail","6":"product_cat-klinikk","7":"product_cat-kremer-og-oljer","8":"product_cat-massasjekrem-og-olje","9":"product_cat-merkevarer","10":"product_cat-rehabmedic-no","11":"product_cat-rekonvalesens-og-sportspleie","12":"product_tag-rehabmedic-no","14":"first","15":"instock","16":"taxable","17":"shipping-taxable","18":"purchasable","19":"product-type-simple"},"acf":[],"_links":{"self":[{"href":"https:\/\/fysiolab.dk\/no\/wp-json\/wp\/v2\/product\/81174","targetHints":{"allow":["GET"]}}],"collection":[{"href":"https:\/\/fysiolab.dk\/no\/wp-json\/wp\/v2\/product"}],"about":[{"href":"https:\/\/fysiolab.dk\/no\/wp-json\/wp\/v2\/types\/product"}],"replies":[{"embeddable":true,"href":"https:\/\/fysiolab.dk\/no\/wp-json\/wp\/v2\/comments?post=81174"}],"wp:featuredmedia":[{"embeddable":true,"href":"https:\/\/fysiolab.dk\/no\/wp-json\/wp\/v2\/media\/81177"}],"wp:attachment":[{"href":"https:\/\/fysiolab.dk\/no\/wp-json\/wp\/v2\/media?parent=81174"}],"wp:term":[{"taxonomy":"product_brand","embeddable":true,"href":"https:\/\/fysiolab.dk\/no\/wp-json\/wp\/v2\/product_brand?post=81174"},{"taxonomy":"product_cat","embeddable":true,"href":"https:\/\/fysiolab.dk\/no\/wp-json\/wp\/v2\/product_cat?post=81174"},{"taxonomy":"product_tag","embeddable":true,"href":"https:\/\/fysiolab.dk\/no\/wp-json\/wp\/v2\/product_tag?post=81174"}],"curies":[{"name":"wp","href":"https:\/\/api.w.org\/{rel}","templated":true}]}}