{"id":81178,"date":"2024-12-03T19:39:52","date_gmt":"2024-12-03T18:39:52","guid":{"rendered":"https:\/\/fysiolab.dk\/product\/rehabmedic-haand-og-fingertrener\/"},"modified":"2025-12-18T09:21:00","modified_gmt":"2025-12-18T08:21:00","slug":"rehabmedic-haand-og-fingertrener","status":"publish","type":"product","link":"https:\/\/fysiolab.dk\/no\/product\/rehabmedic-haand-og-fingertrener\/","title":{"rendered":"RehabMedic H\u00e5nd- og fingertrener"},"content":{"rendered":"<div id=\":ot\">\n<div class=\"wl4W9b\"><strong>RehabMedic H\u00e5nd- og fingertrener<\/strong><\/div>\n<\/div>\n<div class=\"\">\n<div id=\":ov\" class=\"ii gt\">\n<div id=\":ou\" class=\"a3s aiL \">\n<div dir=\"auto\">\n<p>Styrk hender og fingre med RehabMedic Hand and Finger Trainer - det perfekte verkt\u00f8yet for rehabilitering, forebygging og styrketrening. Enten du er ute etter sk\u00e5nsom trening eller h\u00f8y motstand, finnes det en variant som passer dine behov. Denne treneren er utviklet for \u00e5 forbedre gripestyrke, fingerferdighet og h\u00e5ndkoordinasjon.  <\/p>\n<p><strong>Fordeler:<\/strong><\/p>\n<ul>\n<li>Ideell for rehabilitering av skader, idrettstrening eller daglig styrkevedlikehold.<\/li>\n<li>Ergonomisk design som ligger godt i h\u00e5nden.<\/li>\n<li>Slitesterkt og lett materiale - perfekt for bruk hjemme eller p\u00e5 farten.<\/li>\n<\/ul>\n<p><strong>Motstandsniv\u00e5er og farger:<\/strong><\/p>\n<ul>\n<li>Gul: Ekstra lett motstand (0,7 kg) - perfekt for nybegynnere og sk\u00e5nsom rehabilitering.<\/li>\n<li>R\u00f8d: Lett motstand (1,4 kg) - egnet for \u00e5 bygge kjernestyrke.<\/li>\n<li>Gr\u00f8nn: Middels motstand (2,3 kg) - balansert trening for styrke og utholdenhet.<\/li>\n<li>Bl\u00e5 farge: Sterk motstand (3,2 kg) - for deg som vil ha en utfordring.<\/li>\n<li>Svart: Ekstra sterk motstand (4,1 kg) - maksimal motstand for intensiv trening.<\/li>\n<\/ul>\n<p><strong>Finn din perfekte motstand og gjenoppdag kraften i hendene dine. Legg i handlekurven i dag! <\/strong><\/p>\n<\/div>\n<\/div>\n<\/div>\n<\/div>\n","protected":false},"excerpt":{"rendered":"<p><strong>Styrk hender og fingre med RehabMedic Hand and Finger Trainer - det perfekte verkt\u00f8yet for rehabilitering, forebygging og styrketrening. Enten du er ute etter sk\u00e5nsom trening eller h\u00f8y motstand, finnes det en variant som passer dine behov. Denne treneren er utviklet for \u00e5 forbedre gripestyrke, fingerferdighet og h\u00e5ndkoordinasjon.  <\/strong><\/p>\n","protected":false},"featured_media":81186,"comment_status":"closed","ping_status":"closed","template":"","meta":{"_acf_changed":false},"product_brand":[],"product_cat":[2237,2238,1948,1937,1943,1945],"product_tag":[1944],"class_list":{"0":"post-81178","1":"product","2":"type-product","3":"status-publish","4":"has-post-thumbnail","6":"product_cat-haand-og-fingertrening","7":"product_cat-haand-og-fingertrening-no","8":"product_cat-klinikk","9":"product_cat-merkevarer","10":"product_cat-rehabmedic-no","11":"product_cat-treningsutstyr","12":"product_tag-rehabmedic-no","14":"first","15":"instock","16":"taxable","17":"shipping-taxable","18":"purchasable","19":"product-type-variable"},"acf":[],"_links":{"self":[{"href":"https:\/\/fysiolab.dk\/no\/wp-json\/wp\/v2\/product\/81178","targetHints":{"allow":["GET"]}}],"collection":[{"href":"https:\/\/fysiolab.dk\/no\/wp-json\/wp\/v2\/product"}],"about":[{"href":"https:\/\/fysiolab.dk\/no\/wp-json\/wp\/v2\/types\/product"}],"replies":[{"embeddable":true,"href":"https:\/\/fysiolab.dk\/no\/wp-json\/wp\/v2\/comments?post=81178"}],"wp:featuredmedia":[{"embeddable":true,"href":"https:\/\/fysiolab.dk\/no\/wp-json\/wp\/v2\/media\/81186"}],"wp:attachment":[{"href":"https:\/\/fysiolab.dk\/no\/wp-json\/wp\/v2\/media?parent=81178"}],"wp:term":[{"taxonomy":"product_brand","embeddable":true,"href":"https:\/\/fysiolab.dk\/no\/wp-json\/wp\/v2\/product_brand?post=81178"},{"taxonomy":"product_cat","embeddable":true,"href":"https:\/\/fysiolab.dk\/no\/wp-json\/wp\/v2\/product_cat?post=81178"},{"taxonomy":"product_tag","embeddable":true,"href":"https:\/\/fysiolab.dk\/no\/wp-json\/wp\/v2\/product_tag?post=81178"}],"curies":[{"name":"wp","href":"https:\/\/api.w.org\/{rel}","templated":true}]}}