{"id":81218,"date":"2024-12-21T16:27:58","date_gmt":"2024-12-21T15:27:58","guid":{"rendered":"https:\/\/fysiolab.dk\/product\/rehabmedic-treningsmatte\/"},"modified":"2025-12-18T09:20:59","modified_gmt":"2025-12-18T08:20:59","slug":"rehabmedic-treningsmatte","status":"publish","type":"product","link":"https:\/\/fysiolab.dk\/no\/product\/rehabmedic-treningsmatte\/","title":{"rendered":"RehabMedic Treningsmatte"},"content":{"rendered":"<p><strong>RehabMedic treningsmatte - komfort og stabilitet i toppklasse<\/strong><\/p>\n<p>RehabMedic treningsmatte er designet for \u00e5 gi deg optimal komfort og st\u00f8tte under treningen. Med sin robuste kvalitet og praktiske st\u00f8rrelse egner den seg for fitness, yoga, pilates og rehabilitering. F\u00e5s ogs\u00e5 med maljer som gj\u00f8r det mulig \u00e5 henge den opp for enkel oppbevaring p\u00e5 klinikken eller i treningsrommet.  <\/p>\n<p><strong>Funksjoner:<\/strong><\/p>\n<ul>\n<li>St\u00f8rrelse: <strong>185 x 70 x 1 cm<\/strong> - ekstra bred og lang for maksimal bevegelsesfrihet.<\/li>\n<li>Farger: Finnes i stilig r\u00f8d eller klassisk svart, slik at du kan velge den som passer best til din stil.<\/li>\n<li>Materiale: Slitesterkt og sklisikkert materiale som sikrer stabilitet p\u00e5 alle underlag.<\/li>\n<\/ul>\n<p><strong>Fordeler:<\/strong><\/p>\n<ul>\n<li>Komfortabel trening: 1 cm tykkelse gir perfekt polstring og beskytter ledd og muskler.<\/li>\n<li>Allsidig bruk: Ideell til alt fra yoga og pilates til styrketrening og rehabilitering.<\/li>\n<li>Lett \u00e5 rengj\u00f8re: Vannavvisende overflate som gj\u00f8r det enkelt \u00e5 holde matten hygienisk.<\/li>\n<\/ul>\n<p><strong>Ta treningen din til neste niv\u00e5 med RehabMedic treningsmatte. Den perfekte kombinasjonen av komfort, funksjonalitet og stil! <\/strong><\/p>\n","protected":false},"excerpt":{"rendered":"<p><strong>RehabMedic treningsmatte er designet for \u00e5 gi deg optimal komfort og st\u00f8tte under treningen. Med sin robuste kvalitet og praktiske st\u00f8rrelse egner den seg for fitness, yoga, pilates og rehabilitering. Tilgjengelig i fargene r\u00f8d og svart. F\u00e5s ogs\u00e5 med maljer for oppheng, slik at du kan holde orden p\u00e5 klinikken eller treningsrommet.    <\/strong><\/p>\n","protected":false},"featured_media":81224,"comment_status":"closed","ping_status":"closed","template":"","meta":{"_acf_changed":false},"product_brand":[],"product_cat":[1948,1937,2535,1943,2228,2230,1945,2532],"product_tag":[1944],"class_list":{"0":"post-81218","1":"product","2":"type-product","3":"status-publish","4":"has-post-thumbnail","6":"product_cat-klinikk","7":"product_cat-merkevarer","8":"product_cat-pilates-no","9":"product_cat-rehabmedic-no","10":"product_cat-treningsmatter","11":"product_cat-treningsmatter-no","12":"product_cat-treningsutstyr","13":"product_cat-yoga-no","14":"product_tag-rehabmedic-no","16":"first","17":"instock","18":"taxable","19":"shipping-taxable","20":"purchasable","21":"product-type-variable"},"acf":[],"_links":{"self":[{"href":"https:\/\/fysiolab.dk\/no\/wp-json\/wp\/v2\/product\/81218","targetHints":{"allow":["GET"]}}],"collection":[{"href":"https:\/\/fysiolab.dk\/no\/wp-json\/wp\/v2\/product"}],"about":[{"href":"https:\/\/fysiolab.dk\/no\/wp-json\/wp\/v2\/types\/product"}],"replies":[{"embeddable":true,"href":"https:\/\/fysiolab.dk\/no\/wp-json\/wp\/v2\/comments?post=81218"}],"wp:featuredmedia":[{"embeddable":true,"href":"https:\/\/fysiolab.dk\/no\/wp-json\/wp\/v2\/media\/81224"}],"wp:attachment":[{"href":"https:\/\/fysiolab.dk\/no\/wp-json\/wp\/v2\/media?parent=81218"}],"wp:term":[{"taxonomy":"product_brand","embeddable":true,"href":"https:\/\/fysiolab.dk\/no\/wp-json\/wp\/v2\/product_brand?post=81218"},{"taxonomy":"product_cat","embeddable":true,"href":"https:\/\/fysiolab.dk\/no\/wp-json\/wp\/v2\/product_cat?post=81218"},{"taxonomy":"product_tag","embeddable":true,"href":"https:\/\/fysiolab.dk\/no\/wp-json\/wp\/v2\/product_tag?post=81218"}],"curies":[{"name":"wp","href":"https:\/\/api.w.org\/{rel}","templated":true}]}}