{"id":81219,"date":"2024-11-30T22:08:38","date_gmt":"2024-11-30T21:08:38","guid":{"rendered":"https:\/\/fysiolab.dk\/product\/rehabmedic-farget-sportstape\/"},"modified":"2025-12-18T09:21:00","modified_gmt":"2025-12-18T08:21:00","slug":"rehabmedic-farget-sportstape","status":"publish","type":"product","link":"https:\/\/fysiolab.dk\/no\/product\/rehabmedic-farget-sportstape\/","title":{"rendered":"RehabMedic farget sportstape"},"content":{"rendered":"<p><strong>RehabMedic farget sportstape - 3,75 cm x 10 m MERK 2 stk. i pakken<\/strong><\/p>\n<p><strong>Sterk og p\u00e5litelig sportsteip for st\u00f8tte og beskyttelse<\/strong><\/p>\n<p>RehabMedic Coloured Sports Tape er en allsidig og slitesterk tape som gir optimal st\u00f8tte og beskyttelse for ledd, muskler og sener under idrett og fysisk aktivitet. Teipen er enkel \u00e5 sette p\u00e5, sitter godt p\u00e5 huden og kan brukes til skadeforebygging eller som en del av rehabiliteringen. Finnes i flere sterke farger for et personlig og profesjonelt utseende.  <\/p>\n<p><strong>Farger<\/strong><\/p>\n<ul>\n<li>Bl\u00e5 farge<\/li>\n<li>R\u00f8d farge<\/li>\n<li>Lys rosa<\/li>\n<li>Hvit farge<\/li>\n<li>Gul<\/li>\n<li>Gr\u00f8nn farge<\/li>\n<li>Oransje<\/li>\n<li>Variasjon<\/li>\n<\/ul>\n<p><strong>Funksjoner<\/strong><\/p>\n<ul>\n<li>M\u00e5l: 3,75 cm x 10 m - ideell bredde og lengde for ulike teipteknikker.<\/li>\n<li>Materiale: Sterkt, men fleksibelt bomullsmateriale med et hudvennlig klebemiddel.<\/li>\n<li>God vedheft: Holder godt fast under aktivitet og kan enkelt fjernes uten \u00e5 irritere huden.<\/li>\n<\/ul>\n<p><strong>Fordeler og fordeler<\/strong><\/p>\n<ul>\n<li>Gir stabilitet til ledd og muskler under idrett og trening.<\/li>\n<li>Forebygger skader som forstuinger og forstrekninger.<\/li>\n<li>Kan brukes til \u00e5 st\u00f8tte ankler, kn\u00e6r, h\u00e5ndledd, fingre og andre omr\u00e5der.<\/li>\n<li>Flotte farger som gj\u00f8r at du kan matche lagets farger eller din personlige stil.<\/li>\n<\/ul>\n<p><strong>Slik bruker du sportsteipen<\/strong><\/p>\n<ol>\n<li>Rengj\u00f8r og t\u00f8rk huden f\u00f8r du setter p\u00e5 teipen for optimal heft.<\/li>\n<li>Klipp tapen til \u00f8nsket lengde, og legg den p\u00e5 med \u00f8nsket spenningsniv\u00e5.<\/li>\n<li>Fjern forsiktig etter bruk for \u00e5 unng\u00e5 irritasjon.<\/li>\n<\/ol>\n<p><strong>RehabMedic Coloured Sports Tape er det perfekte valget for b\u00e5de profesjonelle og amat\u00f8rer som \u00f8nsker p\u00e5litelig st\u00f8tte og et stilig utseende.<\/strong><\/p>\n","protected":false},"excerpt":{"rendered":"<p><strong>RehabMedic Coloured Sports Tape 2pcs er en allsidig og slitesterk tape som gir optimal st\u00f8tte og beskyttelse for ledd, muskler og sener under idrett og fysisk aktivitet. Teipen er enkel \u00e5 sette p\u00e5, sitter godt p\u00e5 huden og kan brukes for \u00e5 forebygge skader eller som en del av rehabiliteringen. Finnes i flere sterke farger for et personlig og profesjonelt utseende.  <\/strong><\/p>\n<p>&nbsp;<\/p>\n","protected":false},"featured_media":81240,"comment_status":"closed","ping_status":"closed","template":"","meta":{"_acf_changed":false},"product_brand":[],"product_cat":[1948,1937,1943,1941,2440,2087],"product_tag":[1944],"class_list":{"0":"post-81219","1":"product","2":"type-product","3":"status-publish","4":"has-post-thumbnail","6":"product_cat-klinikk","7":"product_cat-merkevarer","8":"product_cat-rehabmedic-no","9":"product_cat-rekonvalesens-og-sportspleie","10":"product_cat-sportsteip","11":"product_cat-tape-no-2","12":"product_tag-rehabmedic-no","14":"first","15":"outofstock","16":"taxable","17":"shipping-taxable","18":"product-type-variable"},"acf":[],"_links":{"self":[{"href":"https:\/\/fysiolab.dk\/no\/wp-json\/wp\/v2\/product\/81219","targetHints":{"allow":["GET"]}}],"collection":[{"href":"https:\/\/fysiolab.dk\/no\/wp-json\/wp\/v2\/product"}],"about":[{"href":"https:\/\/fysiolab.dk\/no\/wp-json\/wp\/v2\/types\/product"}],"replies":[{"embeddable":true,"href":"https:\/\/fysiolab.dk\/no\/wp-json\/wp\/v2\/comments?post=81219"}],"wp:featuredmedia":[{"embeddable":true,"href":"https:\/\/fysiolab.dk\/no\/wp-json\/wp\/v2\/media\/81240"}],"wp:attachment":[{"href":"https:\/\/fysiolab.dk\/no\/wp-json\/wp\/v2\/media?parent=81219"}],"wp:term":[{"taxonomy":"product_brand","embeddable":true,"href":"https:\/\/fysiolab.dk\/no\/wp-json\/wp\/v2\/product_brand?post=81219"},{"taxonomy":"product_cat","embeddable":true,"href":"https:\/\/fysiolab.dk\/no\/wp-json\/wp\/v2\/product_cat?post=81219"},{"taxonomy":"product_tag","embeddable":true,"href":"https:\/\/fysiolab.dk\/no\/wp-json\/wp\/v2\/product_tag?post=81219"}],"curies":[{"name":"wp","href":"https:\/\/api.w.org\/{rel}","templated":true}]}}