{"id":81241,"date":"2024-12-21T16:14:29","date_gmt":"2024-12-21T15:14:29","guid":{"rendered":"https:\/\/fysiolab.dk\/product\/rehabmedic-treningselastikk-uten-lateks\/"},"modified":"2025-12-18T09:20:59","modified_gmt":"2025-12-18T08:20:59","slug":"rehabmedic-treningselastikk-uten-lateks","status":"publish","type":"product","link":"https:\/\/fysiolab.dk\/no\/product\/rehabmedic-treningselastikk-uten-lateks\/","title":{"rendered":"RehabMedic Treningselastikk uten lateks"},"content":{"rendered":"<p><strong>RehabMedic Treningsstrikk - lateksfri og effektiv trening<\/strong><\/p>\n<p>RehabMedic treningsb\u00e5nd er den perfekte l\u00f8sningen for deg som \u00f8nsker en fleksibel og allergivennlig treningspartner. Disse gummistrikkene er lateksfrie, noe som gj\u00f8r dem ideelle for personer med lateksallergi eller sensitiv hud. <\/p>\n<p><strong>Tilgjengelige lengder og bredder:<\/strong><\/p>\n<ul>\n<li>Lengder: 5,5 meter eller 23 meter, enkelt \u00e5 klippe til \u00f8nsket lengde.<\/li>\n<li>Bredde: 15 cm - optimal for komfort og stabilitet under trening.<\/li>\n<\/ul>\n<p><strong>Velg mellom fire ulike styrker for \u00e5 tilpasse treningsniv\u00e5et ditt:<\/strong><\/p>\n<ul>\n<li>Oransje (lett): Perfekt for rehabilitering og nybegynnere.<\/li>\n<li>Lime (Medium): For moderat trening og lett styrkeoppbygging.<\/li>\n<li>Bl\u00e5 (Strong): Ideell for intensiv trening og muskelbygging (kun tilgjengelig i 23m) <\/li>\n<li>Lilla (ekstra sterk): For avanserte brukere og maksimal motstand.<\/li>\n<\/ul>\n<p><strong>Fordeler:<\/strong><\/p>\n<ul>\n<li>Egnet for rehabilitering, styrketrening og bevegelighets\u00f8velser.<\/li>\n<li>Enkel \u00e5 ta med seg overalt - perfekt for hjemmetrening, p\u00e5 treningssenteret eller p\u00e5 farten.<\/li>\n<li>Slitesterk og lateksfri kvalitet for lang levetid og komfort.<\/li>\n<\/ul>\n<p><strong>Bestill ditt RehabMedic treningsb\u00e5nd i dag og opplev en allsidig og sk\u00e5nsom treningsopplevelse!<\/strong><\/p>\n","protected":false},"excerpt":{"rendered":"<p><strong>RehabMedic treningsb\u00e5nd er den perfekte l\u00f8sningen for deg som \u00f8nsker en fleksibel og allergivennlig treningspartner. Disse elastiske b\u00e5ndene er lateksfrie, noe som gj\u00f8r dem ideelle for personer med lateksallergi eller sensitiv hud. Tilgjengelig i lengdene: 5,5 m og 23 m  <\/strong><\/p>\n","protected":false},"featured_media":81257,"comment_status":"closed","ping_status":"closed","template":"","meta":{"_acf_changed":false},"product_brand":[],"product_cat":[1948,1937,1943,2217],"product_tag":[1944],"class_list":{"0":"post-81241","1":"product","2":"type-product","3":"status-publish","4":"has-post-thumbnail","6":"product_cat-klinikk","7":"product_cat-merkevarer","8":"product_cat-rehabmedic-no","9":"product_cat-treningsbaand-no","10":"product_tag-rehabmedic-no","12":"first","13":"instock","14":"taxable","15":"shipping-taxable","16":"purchasable","17":"product-type-variable"},"acf":[],"_links":{"self":[{"href":"https:\/\/fysiolab.dk\/no\/wp-json\/wp\/v2\/product\/81241","targetHints":{"allow":["GET"]}}],"collection":[{"href":"https:\/\/fysiolab.dk\/no\/wp-json\/wp\/v2\/product"}],"about":[{"href":"https:\/\/fysiolab.dk\/no\/wp-json\/wp\/v2\/types\/product"}],"replies":[{"embeddable":true,"href":"https:\/\/fysiolab.dk\/no\/wp-json\/wp\/v2\/comments?post=81241"}],"wp:featuredmedia":[{"embeddable":true,"href":"https:\/\/fysiolab.dk\/no\/wp-json\/wp\/v2\/media\/81257"}],"wp:attachment":[{"href":"https:\/\/fysiolab.dk\/no\/wp-json\/wp\/v2\/media?parent=81241"}],"wp:term":[{"taxonomy":"product_brand","embeddable":true,"href":"https:\/\/fysiolab.dk\/no\/wp-json\/wp\/v2\/product_brand?post=81241"},{"taxonomy":"product_cat","embeddable":true,"href":"https:\/\/fysiolab.dk\/no\/wp-json\/wp\/v2\/product_cat?post=81241"},{"taxonomy":"product_tag","embeddable":true,"href":"https:\/\/fysiolab.dk\/no\/wp-json\/wp\/v2\/product_tag?post=81241"}],"curies":[{"name":"wp","href":"https:\/\/api.w.org\/{rel}","templated":true}]}}