{"id":81249,"date":"2024-11-30T20:20:32","date_gmt":"2024-11-30T19:20:32","guid":{"rendered":"https:\/\/fysiolab.dk\/product\/ergopad-saale-weightflex-2-bare-noen-faa-stoerrelser-igjen\/"},"modified":"2025-12-18T09:21:00","modified_gmt":"2025-12-18T08:21:00","slug":"ergopad-saale-weightflex-2-bare-noen-faa-stoerrelser-igjen","status":"publish","type":"product","link":"https:\/\/fysiolab.dk\/no\/product\/ergopad-saale-weightflex-2-bare-noen-faa-stoerrelser-igjen\/","title":{"rendered":"Ergopad-s\u00e5le Weightflex 2 (bare noen f\u00e5 st\u00f8rrelser igjen)"},"content":{"rendered":"<p>Ergopad Weightflex 2 er det nye fleksible og ultratynne innlegget som kan brukes i praktisk talt alle typer fott\u00f8y - til og med i sko der det normalt ikke er plass til et innlegg!<\/p>\n<p>F\u00f8tter er sv\u00e6rt forskjellige, og det samme kan sies om sko, med et stort utvalg av merker og modeller. De helt flate joggeskoene, de fotformede og de h\u00f8yh\u00e6lte, for bare \u00e5 nevne noen. <\/p>\n<p>Hvis du har fot- eller kneproblemer p\u00e5 grunn av utilstrekkelig st\u00f8tte under f\u00f8ttene, og du likevel foretrekker \u00e5 g\u00e5 i helt flate sko eller h\u00f8ye h\u00e6ler, kan Ergopad Weightflex v\u00e6re l\u00f8sningen for deg!<\/p>\n<p>Et innlegg med X-faktor.<\/p>\n<p>Ergopad Weightflex 2 fra tyske Bauerfeind er designet for \u00e5 kunne brukes i de fleste sko. Den nye s\u00e5len er bygget opp rundt en karakteristisk X i bunnen som etterligner fotens unike dynamiske diagonalfunksjon under b\u00e5de bevegelse og utvikling av kraft og stabilitet. <\/p>\n<p>Den unike kombinasjonen av en fleksibel h\u00e6l og forfot med et st\u00f8ttende og stabiliserende senter gj\u00f8r at du kan flytte innleggss\u00e5len til praktisk talt alle sko - med merkbar st\u00f8tte og komfort!<\/p>\n<p>Fysio-shop.dk anbefaler innlegget til:<\/p>\n<p>Personer som bruker joggesko eller andre lignende flate sko og trenger korrigering av fotbuen og komfortabel st\u00f8tte.<\/p>\n<p>Kvinner som bruker h\u00f8yh\u00e6lte sko til jobb, hverdag eller fest, og som \u00f8nsker \u00f8kt komfort, fotbuejustering og st\u00f8tte.<\/p>\n<p>For sykkelsko der du \u00f8nsker optimal komfort og st\u00f8tte for lange turer eller ekstra ytelse.<\/p>\n<p><b>Fordeler og fordeler<\/b><\/p>\n<p>ErgoPad weightflex 2 er etterf\u00f8lgeren til Bauerfeinds Weightflex-innsats. I likhet med forgjengeren best\u00e5r innlegget av en weightflex-kjerne med tre ulike grader av fleksibilitet: myk, medium og hard fj\u00e6ring. <\/p>\n<p>Dette gj\u00f8r at du kan justere graden av stabilisering etter indikasjon og kroppsvekt. Weightflex-kjernen er st\u00f8pt inn i PU-skum, noe som gir et tynt innlegg som passer til alle sko, for eksempel ballerinasko, pumps og joggesko. <\/p>\n<p>PU-skummet gir god demping og avlastning for foten.<\/p>\n<p>&nbsp;<\/p>\n<p><strong>Velge st\u00f8rrelse og kjernestyrke<\/strong><\/p>\n<p>Velg st\u00f8rrelsen p\u00e5 dine nye innleggss\u00e5ler basert p\u00e5 skost\u00f8rrelsen din i menyen til h\u00f8yre!<\/p>\n<p>Velg kjernestyrken p\u00e5 innleggene i henhold til vekten din:<\/p>\n<p>myk: opp til 70 kg<\/p>\n<p>medium: mellom 70 og 90 kg<\/p>\n<p>Sterk: over 90 kg<\/p>\n<p>&nbsp;<\/p>\n<p>Merk: Hvis du \u00f8nsker ekstra sterk st\u00f8tte, er det best \u00e5 velge en h\u00f8yere kjernestyrke.<\/p>\n<p>&nbsp;<\/p>\n<p><b>Rengj\u00f8ringstjenester<\/b><\/p>\n<p>Rengj\u00f8res med lunkent vann og mild s\u00e5pe. Luftt\u00f8rk Ikke utsett innlegget for direkte varme (solskinn, radiatorer osv.) <\/p>\n","protected":false},"excerpt":{"rendered":"<p>Ergopad Weightflex 2 er det nye fleksible og ultratynne innlegget som kan brukes i praktisk talt alle typer fott\u00f8y - til og med i sko der det normalt ikke er plass til et innlegg! F\u00f8tter er sv\u00e6rt forskjellige, og det samme kan sies om sko, med et stort utvalg av merker og modeller. De helt [&hellip;]<\/p>\n","protected":false},"featured_media":81262,"comment_status":"closed","ping_status":"closed","template":"","meta":{"_acf_changed":false},"product_brand":[],"product_cat":[2589,2354,2057,2588,2056,1937,1933,1994,2016],"product_tag":[2356],"class_list":{"0":"post-81249","1":"product","2":"type-product","3":"status-publish","4":"has-post-thumbnail","6":"product_cat-bauerfeind-saaler-no","7":"product_cat-bondetamp","8":"product_cat-flatfot","9":"product_cat-innersaaler","10":"product_cat-innsunket-forfot-no","11":"product_cat-merkevarer","12":"product_cat-skinner-og-stoetteskinner","13":"product_cat-sko-og-saaler-no","14":"product_cat-uttak","15":"product_tag-bondetamp","17":"first","18":"instock","19":"sale","20":"taxable","21":"shipping-taxable","22":"purchasable","23":"product-type-variable"},"acf":[],"_links":{"self":[{"href":"https:\/\/fysiolab.dk\/no\/wp-json\/wp\/v2\/product\/81249","targetHints":{"allow":["GET"]}}],"collection":[{"href":"https:\/\/fysiolab.dk\/no\/wp-json\/wp\/v2\/product"}],"about":[{"href":"https:\/\/fysiolab.dk\/no\/wp-json\/wp\/v2\/types\/product"}],"replies":[{"embeddable":true,"href":"https:\/\/fysiolab.dk\/no\/wp-json\/wp\/v2\/comments?post=81249"}],"wp:featuredmedia":[{"embeddable":true,"href":"https:\/\/fysiolab.dk\/no\/wp-json\/wp\/v2\/media\/81262"}],"wp:attachment":[{"href":"https:\/\/fysiolab.dk\/no\/wp-json\/wp\/v2\/media?parent=81249"}],"wp:term":[{"taxonomy":"product_brand","embeddable":true,"href":"https:\/\/fysiolab.dk\/no\/wp-json\/wp\/v2\/product_brand?post=81249"},{"taxonomy":"product_cat","embeddable":true,"href":"https:\/\/fysiolab.dk\/no\/wp-json\/wp\/v2\/product_cat?post=81249"},{"taxonomy":"product_tag","embeddable":true,"href":"https:\/\/fysiolab.dk\/no\/wp-json\/wp\/v2\/product_tag?post=81249"}],"curies":[{"name":"wp","href":"https:\/\/api.w.org\/{rel}","templated":true}]}}